{"id":113144,"date":"2025-01-16T00:00:00","date_gmt":"2025-01-15T23:00:00","guid":{"rendered":"http:\/\/gpl-love.com\/fr\/produit\/vodi-video-wordpress-theme-for-movies-and-tv-shows\/"},"modified":"2026-04-10T18:45:11","modified_gmt":"2026-04-10T16:45:11","slug":"vodi-video-wordpress-theme-for-movies-and-tv-shows","status":"publish","type":"product","link":"https:\/\/gpl-love.com\/fr\/produit\/vodi-video-wordpress-theme-for-movies-and-tv-shows\/","title":{"rendered":"Vodi Video WordPress Th\u00e8me pour Movies et TV Shows 1.2.13"},"content":{"rendered":"<h3>Vodi Video WordPress Th\u00e8me pour Movies et TV Shows Traits<\/h3>\n<p>Le th\u00e8me VODI Video WordPress pr\u00e9sente une solution id\u00e9ale et optimale pour les personnes cherchant \u00e0 \u00e9tablir une plate-forme en ligne professionnelle et captivante qui pr\u00e9sente efficacement des films et des \u00e9missions de t\u00e9l\u00e9vision. Ce th\u00e8me exceptionnel poss\u00e8de un design \u00e9l\u00e9gant et contemporain qui est non seulement visuellement attrayant mais \u00e9galement convivial, facilitant ainsi la navigation transparente \u00e0 travers le site. Que vous soyez un cin\u00e9aste ou un blogueur, ce th\u00e8me sert de voie exceptionnelle pour pr\u00e9senter vos efforts artistiques et attirer l&rsquo;attention que vous m\u00e9ritez \u00e0 juste titre. De plus, avec ses fonctionnalit\u00e9s de recherche et de filtrage robustes, les utilisateurs peuvent d\u00e9couvrir sans effort le contenu sp\u00e9cifique qu&rsquo;ils recherchent, tandis que la conception r\u00e9active garantit que votre site Web conserve son apparence remarquable sur divers appareils. Par cons\u00e9quent, si vous aspirez \u00e0 \u00e9tablir un site Web extraordinaire qui vous distingue efficacement au milieu du domaine satur\u00e9 des m\u00e9dias en ligne, le th\u00e8me VODI Video WordPress appara\u00eet comme le choix in\u00e9gal\u00e9.<\/p>\n<ul>\n<li>Un design \u00e9l\u00e9gant et moderne parfait pour afficher des films et des \u00e9missions de t\u00e9l\u00e9vision.<\/li>\n<li>Une disposition r\u00e9active qui a fi\u00e8re allure sur tous les appareils, y compris les ordinateurs de bureau, les tablettes et les smartphones.<\/li>\n<li>Une vari\u00e9t\u00e9 d&rsquo;options de personnalisation, y compris plusieurs mises en page et sch\u00e9mas de couleurs.<\/li>\n<li>Prise en charge int\u00e9gr\u00e9e pour les fichiers vid\u00e9o et audio, vous pouvez donc facilement t\u00e9l\u00e9charger et afficher votre contenu multim\u00e9dia.<\/li>\n<li>Options de recherche et de filtrage avanc\u00e9es, afin que les utilisateurs puissent facilement trouver le contenu qu&rsquo;ils recherchent.<\/li>\n<li>Plusieurs fa\u00e7ons d&rsquo;afficher votre contenu, y compris les listes, les grilles et les curseurs de carrousel.<\/li>\n<li>Int\u00e9gration avec des plugins WordPress populaires comme WooCommerce et Formulaire de contact &#8211;<\/li>\n<li>Documentation compl\u00e8te et \u00e9quipe d&rsquo;assistance utile pour vous aider avec toute question ou probl\u00e8me.<\/li>\n<\/ul>\n","protected":false},"excerpt":{"rendered":"<p>Si vous \u00eates \u00e0 la recherche d&rsquo;un th\u00e8me WordPress qui est sp\u00e9cifiquement con\u00e7u pour pr\u00e9senter des films et des \u00e9missions de t\u00e9l\u00e9vision sur votre site Web, votre recherche se termine par la vid\u00e9o VODI! Avec son interface conviviale et un design contemporain \u00e9l\u00e9gant, VODI Video simplifie le processus de cr\u00e9ation d&rsquo;un site Web visuellement attrayant qui est garanti de laisser une impression durable sur vos visiteurs. Que vous soyez un passionn\u00e9 de films z\u00e9l\u00e9, un fanatique de t\u00e9l\u00e9vision d\u00e9di\u00e9, ou simplement quelqu&rsquo;un qui souhaite pr\u00e9senter vos \u00e9missions pr\u00e9f\u00e9r\u00e9es sur votre site personnel, Vodi Video vous offre un ensemble complet d&rsquo;outils qui vous permettra d&rsquo;\u00e9tablir une pr\u00e9sence en ligne dynamique et captivante . Alors pourquoi en tarder davantage? Faites le pas et essayez la vid\u00e9o VODI aujourd&rsquo;hui, vous permettant de partager vos films et \u00e9missions de t\u00e9l\u00e9vision bien-aim\u00e9s avec le monde entier!<\/p>\n","protected":false},"featured_media":145730,"comment_status":"open","ping_status":"open","template":"","meta":[],"product_brand":[2433],"product_cat":[1242,1212,1213],"product_tag":[1366],"class_list":{"0":"post-113144","1":"product","2":"type-product","3":"status-publish","4":"has-post-thumbnail","6":"product_brand-themeforest","7":"product_cat-creatif","8":"product_cat-themes","9":"product_cat-wordpress-themes","10":"product_tag-themeforest","11":"member-discount","12":"discount-restricted","14":"first","15":"instock","16":"sale","17":"downloadable","18":"virtual","19":"sold-individually","20":"purchasable","21":"product-type-simple"},"_links":{"self":[{"href":"https:\/\/gpl-love.com\/fr\/wp-json\/wp\/v2\/product\/113144","targetHints":{"allow":["GET"]}}],"collection":[{"href":"https:\/\/gpl-love.com\/fr\/wp-json\/wp\/v2\/product"}],"about":[{"href":"https:\/\/gpl-love.com\/fr\/wp-json\/wp\/v2\/types\/product"}],"replies":[{"embeddable":true,"href":"https:\/\/gpl-love.com\/fr\/wp-json\/wp\/v2\/comments?post=113144"}],"wp:featuredmedia":[{"embeddable":true,"href":"https:\/\/gpl-love.com\/fr\/wp-json\/wp\/v2\/media\/145730"}],"wp:attachment":[{"href":"https:\/\/gpl-love.com\/fr\/wp-json\/wp\/v2\/media?parent=113144"}],"wp:term":[{"taxonomy":"product_brand","embeddable":true,"href":"https:\/\/gpl-love.com\/fr\/wp-json\/wp\/v2\/product_brand?post=113144"},{"taxonomy":"product_cat","embeddable":true,"href":"https:\/\/gpl-love.com\/fr\/wp-json\/wp\/v2\/product_cat?post=113144"},{"taxonomy":"product_tag","embeddable":true,"href":"https:\/\/gpl-love.com\/fr\/wp-json\/wp\/v2\/product_tag?post=113144"}],"curies":[{"name":"wp","href":"https:\/\/api.w.org\/{rel}","templated":true}]}}