{"id":113142,"date":"2024-10-04T00:00:00","date_gmt":"2024-10-03T22:00:00","guid":{"rendered":"http:\/\/gpl-love.com\/fr\/produit\/kera-fashion-elementor-woocommerce-theme\/"},"modified":"2026-03-20T23:21:30","modified_gmt":"2026-03-20T22:21:30","slug":"kera-fashion-elementor-woocommerce-theme","status":"publish","type":"product","link":"https:\/\/gpl-love.com\/fr\/produit\/kera-fashion-elementor-woocommerce-theme\/","title":{"rendered":"Kera Fashion Elementor WooCommerce Theme 1.2.16"},"content":{"rendered":"<h3>Kera Fashion Elementor WooCommerce Theme Traits<\/h3>\n<p>Le th\u00e8me WooCommerce de Kera Fashion Elementor se pr\u00e9sente comme une solution de commerce \u00e9lectronique sophistiqu\u00e9e et contemporaine sur mesure sp\u00e9cifiquement pour les d\u00e9taillants de mode. Son int\u00e9gration avec la plate-forme WooCommerce largement populaire, combin\u00e9e avec les fonctionnalit\u00e9s conviviales et transparentes du constructeur de page Elementor, fait un effort sans effort pour montrer vos produits et g\u00e9n\u00e9rer des ventes substantielles. Ce th\u00e8me offre une pl\u00e9thore de pages et de mod\u00e8les pr\u00e9-con\u00e7us, vous offrant ainsi la commodit\u00e9 d&rsquo;\u00e9tablir rapidement une boutique en ligne polie et professionnelle. De plus, il poss\u00e8de un en-t\u00eate et un pied de page enti\u00e8rement personnalisables, ainsi qu&rsquo;une gamme de widgets et de plugins qui servent \u00e0 augmenter la fonctionnalit\u00e9 globale de votre site Web. Peu importe que vous op\u00e9rez une petite boutique ou une entreprise de mode \u00e0 grande \u00e9chelle, le th\u00e8me de Kera Fashion Elementor WooCommerce est un choix exceptionnel pour tous ceux qui cherchent \u00e0 construire une boutique en ligne visuellement frappante et de premier ordre.<\/p>\n<ul>\n<li>Un th\u00e8me visuellement magnifique et moderne pour votre boutique de mode en ligne<\/li>\n<li>Construit sp\u00e9cifiquement pour une utilisation avec Elementor et WooCommerce, assurant une facilit\u00e9 de personnalisation et de fonctionnalit\u00e9<\/li>\n<li>Plusieurs mod\u00e8les de page pr\u00e9d\u00e9finis, y compris la page d&rsquo;accueil, la cat\u00e9gorie de produits, les d\u00e9tails du produit et les pages de paiement<\/li>\n<li>Conception enti\u00e8rement r\u00e9active, permettant \u00e0 votre site Web d&rsquo;avoir fi\u00e8re allure sur n&rsquo;importe quel appareil<\/li>\n<li>Optimis\u00e9 pour les classements des moteurs de recherche, aidant les clients potentiels \u00e0 trouver votre magasin plus facilement<\/li>\n<li>Int\u00e9gration avec des plugins tiers populaires, tels que Yoast SEO et MailChimp pour le marketing par e-mail<\/li>\n<li>Widgets personnalisables de la newsletter et du compte \u00e0 rebours des widgets pour augmenter les taux de conversion<\/li>\n<li>Fonction de vue rapide du produit int\u00e9gr\u00e9 pour une exp\u00e9rience de magasinage transparente<\/li>\n<li>Options avanc\u00e9es de filtrage des produits, permettant aux clients de trouver facilement les produits sp\u00e9cifiques qu&rsquo;ils recherchent<\/li>\n<li>Int\u00e9gration avec plusieurs options de paiement, telles que PayPal et Stripe, pour des transactions pratiques et s\u00e9curis\u00e9es.<\/li>\n<\/ul>\n","protected":false},"excerpt":{"rendered":"<p>Le th\u00e8me WooCommerce de Kera Fashion Elementor se distingue comme un th\u00e8me robuste et visuellement captivant con\u00e7u pour r\u00e9pondre aux besoins des magasins de mode et de v\u00eatements. Int\u00e9grant de mani\u00e8re transparente le constructeur de page Elementor et WooCommerce, ce th\u00e8me offre une vaste gamme d&rsquo;options de personnalisation, offrant aux utilisateurs la libert\u00e9 de g\u00e9rer des vitrines en ligne \u00e0 couper le souffle. En outre, il poss\u00e8de un assortiment de mod\u00e8les de pages pr\u00e9-con\u00e7us et d&rsquo;\u00e9l\u00e9ments \u00e9l\u00e9gants, permettant m\u00eame aux utilisateurs novices de fa\u00e7onner sans effort un magasin d\u00e9gageant de professionnalisme en quelques minutes. Sans aucun doute, le th\u00e8me de Kera Fashion Elementor WooCommerce sert de solution ultime pour les personnes cherchant \u00e0 \u00e9lever leur magasin de d\u00e9tail de mode \u00e0 de nouveaux sommets.<\/p>\n","protected":false},"featured_media":144310,"comment_status":"open","ping_status":"open","template":"","meta":[],"product_brand":[2433],"product_cat":[1238,1444,1212],"product_tag":[1366],"class_list":{"0":"post-113142","1":"product","2":"type-product","3":"status-publish","4":"has-post-thumbnail","6":"product_brand-themeforest","7":"product_cat-commerce-electronique-themes","8":"product_cat-creatif-commerce-electronique-themes","9":"product_cat-themes","10":"product_tag-themeforest","11":"member-discount","12":"discount-restricted","14":"first","15":"instock","16":"sale","17":"downloadable","18":"virtual","19":"sold-individually","20":"purchasable","21":"product-type-simple"},"_links":{"self":[{"href":"https:\/\/gpl-love.com\/fr\/wp-json\/wp\/v2\/product\/113142","targetHints":{"allow":["GET"]}}],"collection":[{"href":"https:\/\/gpl-love.com\/fr\/wp-json\/wp\/v2\/product"}],"about":[{"href":"https:\/\/gpl-love.com\/fr\/wp-json\/wp\/v2\/types\/product"}],"replies":[{"embeddable":true,"href":"https:\/\/gpl-love.com\/fr\/wp-json\/wp\/v2\/comments?post=113142"}],"wp:featuredmedia":[{"embeddable":true,"href":"https:\/\/gpl-love.com\/fr\/wp-json\/wp\/v2\/media\/144310"}],"wp:attachment":[{"href":"https:\/\/gpl-love.com\/fr\/wp-json\/wp\/v2\/media?parent=113142"}],"wp:term":[{"taxonomy":"product_brand","embeddable":true,"href":"https:\/\/gpl-love.com\/fr\/wp-json\/wp\/v2\/product_brand?post=113142"},{"taxonomy":"product_cat","embeddable":true,"href":"https:\/\/gpl-love.com\/fr\/wp-json\/wp\/v2\/product_cat?post=113142"},{"taxonomy":"product_tag","embeddable":true,"href":"https:\/\/gpl-love.com\/fr\/wp-json\/wp\/v2\/product_tag?post=113142"}],"curies":[{"name":"wp","href":"https:\/\/api.w.org\/{rel}","templated":true}]}}