{"id":113140,"date":"2023-01-13T00:00:00","date_gmt":"2023-01-12T23:00:00","guid":{"rendered":"http:\/\/gpl-love.com\/fr\/produit\/startnext-it-startups-and-digital-services-wordpress-theme\/"},"modified":"2026-04-10T18:40:28","modified_gmt":"2026-04-10T16:40:28","slug":"startnext-it-startups-and-digital-services-wordpress-theme","status":"publish","type":"product","link":"https:\/\/gpl-love.com\/fr\/produit\/startnext-it-startups-and-digital-services-wordpress-theme\/","title":{"rendered":"StartNext IT Startups et Digital Services WordPress Theme 4.9.0"},"content":{"rendered":"<h3>StartNext IT Startups et Digital Services WordPress Theme Traits<\/h3>\n<p>StartNext IT Startups and Digital Services WordPress Th\u00e8me, qui est un th\u00e8me tr\u00e8s polyvalent et enti\u00e8rement r\u00e9actif, a \u00e9t\u00e9 sp\u00e9cifiquement con\u00e7u pour les entreprises de l&rsquo;industrie, des startups et des fournisseurs de services num\u00e9riques ax\u00e9s sur la technologie. Ce th\u00e8me fournit non seulement un design visuellement attrayant, mais offre \u00e9galement une large gamme d&rsquo;options de personnalisation, ce qui en fait un choix vraiment exceptionnel. Il dispose d&rsquo;un constructeur de pages glisser-d\u00e9poser robuste qui vous permet de concevoir et de personnaliser sans effort votre site Web en fonction de vos pr\u00e9f\u00e9rences. En outre, ce th\u00e8me comprend des fonctionnalit\u00e9s avanc\u00e9es comme un en-t\u00eate collant, un mega menu, un importateur de d\u00e9monstration en un clic et des dispositions de pieds multiples, ce qui ajoute \u00e0 son attrait et \u00e0 ses fonctionnalit\u00e9s globales. Sans oublier, le th\u00e8me WordPress des startups et services num\u00e9riques de startNext est optimis\u00e9 pour la vitesse et le r\u00e9f\u00e9rencement, garantissant un classement plus \u00e9lev\u00e9 sur les moteurs de recherche et les performances optimales. En conclusion, si vous \u00eates une entreprise qui cherche \u00e0 \u00e9tablir une pr\u00e9sence en ligne pro\u00e9minente et \u00e0 attirer une client\u00e8le plus grande, ce th\u00e8me est l&rsquo;option id\u00e9ale pour vous.<\/p>\n<ul>\n<li>Parfait pour les startups et services num\u00e9riques<\/li>\n<li>Facile \u00e0 personnaliser et \u00e0 utiliser<\/li>\n<li>10+ d\u00e9mos pr\u00e9-construites au choix<\/li>\n<li>Vitesses de chargement rapide pour une exp\u00e9rience utilisateur optimale<\/li>\n<li>Conception enti\u00e8rement r\u00e9active pour tous les appareils<\/li>\n<li>Compatible avec les plugins populaires, notamment WooCommerce et WPML<\/li>\n<li>Faire glisser et d\u00e9poser le constructeur de page pour une personnalisation facile<\/li>\n<li>Modules de contenu dynamique pour afficher les services et les membres de l&rsquo;\u00e9quipe<\/li>\n<li>Options d&rsquo;en-t\u00eate et de pied de page multiples<\/li>\n<li>SEO optimis\u00e9 pour un meilleur classement des moteurs de recherche<\/li>\n<\/ul>\n","protected":false},"excerpt":{"rendered":"<p>StartNext est un th\u00e8me WordPress exceptionnellement contemporain et remarquablement adaptable qui a \u00e9t\u00e9 m\u00e9ticuleusement con\u00e7u et m\u00e9ticuleusement con\u00e7u dans le but expr\u00e8s de r\u00e9pondre aux besoins distincts des startups informatiques et des prestataires de services num\u00e9riques. Poss\u00e9dant une apparence immacul\u00e9e et tr\u00e8s polie, ainsi qu&rsquo;un vaste \u00e9ventail de fonctionnalit\u00e9s et de fonctionnalit\u00e9s personnalisables, StartNext facilite sans effort la cr\u00e9ation transparente d&rsquo;un site Web qui pr\u00e9sente et pr\u00e9sente et ne pr\u00e9sente que votre entreprise la lumi\u00e8re la plus optimale et la plus avantageuse. Que votre entreprise soit une soci\u00e9t\u00e9 de logiciels, une agence de marketing num\u00e9rique ou une soci\u00e9t\u00e9 de d\u00e9veloppement Web, StartNext est un v\u00e9ritable tr\u00e9sor de ressources, d&rsquo;outils et de capacit\u00e9s qui vous offrira ind\u00e9niablement tout ce dont vous pourriez avoir besoin pour forger un Pr\u00e9sence en ligne formidable et dominante qui captivera ind\u00e9niablement et alloira un pool en constante expansion de clients et de clients potentiels. Des sections de page d&rsquo;accueil remarquablement polyvalentes et personnalisables qui poss\u00e8dent une flexibilit\u00e9 in\u00e9gal\u00e9e, \u00e0 un assortiment complet et exhaustif d&rsquo;options de th\u00e8me avanc\u00e9es qui vous offrent un niveau d&rsquo;autonomie et de personnalisation cr\u00e9atifs sans pr\u00e9c\u00e9dent, cet \u00e9l\u00e9ment et l&rsquo;aspect d\u00e9lib\u00e9r\u00e9ment con\u00e7us englobent et englobe tous les \u00e9l\u00e9ments et aspect exquis et ing\u00e9nieusement con\u00e7us Cela est n\u00e9cessaire pour se lancer dans et commencer votre voyage \u00e9tonnamment prosp\u00e8re et triomphalement victorieux dans le domaine du commerce en ligne et de l&rsquo;entrepreneuriat.<\/p>\n","protected":false},"featured_media":145323,"comment_status":"open","ping_status":"open","template":"","meta":[],"product_brand":[2433],"product_cat":[1516,1212,1213],"product_tag":[1366],"class_list":{"0":"post-113140","1":"product","2":"type-product","3":"status-publish","4":"has-post-thumbnail","6":"product_brand-themeforest","7":"product_cat-entreprise","8":"product_cat-themes","9":"product_cat-wordpress-themes","10":"product_tag-themeforest","11":"member-discount","12":"discount-restricted","14":"first","15":"instock","16":"sale","17":"downloadable","18":"virtual","19":"sold-individually","20":"purchasable","21":"product-type-simple"},"_links":{"self":[{"href":"https:\/\/gpl-love.com\/fr\/wp-json\/wp\/v2\/product\/113140","targetHints":{"allow":["GET"]}}],"collection":[{"href":"https:\/\/gpl-love.com\/fr\/wp-json\/wp\/v2\/product"}],"about":[{"href":"https:\/\/gpl-love.com\/fr\/wp-json\/wp\/v2\/types\/product"}],"replies":[{"embeddable":true,"href":"https:\/\/gpl-love.com\/fr\/wp-json\/wp\/v2\/comments?post=113140"}],"wp:featuredmedia":[{"embeddable":true,"href":"https:\/\/gpl-love.com\/fr\/wp-json\/wp\/v2\/media\/145323"}],"wp:attachment":[{"href":"https:\/\/gpl-love.com\/fr\/wp-json\/wp\/v2\/media?parent=113140"}],"wp:term":[{"taxonomy":"product_brand","embeddable":true,"href":"https:\/\/gpl-love.com\/fr\/wp-json\/wp\/v2\/product_brand?post=113140"},{"taxonomy":"product_cat","embeddable":true,"href":"https:\/\/gpl-love.com\/fr\/wp-json\/wp\/v2\/product_cat?post=113140"},{"taxonomy":"product_tag","embeddable":true,"href":"https:\/\/gpl-love.com\/fr\/wp-json\/wp\/v2\/product_tag?post=113140"}],"curies":[{"name":"wp","href":"https:\/\/api.w.org\/{rel}","templated":true}]}}