{"id":113138,"date":"2021-08-08T00:00:00","date_gmt":"2021-08-07T22:00:00","guid":{"rendered":"http:\/\/gpl-love.com\/fr\/produit\/mobimax-auto-parts-wordpress-theme-and-woocommerce-shop\/"},"modified":"2026-04-10T18:31:42","modified_gmt":"2026-04-10T16:31:42","slug":"mobimax-auto-parts-wordpress-theme-and-woocommerce-shop","status":"publish","type":"product","link":"https:\/\/gpl-love.com\/fr\/produit\/mobimax-auto-parts-wordpress-theme-and-woocommerce-shop\/","title":{"rendered":"Mobimax Auto Parts WordPress Th\u00e8me et WooCommerce Shop 4.5"},"content":{"rendered":"<h3>Mobimax Auto Parts WordPress Th\u00e8me et WooCommerce Shop Traits<\/h3>\n<p>Le th\u00e8me WordPress de Mobimax Auto Parts et WooCommerce Shop est une solution exceptionnelle pour les personnes cherchant \u00e0 \u00e9tablir une boutique en ligne d\u00e9di\u00e9e aux pi\u00e8ces et accessoires automobiles. Ce th\u00e8me est sp\u00e9cifiquement adapt\u00e9 pour r\u00e9pondre aux besoins uniques de l&rsquo;industrie automobile et pr\u00e9sente un design exquis et contemporain qui est garanti pour captiver les clients potentiels. Avec ses attributs conviviaux, y compris un constructeur de page de glisser-d\u00e9poser et des widgets personnalisables, la construction d&rsquo;un site Web sophistiqu\u00e9 et poli n&rsquo;a jamais \u00e9t\u00e9 aussi sans effort. De plus, l&rsquo;int\u00e9gration de WooCommerce vous permet de g\u00e9rer sans effort divers aspects de votre boutique en ligne, allant du contr\u00f4le des stocks \u00e0 la gestion des commandes et au traitement des paiements. De plus, ce th\u00e8me poss\u00e8de un \u00e9ventail de fonctionnalit\u00e9s impressionnantes, telles qu&rsquo;un outil de comparaison de produit pratique, un filtre de produit tr\u00e8s efficace et une option de vue rapide pratique, qui facilitent la navigation en douceur et l&rsquo;exp\u00e9rience de recherche de produit rationalis\u00e9e pour vos pr\u00e9cieux clients. Pour le dire succinctement, le th\u00e8me WordPress des pi\u00e8ces Mobimax Auto et la boutique WooCommerce incarne une solution compl\u00e8te et globale qui est garantie pour ouvrir la voie \u00e0 votre incursion triomphante dans le domaine du commerce de d\u00e9tail en ligne pour les pi\u00e8ces et accessoires automobiles.<\/p>\n<ul>\n<li>Un th\u00e8me WordPress de qualit\u00e9 sup\u00e9rieure con\u00e7u pour les entreprises de pi\u00e8ces automobiles<\/li>\n<li>Compatibilit\u00e9 WooCommerce pour cr\u00e9er facilement un site Web de commerce \u00e9lectronique<\/li>\n<li>Panneau d&rsquo;options de th\u00e8me hautement personnalisables et facile \u00e0 utiliser<\/li>\n<li>Conception enti\u00e8rement r\u00e9active pour une exp\u00e9rience de visualisation optimale sur tous les appareils<\/li>\n<li>Plusieurs dispositions de page d&rsquo;accueil au choix, y compris un curseur ou des options d&rsquo;image statique<\/li>\n<li>Disposition propre et moderne pour pr\u00e9senter les pi\u00e8ces et accessoires automobiles<\/li>\n<li>Construit avec HTML5 et CSS3<\/li>\n<li>Facile \u00e0 installer et \u00e0 configurer avec du contenu de d\u00e9monstration inclus<\/li>\n<li>SEO optimis\u00e9 pour un meilleur classement des moteurs de recherche<\/li>\n<li>Compatible avec les plugins WordPress populaires tels que Contact Form 7, Yoast SEO, et plus encore.<\/li>\n<\/ul>\n","protected":false},"excerpt":{"rendered":"<p>Le th\u00e8me WordPress des pi\u00e8ces Mobimax Auto et la boutique WooCommerce est sans aucun doute la solution de commerce \u00e9lectronique par excellence qui r\u00e9pond impeccablement aux besoins de votre entreprise de pi\u00e8ces automobiles estim\u00e9es. Avec sa conception r\u00e9active in\u00e9gal\u00e9e, ce th\u00e8me remarquable s&rsquo;adapte sans effort \u00e0 n&rsquo;importe quel appareil, garantissant la plus grande commodit\u00e9 pour votre client\u00e8le estim\u00e9e. De plus, ce th\u00e8me poss\u00e8de une optimisation exceptionnelle pour les moteurs de recherche, \u00e9levant la visibilit\u00e9 de votre site Web dans les vastes domaines du paysage num\u00e9rique.<\/p>\n","protected":false},"featured_media":144556,"comment_status":"open","ping_status":"open","template":"","meta":[],"product_brand":[2433],"product_cat":[1238,1851,1212],"product_tag":[1366],"class_list":{"0":"post-113138","1":"product","2":"type-product","3":"status-publish","4":"has-post-thumbnail","6":"product_brand-themeforest","7":"product_cat-commerce-electronique-themes","8":"product_cat-entreprise-commerce-electronique-themes","9":"product_cat-themes","10":"product_tag-themeforest","11":"member-discount","12":"discount-restricted","14":"first","15":"instock","16":"sale","17":"downloadable","18":"virtual","19":"sold-individually","20":"purchasable","21":"product-type-simple"},"_links":{"self":[{"href":"https:\/\/gpl-love.com\/fr\/wp-json\/wp\/v2\/product\/113138","targetHints":{"allow":["GET"]}}],"collection":[{"href":"https:\/\/gpl-love.com\/fr\/wp-json\/wp\/v2\/product"}],"about":[{"href":"https:\/\/gpl-love.com\/fr\/wp-json\/wp\/v2\/types\/product"}],"replies":[{"embeddable":true,"href":"https:\/\/gpl-love.com\/fr\/wp-json\/wp\/v2\/comments?post=113138"}],"wp:featuredmedia":[{"embeddable":true,"href":"https:\/\/gpl-love.com\/fr\/wp-json\/wp\/v2\/media\/144556"}],"wp:attachment":[{"href":"https:\/\/gpl-love.com\/fr\/wp-json\/wp\/v2\/media?parent=113138"}],"wp:term":[{"taxonomy":"product_brand","embeddable":true,"href":"https:\/\/gpl-love.com\/fr\/wp-json\/wp\/v2\/product_brand?post=113138"},{"taxonomy":"product_cat","embeddable":true,"href":"https:\/\/gpl-love.com\/fr\/wp-json\/wp\/v2\/product_cat?post=113138"},{"taxonomy":"product_tag","embeddable":true,"href":"https:\/\/gpl-love.com\/fr\/wp-json\/wp\/v2\/product_tag?post=113138"}],"curies":[{"name":"wp","href":"https:\/\/api.w.org\/{rel}","templated":true}]}}