{"id":113136,"date":"2023-02-09T00:00:00","date_gmt":"2023-02-08T23:00:00","guid":{"rendered":"http:\/\/gpl-love.com\/fr\/produit\/consultix-business-consulting-wordpress-theme\/"},"modified":"2026-03-20T22:58:57","modified_gmt":"2026-03-20T21:58:57","slug":"consultix-business-consulting-wordpress-theme","status":"publish","type":"product","link":"https:\/\/gpl-love.com\/fr\/produit\/consultix-business-consulting-wordpress-theme\/","title":{"rendered":"Consultix Business Consulting WordPress Theme 4.0.1"},"content":{"rendered":"<h3>Consultix Business Consulting WordPress Theme Traits<\/h3>\n<p>Le th\u00e8me WordPress Consrix Business Consulting est un th\u00e8me incroyablement robuste et multiforme sp\u00e9cialement con\u00e7u pour aider les entreprises \u00e0 \u00e9tablir une formidable pr\u00e9sence en ligne. Son design moderne et professionnel lui rend le choix parfait pour les consultants, les agences et les entreprises \u00e0 toutes les \u00e9chelles. De plus, ce th\u00e8me poss\u00e8de une pl\u00e9thore de mod\u00e8les de page pr\u00e9-con\u00e7us qui peuvent \u00eatre personnalis\u00e9s sans effort pour s&rsquo;aligner sur vos besoins et vos pr\u00e9f\u00e9rences uniques. En plus de cela, Consrix est pleinement r\u00e9actif, garantissant qu&rsquo;il semble impeccable sur tous les appareils, et il est \u00e9galement m\u00e9ticuleusement optimis\u00e9 pour le r\u00e9f\u00e9rencement, vous permettant d&rsquo;obtenir des classements plus \u00e9lev\u00e9s sur les pages de r\u00e9sultats des moteurs de recherche. En plus de ces fonctionnalit\u00e9s remarquables, Consrix comprend une myriade de plugins premium, tels que Slider Revolution, Visual Composer et Contact Form 7, qui facilitent la cr\u00e9ation transparente de sites Web visuellement frappants et hautement fonctionnels. Que vous aspiriez \u00e0 \u00e9riger un portefeuille captivant, \u00e0 cultiver un blog convaincant ou \u00e0 \u00e9tablir un site de commerce \u00e9lectronique florissant, Consrix poss\u00e8de tous les outils et ressources indispensables pour faciliter un lancement transparent et r\u00e9ussi.<\/p>\n<ul>\n<li>Page d&rsquo;accueil personnalisable avec diverses sections et widgets pour pr\u00e9senter vos services et expertise<\/li>\n<li>Pages pr\u00e9-con\u00e7ues pour diff\u00e9rentes niches de conseil, y compris la finance, le marketing et les ressources humaines<\/li>\n<li>Syst\u00e8me de r\u00e9servation de rendez-vous int\u00e9gr\u00e9 aux clients afin de planifier des r\u00e9unions et des consultations<\/li>\n<li>La conception r\u00e9active garantit que votre site Web a fi\u00e8re allure sur tous les appareils<\/li>\n<li>Panneau d&rsquo;administration intuitif pour une personnalisation et une gestion faciles de votre site Web<\/li>\n<li>Int\u00e9gration avec des plugins populaires tels que le formulaire de contact 7 et WooCommerce<\/li>\n<li>Code de r\u00e9f\u00e9rencement et optimis\u00e9 pour les temps de chargement rapide<\/li>\n<li>Mises \u00e0 jour r\u00e9guli\u00e8res et \u00e9quipe d&rsquo;assistance d\u00e9di\u00e9e pour tout probl\u00e8me ou questions<\/li>\n<li>Importation de d\u00e9monstration en un clic pour configurer et remplir facilement votre site Web avec du contenu<\/li>\n<li>La compatibilit\u00e9 avec divers navigateurs garantit une exp\u00e9rience coh\u00e9rente pour tous les utilisateurs.<\/li>\n<\/ul>\n","protected":false},"excerpt":{"rendered":"<p>D\u00e9couvrez une transformation num\u00e9rique ultime avec notre th\u00e8me WordPress Consrix Business Consulting. Ce th\u00e8me premium est une puissance pour les entreprises et les cabinets de conseil visant \u00e0 pr\u00e9senter une pr\u00e9sence en ligne professionnelle et engageante. Avec Consrix, vous avez acc\u00e8s \u00e0 une gamme de fonctionnalit\u00e9s personnalisables pour adapter votre site Web \u00e0 l&rsquo;identit\u00e9 unique de votre marque. Le th\u00e8me WordPress comprend une interface utilisateur dynamique, une conception r\u00e9active et un cadre SEO-optimis\u00e9 pour am\u00e9liorer votre pr\u00e9sence num\u00e9rique. Son int\u00e9gration transparente avec des constructeurs de pages populaires comme Elementor et la compatibilit\u00e9 avec des plugins tels que WooCommerce en font un choix convaincant pour les entreprises qui souhaitent \u00e9voluer. Le th\u00e8me Consrix est \u00e9galement livr\u00e9 avec un panneau d&rsquo;administration facile \u00e0 utiliser, vous permettant de g\u00e9rer efficacement votre site. \u00c9levez votre potentiel commercial avec le th\u00e8me WordPress Consrix Business Consulting.<\/p>\n","protected":false},"featured_media":143416,"comment_status":"open","ping_status":"open","template":"","meta":[],"product_brand":[2433],"product_cat":[1516,1212,1213],"product_tag":[1366],"class_list":{"0":"post-113136","1":"product","2":"type-product","3":"status-publish","4":"has-post-thumbnail","6":"product_brand-themeforest","7":"product_cat-entreprise","8":"product_cat-themes","9":"product_cat-wordpress-themes","10":"product_tag-themeforest","11":"member-discount","12":"discount-restricted","14":"first","15":"instock","16":"sale","17":"downloadable","18":"virtual","19":"sold-individually","20":"purchasable","21":"product-type-simple"},"_links":{"self":[{"href":"https:\/\/gpl-love.com\/fr\/wp-json\/wp\/v2\/product\/113136","targetHints":{"allow":["GET"]}}],"collection":[{"href":"https:\/\/gpl-love.com\/fr\/wp-json\/wp\/v2\/product"}],"about":[{"href":"https:\/\/gpl-love.com\/fr\/wp-json\/wp\/v2\/types\/product"}],"replies":[{"embeddable":true,"href":"https:\/\/gpl-love.com\/fr\/wp-json\/wp\/v2\/comments?post=113136"}],"wp:featuredmedia":[{"embeddable":true,"href":"https:\/\/gpl-love.com\/fr\/wp-json\/wp\/v2\/media\/143416"}],"wp:attachment":[{"href":"https:\/\/gpl-love.com\/fr\/wp-json\/wp\/v2\/media?parent=113136"}],"wp:term":[{"taxonomy":"product_brand","embeddable":true,"href":"https:\/\/gpl-love.com\/fr\/wp-json\/wp\/v2\/product_brand?post=113136"},{"taxonomy":"product_cat","embeddable":true,"href":"https:\/\/gpl-love.com\/fr\/wp-json\/wp\/v2\/product_cat?post=113136"},{"taxonomy":"product_tag","embeddable":true,"href":"https:\/\/gpl-love.com\/fr\/wp-json\/wp\/v2\/product_tag?post=113136"}],"curies":[{"name":"wp","href":"https:\/\/api.w.org\/{rel}","templated":true}]}}