{"id":113129,"date":"2026-01-28T00:00:00","date_gmt":"2026-01-27T23:00:00","guid":{"rendered":"http:\/\/gpl-love.com\/fr\/produit\/wishlist-member-wordpress-membership-plugin\/"},"modified":"2026-04-10T18:45:45","modified_gmt":"2026-04-10T16:45:45","slug":"wishlist-member-wordpress-membership-plugin","status":"publish","type":"product","link":"https:\/\/gpl-love.com\/fr\/produit\/wishlist-member-wordpress-membership-plugin\/","title":{"rendered":"WishList Member X WordPress Membership Plugin 3.30.1"},"content":{"rendered":"<h3>WishList Member X WordPress Membership Plugin Traits<\/h3>\n<p>Le membre de WishList, un plugin d&rsquo;adh\u00e9sion WordPress incroyablement puissant, offre aux propri\u00e9taires de sites Web une exp\u00e9rience transparente dans la cr\u00e9ation et la supervision des sites d&rsquo;adh\u00e9sion. Gr\u00e2ce \u00e0 sa vaste gamme de fonctionnalit\u00e9s et \u00e0 une interface conviviale, les utilisateurs peuvent \u00e9tablir sans effort les niveaux d&rsquo;adh\u00e9sion divers, exercer un contr\u00f4le total sur les comptes des membres et \u00e9tablir des r\u00e9glementations personnalis\u00e9es d&rsquo;acc\u00e8s au contenu. De plus, ce plugin poss\u00e8de une multitude de formidables int\u00e9grations, se connectant de mani\u00e8re transparente avec des passerelles de paiement renomm\u00e9es, des plateformes de marketing par e-mail et des programmes d&rsquo;affiliation, rationalisant ainsi efficacement les op\u00e9rations commerciales. Dans l&rsquo;ensemble, le membre de WishList sert d&rsquo;instrument exceptionnel pour les personnes cherchant \u00e0 mon\u00e9tiser leurs sites Web et \u00e0 fournir un contenu premium exclusif \u00e0 leurs membres estim\u00e9s.<\/p>\n<ul>\n<li>Vous aide \u00e0 cr\u00e9er et \u00e0 g\u00e9rer votre propre site d&rsquo;adh\u00e9sion sur WordPress<\/li>\n<li>Offre une protection et un contr\u00f4le d&rsquo;acc\u00e8s puissants puissants, vous permettant de d\u00e9cider qui peut voir votre contenu et quand<\/li>\n<li>S&rsquo;int\u00e8gre aux passerelles de paiement populaires comme PayPal et Stripe, vous pouvez donc facilement collecter les paiements r\u00e9currents de vos membres<\/li>\n<li>Fournit des pages d&rsquo;inscription et de connexion personnalisables, donnant \u00e0 votre site d&rsquo;adh\u00e9sion un look professionnel et digne de confiance<\/li>\n<li>Offre des niveaux d&rsquo;adh\u00e9sion flexibles et des options de tarification, vous permettant de cr\u00e9er plusieurs niveaux d&rsquo;adh\u00e9sion avec des avantages et des structures de tarification diff\u00e9rents<\/li>\n<li>Facilite le contenu d&rsquo;agitation \u00e0 vos membres sur un horaire d\u00e9fini, en les gardant engag\u00e9s et en revenant pour plus<\/li>\n<li>Comprend un programme d&rsquo;affiliation int\u00e9gr\u00e9, vous permettant de configurer et de suivre les commissions pour vos affili\u00e9s qui font la promotion de votre site d&rsquo;adh\u00e9sion<\/li>\n<li>Fournit des rapports et des analyses d\u00e9taill\u00e9s, vous donnant un aper\u00e7u des performances de votre site d&rsquo;adh\u00e9sion et de l&rsquo;activit\u00e9 des membres<\/li>\n<\/ul>\n","protected":false},"excerpt":{"rendered":"<p>Le membre de WishList, un plugin d&rsquo;adh\u00e9sion tr\u00e8s robuste con\u00e7u sp\u00e9cifiquement pour WordPress, pr\u00e9sente une approche sans effort pour \u00e9tablir et superviser les sites d&rsquo;adh\u00e9sion. Son vaste \u00e9ventail d&rsquo;attributs dynamiques englobe la capacit\u00e9 de g\u00e9n\u00e9rer un nombre infini de niveaux d&rsquo;adh\u00e9sion, d&rsquo;\u00e9tendre les remises et des coupons et de r\u00e9guler efficacement l&rsquo;accessibilit\u00e9 du contenu. Par cons\u00e9quent, le membre de WishList simplifie remarquablement le processus de mon\u00e9tisation de votre site Web et de construction d&rsquo;une communaut\u00e9 harmonieuse centr\u00e9e sur votre contenu inestimable. En outre, son int\u00e9gration transparente avec des passerelles de paiement pro\u00e9minentes telles que PayPal et Stripe \u00e9l\u00e8vent la commodit\u00e9 de g\u00e9rer les abonnements et les paiements r\u00e9currents \u00e0 des niveaux d&rsquo;efficacit\u00e9 sans pr\u00e9c\u00e9dent. Que vous vous identifiiez comme un blogueur comp\u00e9tent, un cr\u00e9ateur de cours en ligne accompli ou un sp\u00e9cialiste du marketing num\u00e9rique chevronn\u00e9, le membre de la liste de souhaits sert de solution par excellence pour la cr\u00e9ation et la culture d&rsquo;une communaut\u00e9 en ligne florissante.<\/p>\n","protected":false},"featured_media":145773,"comment_status":"open","ping_status":"open","template":"","meta":[],"product_brand":[2694],"product_cat":[1300,1181,1186],"product_tag":[1843],"class_list":{"0":"post-113129","1":"product","2":"type-product","3":"status-publish","4":"has-post-thumbnail","6":"product_brand-wishlist-member","7":"product_cat-adhesion","8":"product_cat-plugins","9":"product_cat-wordpress-plugins","10":"product_tag-wishlist-member","11":"member-discount","12":"discount-restricted","14":"first","15":"instock","16":"sale","17":"downloadable","18":"virtual","19":"sold-individually","20":"purchasable","21":"product-type-simple"},"_links":{"self":[{"href":"https:\/\/gpl-love.com\/fr\/wp-json\/wp\/v2\/product\/113129","targetHints":{"allow":["GET"]}}],"collection":[{"href":"https:\/\/gpl-love.com\/fr\/wp-json\/wp\/v2\/product"}],"about":[{"href":"https:\/\/gpl-love.com\/fr\/wp-json\/wp\/v2\/types\/product"}],"replies":[{"embeddable":true,"href":"https:\/\/gpl-love.com\/fr\/wp-json\/wp\/v2\/comments?post=113129"}],"wp:featuredmedia":[{"embeddable":true,"href":"https:\/\/gpl-love.com\/fr\/wp-json\/wp\/v2\/media\/145773"}],"wp:attachment":[{"href":"https:\/\/gpl-love.com\/fr\/wp-json\/wp\/v2\/media?parent=113129"}],"wp:term":[{"taxonomy":"product_brand","embeddable":true,"href":"https:\/\/gpl-love.com\/fr\/wp-json\/wp\/v2\/product_brand?post=113129"},{"taxonomy":"product_cat","embeddable":true,"href":"https:\/\/gpl-love.com\/fr\/wp-json\/wp\/v2\/product_cat?post=113129"},{"taxonomy":"product_tag","embeddable":true,"href":"https:\/\/gpl-love.com\/fr\/wp-json\/wp\/v2\/product_tag?post=113129"}],"curies":[{"name":"wp","href":"https:\/\/api.w.org\/{rel}","templated":true}]}}