{"id":113125,"date":"2025-11-27T00:00:00","date_gmt":"2025-11-26T23:00:00","guid":{"rendered":"http:\/\/gpl-love.com\/fr\/produit\/wp-file-download-manager-and-cloud-addons\/"},"modified":"2026-03-20T23:49:47","modified_gmt":"2026-03-20T22:49:47","slug":"wp-file-download-manager-and-cloud-addons","status":"publish","type":"product","link":"https:\/\/gpl-love.com\/fr\/produit\/wp-file-download-manager-and-cloud-addons\/","title":{"rendered":"WP File Download Manager 6.2.12"},"content":{"rendered":"<h3>WP File Download Manager Traits<\/h3>\n<p>WP File Download Manager est un outil remarquablement robuste qui accorde aux utilisateurs la commodit\u00e9 de g\u00e9rer et d&rsquo;organiser sans effort leurs fichiers directement dans la plate-forme WordPress. Dot\u00e9 d&rsquo;une interface intuitive et d&rsquo;une pl\u00e9thore d&rsquo;options personnalisables, ce plugin ing\u00e9nieux rationalise efficacement le processus complexe de t\u00e9l\u00e9chargement, d&rsquo;\u00e9dition et de distribution de fichiers. En permettant aux utilisateurs de cr\u00e9er de mani\u00e8re transparente des cat\u00e9gories, des sous-cat\u00e9gories et des balises, le gestionnaire de t\u00e9l\u00e9chargement de fichiers WP permet aux individus d&rsquo;organiser efficacement leurs fichiers et de localiser sans effort des \u00e9l\u00e9ments sp\u00e9cifiques. De plus, ce plugin innovant pr\u00e9sente une multitude d&rsquo;options d&rsquo;affichage, englobant la grille, la liste et la vue de la table, s&rsquo;adressant ainsi \u00e0 la diverses exigences des sites Web distincts. Notamment, le gestionnaire de t\u00e9l\u00e9chargement de fichiers WP augmente encore la gestion des fichiers et \u00e9l\u00e8ve la s\u00e9curit\u00e9 en offrant des fonctionnalit\u00e9s avanc\u00e9es comme le versioning de fichiers, les limites de t\u00e9l\u00e9chargement et le contr\u00f4le d&rsquo;acc\u00e8s des utilisateurs. Que vous soyez exploit\u00e9 un blog personnel ou un site Web professionnel, le gestionnaire de t\u00e9l\u00e9chargement de fichiers WP est sans \u00e9quivoque un outil indispensable qui simplifie sans effort le processus complexe de gestion des fichiers sur la plate-forme WordPress.<\/p>\n<ul>\n<li>G\u00e9rer et organiser sans effort vos t\u00e9l\u00e9chargements de fichiers dans WordPress<\/li>\n<li>Cr\u00e9er des cat\u00e9gories de fichiers et des balises illimit\u00e9es pour un tri et un filtrage faciles<\/li>\n<li>Personnaliser enti\u00e8rement les boutons de t\u00e9l\u00e9chargement et les liens avec le texte personnalis\u00e9 et le style<\/li>\n<li>Suivre les statistiques de t\u00e9l\u00e9chargement et recevoir des notifications par e-mail pour les t\u00e9l\u00e9chargements r\u00e9ussis<\/li>\n<li>Restreindre en toute s\u00e9curit\u00e9 l&rsquo;acc\u00e8s aux fichiers par r\u00f4le utilisateur, protection par mot de passe ou date d&rsquo;expiration des fichiers<\/li>\n<li>Int\u00e9grez de mani\u00e8re transparente aux passerelles de paiement populaires pour vendre des produits num\u00e9riques<\/li>\n<li>G\u00e9n\u00e9rer automatiquement et envoyer des cl\u00e9s de licence pour les fichiers achet\u00e9s<\/li>\n<li>Am\u00e9liorer l&rsquo;exp\u00e9rience utilisateur avec la conception r\u00e9active et les fonctionnalit\u00e9s aliment\u00e9es par Ajax<\/li>\n<li>Offrez plusieurs formats de fichiers et versions pour les utilisateurs \u00e0 choisir<\/li>\n<li>Profitez d&rsquo;un support d\u00e9di\u00e9 et des mises \u00e0 jour r\u00e9guli\u00e8res pour une solution de gestion de t\u00e9l\u00e9chargement fiable.<\/li>\n<\/ul>\n","protected":false},"excerpt":{"rendered":"<p>Le WP File Download Manager, un plugin WordPress complet, sert d&rsquo;outil \u00e0 multiples facettes pour g\u00e9rer et organiser efficacement tout votre contenu t\u00e9l\u00e9chargeable au sein d&rsquo;une plate-forme singuli\u00e8re. Gr\u00e2ce \u00e0 son interface conviviale, les utilisateurs peuvent t\u00e9l\u00e9charger et cat\u00e9goriser rapidement des fichiers, g\u00e9n\u00e9rer des liens de t\u00e9l\u00e9chargement et surveiller les statistiques de t\u00e9l\u00e9chargement. De plus, ce plugin s&rsquo;int\u00e8gre de mani\u00e8re transparente aux services de stockage cloud renomm\u00e9s comme Dropbox et Google Drive, facilitant la gestion sans effort des fichiers de taille. En outre, il offre des options de personnalisation avanc\u00e9es, telles que les restrictions d&rsquo;acc\u00e8s, les notifications par e-mail et le contr\u00f4le de la version de fichier. Ainsi, que vous exploitez une boutique en ligne, un site d&rsquo;adh\u00e9sion ou que vous proposiez simplement des ressources inestimables sur votre site Web, le gestionnaire de t\u00e9l\u00e9chargement de fichiers WP est une solution optimale pour g\u00e9rer efficacement votre contenu t\u00e9l\u00e9chargeable.<\/p>\n","protected":false},"featured_media":146147,"comment_status":"open","ping_status":"open","template":"","meta":[],"product_brand":[2718],"product_cat":[1189,1181,1186],"product_tag":[1468],"class_list":{"0":"post-113125","1":"product","2":"type-product","3":"status-publish","4":"has-post-thumbnail","6":"product_brand-joomunited","7":"product_cat-personnalisation","8":"product_cat-plugins","9":"product_cat-wordpress-plugins","10":"product_tag-joomunited","11":"member-discount","12":"discount-restricted","14":"first","15":"instock","16":"sale","17":"downloadable","18":"virtual","19":"sold-individually","20":"purchasable","21":"product-type-simple"},"_links":{"self":[{"href":"https:\/\/gpl-love.com\/fr\/wp-json\/wp\/v2\/product\/113125","targetHints":{"allow":["GET"]}}],"collection":[{"href":"https:\/\/gpl-love.com\/fr\/wp-json\/wp\/v2\/product"}],"about":[{"href":"https:\/\/gpl-love.com\/fr\/wp-json\/wp\/v2\/types\/product"}],"replies":[{"embeddable":true,"href":"https:\/\/gpl-love.com\/fr\/wp-json\/wp\/v2\/comments?post=113125"}],"wp:featuredmedia":[{"embeddable":true,"href":"https:\/\/gpl-love.com\/fr\/wp-json\/wp\/v2\/media\/146147"}],"wp:attachment":[{"href":"https:\/\/gpl-love.com\/fr\/wp-json\/wp\/v2\/media?parent=113125"}],"wp:term":[{"taxonomy":"product_brand","embeddable":true,"href":"https:\/\/gpl-love.com\/fr\/wp-json\/wp\/v2\/product_brand?post=113125"},{"taxonomy":"product_cat","embeddable":true,"href":"https:\/\/gpl-love.com\/fr\/wp-json\/wp\/v2\/product_cat?post=113125"},{"taxonomy":"product_tag","embeddable":true,"href":"https:\/\/gpl-love.com\/fr\/wp-json\/wp\/v2\/product_tag?post=113125"}],"curies":[{"name":"wp","href":"https:\/\/api.w.org\/{rel}","templated":true}]}}