{"id":113123,"date":"2021-03-23T00:00:00","date_gmt":"2021-03-22T23:00:00","guid":{"rendered":"http:\/\/gpl-love.com\/fr\/produit\/contact-form-7-amocrm-integration\/"},"modified":"2026-03-20T22:58:59","modified_gmt":"2026-03-20T21:58:59","slug":"contact-form-7-amocrm-integration","status":"publish","type":"product","link":"https:\/\/gpl-love.com\/fr\/produit\/contact-form-7-amocrm-integration\/","title":{"rendered":"Contact Form 7 amoCRM Integration 2.4.9"},"content":{"rendered":"<h3>Contact Form 7 amoCRM Integration Traits<\/h3>\n<p>L&rsquo;int\u00e9gration AMOCRM du formulaire de contact 7 est un outil tr\u00e8s puissant et efficace m\u00e9ticuleusement con\u00e7u pour optimiser et rationaliser les processus complexes dans le domaine de la gestion de la relation client pour les entreprises. Cette int\u00e9gration ing\u00e9nieuse permet ing\u00e9nieusement le transfert transparent et harmonieux de donn\u00e9es clients inestimables amass\u00e9es par le formulaire de contact estim\u00e9 7 situ\u00e9 sur votre site Web, facilitant ainsi sa migration rapide et sans effort vers votre compte AMOCRM estim\u00e9. En vertu de cette ing\u00e9nieuse automatisation, de grandes quantit\u00e9s de temps pr\u00e9cieux et d&rsquo;efforts in\u00e9branlables peuvent \u00eatre r\u00e9cup\u00e9r\u00e9s et allou\u00e9s ailleurs, car il efface efficacement la n\u00e9cessit\u00e9 de la saisie manuelle minutieuse. De plus, dans la vaste \u00e9tendue de l&rsquo;AMOCRM, on peut forger des domaines personnalis\u00e9s de mani\u00e8re pratique et rapide con\u00e7ue pour s&rsquo;adapter et r\u00e9gir avec diligence tous les prospects entrants, favorisant ainsi un cadre organisationnel \u00e0 la fois structur\u00e9 et efficace. En vertu de l&rsquo;int\u00e9gration AMOCRM de contact in\u00e9gal\u00e9e de contact 7, on peut \u00eatre assur\u00e9 qu&rsquo;aucun client potentiel ne sera par inadvertance victime d&rsquo;une n\u00e9gligence ou d&rsquo;une surveillance par inadvert favoriser la croissance des activit\u00e9s exponentives.<\/p>\n<ul>\n<li>Int\u00e8gre de mani\u00e8re transparente le formulaire de contact 7 avec AMOCRM<\/li>\n<li>Envoie automatiquement des soumissions de formulaires directement \u00e0 AMOCRM<\/li>\n<li>R\u00e9duit la saisie manuelle des donn\u00e9es et am\u00e9liore l&rsquo;efficacit\u00e9<\/li>\n<li>Fournit une g\u00e9n\u00e9ration de leads en temps r\u00e9el et un suivi<\/li>\n<li>Cartographie personnalisable des champs de formulaire aux champs AMOCRM<\/li>\n<li>Prend en charge plusieurs formes et domaines<\/li>\n<li>Interface simple et facile \u00e0 utiliser pour la configuration et la configuration<\/li>\n<li>Aucune comp\u00e9tence de codage ou technique requise<\/li>\n<li>Compatible avec WordPress et Contact Form 7 Plugins<\/li>\n<li>Permet un suivi et une communication personnalis\u00e9s avec les prospects<\/li>\n<\/ul>\n","protected":false},"excerpt":{"rendered":"<p>L&rsquo;int\u00e9gration du formulaire de contact 7 avec AMOCRM cr\u00e9e une connexion puissante et transparente qui b\u00e9n\u00e9ficie \u00e0 toute entreprise. Cette int\u00e9gration garantit que toutes les informations de vos formulaires de contact sont automatiquement transf\u00e9r\u00e9es \u00e0 votre syst\u00e8me AMOCRM. Cela signifie aucune saisie manuelle de donn\u00e9es, vous faisant gagner du temps et des efforts. Il vous permet de g\u00e9rer plus efficacement tous vos prospects et vos donn\u00e9es clients, ayant tout sur une seule plate-forme facile \u00e0 utiliser. Cette int\u00e9gration pr\u00e9sente \u00e9galement une synchronisation en temps r\u00e9el, mettant \u00e0 jour votre CRM imm\u00e9diatement lorsqu&rsquo;un formulaire de contact est rempli. Cela vous aide \u00e0 r\u00e9pondre rapidement aux clients potentiels, \u00e0 am\u00e9liorer votre service et \u00e0 augmenter vos chances de convertir les prospects. Avec le formulaire de contact 7 et l&rsquo;int\u00e9gration AMOCRM, vous obtenez un syst\u00e8me CRM rationalis\u00e9, efficace et hautement performant qui stimule votre productivit\u00e9 commerciale et votre satisfaction client.<\/p>\n","protected":false},"featured_media":143418,"comment_status":"open","ping_status":"open","template":"","meta":[],"product_brand":[2435],"product_cat":[1191,1181,1186],"product_tag":[1231],"class_list":{"0":"post-113123","1":"product","2":"type-product","3":"status-publish","4":"has-post-thumbnail","6":"product_brand-codecanyon","7":"product_cat-formes","8":"product_cat-plugins","9":"product_cat-wordpress-plugins","10":"product_tag-codecanyon","11":"member-discount","12":"discount-restricted","14":"first","15":"instock","16":"sale","17":"downloadable","18":"virtual","19":"sold-individually","20":"purchasable","21":"product-type-simple"},"_links":{"self":[{"href":"https:\/\/gpl-love.com\/fr\/wp-json\/wp\/v2\/product\/113123","targetHints":{"allow":["GET"]}}],"collection":[{"href":"https:\/\/gpl-love.com\/fr\/wp-json\/wp\/v2\/product"}],"about":[{"href":"https:\/\/gpl-love.com\/fr\/wp-json\/wp\/v2\/types\/product"}],"replies":[{"embeddable":true,"href":"https:\/\/gpl-love.com\/fr\/wp-json\/wp\/v2\/comments?post=113123"}],"wp:featuredmedia":[{"embeddable":true,"href":"https:\/\/gpl-love.com\/fr\/wp-json\/wp\/v2\/media\/143418"}],"wp:attachment":[{"href":"https:\/\/gpl-love.com\/fr\/wp-json\/wp\/v2\/media?parent=113123"}],"wp:term":[{"taxonomy":"product_brand","embeddable":true,"href":"https:\/\/gpl-love.com\/fr\/wp-json\/wp\/v2\/product_brand?post=113123"},{"taxonomy":"product_cat","embeddable":true,"href":"https:\/\/gpl-love.com\/fr\/wp-json\/wp\/v2\/product_cat?post=113123"},{"taxonomy":"product_tag","embeddable":true,"href":"https:\/\/gpl-love.com\/fr\/wp-json\/wp\/v2\/product_tag?post=113123"}],"curies":[{"name":"wp","href":"https:\/\/api.w.org\/{rel}","templated":true}]}}