{"id":113121,"date":"2021-03-23T00:00:00","date_gmt":"2021-03-22T23:00:00","guid":{"rendered":"http:\/\/gpl-love.com\/fr\/produit\/easy-query-pro-create-a-custom-wordpress-query\/"},"modified":"2026-03-20T23:02:39","modified_gmt":"2026-03-20T22:02:39","slug":"easy-query-pro-create-a-custom-wordpress-query","status":"publish","type":"product","link":"https:\/\/gpl-love.com\/fr\/produit\/easy-query-pro-create-a-custom-wordpress-query\/","title":{"rendered":"Easy Query Pro Create a Custom WordPress Query 2.3.1.1"},"content":{"rendered":"<h3>Easy Query Pro Create a Custom WordPress Query Traits<\/h3>\n<p>Easy Query Pro est un plugin WordPress remarquablement puissant qui permet aux utilisateurs de g\u00e9n\u00e9rer des requ\u00eates personnalis\u00e9es d\u00e9pourvues de toute exigence de codage. Gr\u00e2ce \u00e0 son interface intuitive, les individus peuvent filtrer sans effort leur contenu en fonction d&rsquo;un large \u00e9ventail de crit\u00e8res, y compris le type de poste, la cat\u00e9gorie, les \u00e9tiquettes, l&rsquo;auteur, la date et bien plus encore. De plus, ce plugin offre la fonctionnalit\u00e9 ajout\u00e9e des r\u00e9sultats de tri par pertinence, titre, date ou tout champ personnalis\u00e9 souhait\u00e9. En pr\u00e9sentant exclusivement le contenu qui s&rsquo;aligne sur les int\u00e9r\u00eats des utilisateurs, Easy Query Pro aide \u00e0 optimiser la pertinence et l&rsquo;efficacit\u00e9 des sites Web WordPress. Peu importe si un individu est un blogueur, un marketing ou un d\u00e9veloppeur, ce plugin inestimable aide \u00e0 gagner un temps et des efforts consid\u00e9rables en rationalisant le processus de cr\u00e9ation de requ\u00eates personnalis\u00e9es.<\/p>\n<ul>\n<li>Cr\u00e9ez sans effort des requ\u00eates personnalis\u00e9es pour votre site WordPress<\/li>\n<li>Obtenez des r\u00e9sultats de recherche efficaces et pr\u00e9cis pour vos utilisateurs<\/li>\n<li>Personnalisez vos param\u00e8tres de requ\u00eate, vos filtres et vos options de tri<\/li>\n<li>Aucune connaissance de codage requise &#8211; Interface facile \u00e0 utiliser pour cr\u00e9er des requ\u00eates<\/li>\n<li>Augmenter l&rsquo;engagement et la satisfaction des utilisateurs en fournissant des r\u00e9sultats de recherche cibl\u00e9s<\/li>\n<li>Am\u00e9liorer les performances du site en r\u00e9duisant les requ\u00eates de base de donn\u00e9es inutiles<\/li>\n<li>Compatible avec n&rsquo;importe quel th\u00e8me et plugin WordPress<\/li>\n<li>Continuellement mis \u00e0 jour et pris en charge par une \u00e9quipe de d\u00e9veloppement d\u00e9di\u00e9e<\/li>\n<li>\u00c9conomisez du temps et des ressources en rationalisant votre processus de recherche de contenu<\/li>\n<li>Flexible et adaptable pour r\u00e9pondre aux besoins uniques de votre site Web.<\/li>\n<\/ul>\n","protected":false},"excerpt":{"rendered":"<p>Easy Query Pro est un plugin WordPress incroyablement robuste qui offre aux utilisateurs la possibilit\u00e9 de g\u00e9n\u00e9rer sans effort des requ\u00eates personnalis\u00e9es. Gr\u00e2ce \u00e0 son interface conviviale, les individus peuvent personnaliser rapidement et facilement leur contenu et le pr\u00e9senter d&rsquo;une mani\u00e8re qui s&rsquo;aligne le plus pr\u00e9cis\u00e9ment avec leurs exigences uniques. Que l&rsquo;on identifie comme un blogueur, un marketing ou un d\u00e9veloppeur, Easy Query Pro offre une pl\u00e9thore de fonctionnalit\u00e9s qui rationalisent le processus de cr\u00e9ation de requ\u00eates WordPress. Par cons\u00e9quent, si vous aspirez \u00e0 \u00e9lever votre site Web \u00e0 de nouveaux sommets d&rsquo;excellence, il serait tr\u00e8s avantageux d&rsquo;essayer une question facile \u00e0 votre premi\u00e8re commodit\u00e9!<\/p>\n","protected":false},"featured_media":143658,"comment_status":"open","ping_status":"open","template":"","meta":[],"product_brand":[2524],"product_cat":[1189,1181,1186],"product_tag":[1841],"class_list":{"0":"post-113121","1":"product","2":"type-product","3":"status-publish","4":"has-post-thumbnail","6":"product_brand-connekt-media","7":"product_cat-personnalisation","8":"product_cat-plugins","9":"product_cat-wordpress-plugins","10":"product_tag-connekt-media","11":"member-discount","12":"discount-restricted","14":"first","15":"instock","16":"sale","17":"downloadable","18":"virtual","19":"sold-individually","20":"purchasable","21":"product-type-simple"},"_links":{"self":[{"href":"https:\/\/gpl-love.com\/fr\/wp-json\/wp\/v2\/product\/113121","targetHints":{"allow":["GET"]}}],"collection":[{"href":"https:\/\/gpl-love.com\/fr\/wp-json\/wp\/v2\/product"}],"about":[{"href":"https:\/\/gpl-love.com\/fr\/wp-json\/wp\/v2\/types\/product"}],"replies":[{"embeddable":true,"href":"https:\/\/gpl-love.com\/fr\/wp-json\/wp\/v2\/comments?post=113121"}],"wp:featuredmedia":[{"embeddable":true,"href":"https:\/\/gpl-love.com\/fr\/wp-json\/wp\/v2\/media\/143658"}],"wp:attachment":[{"href":"https:\/\/gpl-love.com\/fr\/wp-json\/wp\/v2\/media?parent=113121"}],"wp:term":[{"taxonomy":"product_brand","embeddable":true,"href":"https:\/\/gpl-love.com\/fr\/wp-json\/wp\/v2\/product_brand?post=113121"},{"taxonomy":"product_cat","embeddable":true,"href":"https:\/\/gpl-love.com\/fr\/wp-json\/wp\/v2\/product_cat?post=113121"},{"taxonomy":"product_tag","embeddable":true,"href":"https:\/\/gpl-love.com\/fr\/wp-json\/wp\/v2\/product_tag?post=113121"}],"curies":[{"name":"wp","href":"https:\/\/api.w.org\/{rel}","templated":true}]}}