{"id":113119,"date":"2022-05-16T00:00:00","date_gmt":"2022-05-15T22:00:00","guid":{"rendered":"http:\/\/gpl-love.com\/fr\/produit\/ceris-magazine-and-blog-wordpress-theme\/"},"modified":"2026-03-20T22:58:16","modified_gmt":"2026-03-20T21:58:16","slug":"ceris-magazine-and-blog-wordpress-theme","status":"publish","type":"product","link":"https:\/\/gpl-love.com\/fr\/produit\/ceris-magazine-and-blog-wordpress-theme\/","title":{"rendered":"Ceris Magazine et Blog WordPress Theme 3.91"},"content":{"rendered":"<h3>Ceris Magazine et Blog WordPress Theme Traits<\/h3>\n<p>Le magazine Ceris et le th\u00e8me WordPress Blog, un th\u00e8me tr\u00e8s polyvalent et adaptable sp\u00e9cialement adapt\u00e9 aux blogueurs et aux \u00e9diteurs de magazines en ligne, propose une gamme de fonctionnalit\u00e9s impressionnantes. Avec son design \u00e9l\u00e9gant et contemporain, les utilisateurs ont la libert\u00e9 de personnaliser les dispositions et de s\u00e9lectionner des options qui pr\u00e9sentent efficacement leur contenu d&rsquo;une mani\u00e8re \u00e0 la fois professionnelle et captivante. Simple \u00e0 naviguer et \u00e0 employer, ce th\u00e8me fournit une gamme de mod\u00e8les et de widgets pr\u00e9-con\u00e7us, permettant aux individus d&rsquo;\u00e9tablir sans effort une esth\u00e9tique unique et personnalis\u00e9e pour leur site Web. En outre, le th\u00e8me CERIS Magazine et Blog WordPress poss\u00e8de un \u00e9ventail d&rsquo;attributs puissants, y compris l&rsquo;optimisation de l&rsquo;optimisation des moteurs de recherche, l&rsquo;int\u00e9gration transparente avec les plateformes de m\u00e9dias sociaux et la compatibilit\u00e9 avec WooCommerce. Avec de telles fonctionnalit\u00e9s compl\u00e8tes, il sert incontestablement un choix exceptionnel pour ceux qui cherchent \u00e0 \u00e9tablir une pr\u00e9sence en ligne florissante. Que vous soyez \u00e0 la recherche de la fiabilit\u00e9, de la convivialit\u00e9 des utilisateurs ou d&rsquo;un vaste \u00e9ventail de fonctionnalit\u00e9s, le magazine Ceris et le th\u00e8me WordPress de blog r\u00e9pond sans aucun doute \u00e0 toutes ces exigences et plus encore.<\/p>\n<ul>\n<li>Th\u00e8me WordPress facile \u00e0 utiliser et personnalisable adapt\u00e9 aux sites Web de magazines et de blogs<\/li>\n<li>Design moderne et \u00e9l\u00e9gant en mettant l&rsquo;accent sur l&rsquo;exp\u00e9rience utilisateur<\/li>\n<li>Comprend plusieurs dispositions et styles de page d&rsquo;accueil<\/li>\n<li>Design enti\u00e8rement r\u00e9actif et convivial<\/li>\n<li>SEO optimis\u00e9 pour un meilleur classement des moteurs de recherche<\/li>\n<li>S&rsquo;int\u00e8gre aux plugins WordPress populaires tels que Jetpack, Yoast SEO et le formulaire de contact 7<\/li>\n<li>Options de pied de page et d&rsquo;en-t\u00eate personnalisables<\/li>\n<li>Boutons de partage des m\u00e9dias sociaux int\u00e9gr\u00e9s<\/li>\n<li>Prend en charge plusieurs formats de publication, y compris la vid\u00e9o, l&rsquo;audio et la galerie<\/li>\n<li>Comprend un panneau d&rsquo;options de th\u00e8me puissant pour une personnalisation facile<\/li>\n<li>Support client d\u00e9di\u00e9 \u00e0 tous les probl\u00e8mes li\u00e9s au th\u00e8me<\/li>\n<\/ul>\n","protected":false},"excerpt":{"rendered":"<p>D\u00e9couvrez le pouvoir de la polyvalence avec le magazine Ceris et le th\u00e8me WordPress de blog, la solution ultime pour tous vos besoins de blogs. Notre th\u00e8me est con\u00e7u pour r\u00e9pondre \u00e0 un large \u00e9ventail de domaines d&rsquo;int\u00e9r\u00eat, que ce soit la mode, la nourriture, les voyages ou toute autre passion que vous souhaitez partager avec le monde. Avec sa conception hautement personnalisable, le th\u00e8me vous permet de cr\u00e9er un espace num\u00e9rique unique qui vous repr\u00e9sente vraiment.<\/p>\n<p>Le th\u00e8me Ceris est livr\u00e9 avec un ensemble de dispositions pr\u00e9-construites pour votre page d&rsquo;accueil et vos articles, avec un design moderne, propre et accrocheur qui maintient vos lecteurs engag\u00e9s. Il offre une exp\u00e9rience de lecture transparente avec une typographie optimis\u00e9e et une disposition enti\u00e8rement r\u00e9active qui semble tout aussi \u00e9tonnante sur les appareils mobiles que sur les ordinateurs de bureau. Gr\u00e2ce aux options de partage social int\u00e9gr\u00e9es, votre contenu peut atteindre un public plus large en quelques clics.<\/p>\n<p>Ce th\u00e8me WordPress ne concerne pas seulement la belle esth\u00e9tique; Il regorge \u00e9galement de fonctionnalit\u00e9s puissantes con\u00e7ues pour augmenter les performances de votre site Web. Il comprend l&rsquo;optimisation du r\u00e9f\u00e9rencement pour am\u00e9liorer la visibilit\u00e9 de votre site sur les moteurs de recherche<\/p>\n","protected":false},"featured_media":143372,"comment_status":"open","ping_status":"open","template":"","meta":[],"product_brand":[2433],"product_cat":[1220,1212,1213],"product_tag":[1366],"class_list":{"0":"post-113119","1":"product","2":"type-product","3":"status-publish","4":"has-post-thumbnail","6":"product_brand-themeforest","7":"product_cat-blog-magazine","8":"product_cat-themes","9":"product_cat-wordpress-themes","10":"product_tag-themeforest","11":"member-discount","12":"discount-restricted","14":"first","15":"instock","16":"sale","17":"downloadable","18":"virtual","19":"sold-individually","20":"purchasable","21":"product-type-simple"},"_links":{"self":[{"href":"https:\/\/gpl-love.com\/fr\/wp-json\/wp\/v2\/product\/113119","targetHints":{"allow":["GET"]}}],"collection":[{"href":"https:\/\/gpl-love.com\/fr\/wp-json\/wp\/v2\/product"}],"about":[{"href":"https:\/\/gpl-love.com\/fr\/wp-json\/wp\/v2\/types\/product"}],"replies":[{"embeddable":true,"href":"https:\/\/gpl-love.com\/fr\/wp-json\/wp\/v2\/comments?post=113119"}],"wp:featuredmedia":[{"embeddable":true,"href":"https:\/\/gpl-love.com\/fr\/wp-json\/wp\/v2\/media\/143372"}],"wp:attachment":[{"href":"https:\/\/gpl-love.com\/fr\/wp-json\/wp\/v2\/media?parent=113119"}],"wp:term":[{"taxonomy":"product_brand","embeddable":true,"href":"https:\/\/gpl-love.com\/fr\/wp-json\/wp\/v2\/product_brand?post=113119"},{"taxonomy":"product_cat","embeddable":true,"href":"https:\/\/gpl-love.com\/fr\/wp-json\/wp\/v2\/product_cat?post=113119"},{"taxonomy":"product_tag","embeddable":true,"href":"https:\/\/gpl-love.com\/fr\/wp-json\/wp\/v2\/product_tag?post=113119"}],"curies":[{"name":"wp","href":"https:\/\/api.w.org\/{rel}","templated":true}]}}