{"id":113117,"date":"2021-09-15T00:00:00","date_gmt":"2021-09-14T22:00:00","guid":{"rendered":"http:\/\/gpl-love.com\/fr\/produit\/woocommerce-downloadable-product-update-e-mails\/"},"modified":"2026-04-10T18:46:43","modified_gmt":"2026-04-10T16:46:43","slug":"woocommerce-downloadable-product-update-e-mails","status":"publish","type":"product","link":"https:\/\/gpl-love.com\/fr\/produit\/woocommerce-downloadable-product-update-e-mails\/","title":{"rendered":"WooCommerce Downloadable Product Update E-mails 2.0.10"},"content":{"rendered":"<h3>WooCommerce Downloadable Product Update E-mails Traits<\/h3>\n<p>Le plugin de mise \u00e0 jour des produits de mise \u00e0 jour du produit WooCommerce est un outil incroyablement robuste et efficace qui a \u00e9t\u00e9 sp\u00e9cialement con\u00e7u pour simplifier le processus de gestion des produits t\u00e9l\u00e9chargeables pour les propri\u00e9taires de magasins WooCommerce. Ce plugin propose une multitude de fonctionnalit\u00e9s et de fonctionnalit\u00e9s qui permettent aux propri\u00e9taires de magasins d&rsquo;envoyer sans effort des notifications par e-mail automatis\u00e9es \u00e0 leurs clients estim\u00e9s chaque fois qu&rsquo;une mise \u00e0 jour disponible pour leur produit t\u00e9l\u00e9chargeable achet\u00e9. Un avantage cl\u00e9 de ce plugin r\u00e9side dans sa capacit\u00e9 \u00e0 prendre en charge les notifications par e-mail uniques et en vrac, offrant aux propri\u00e9taires de magasins la flexibilit\u00e9 de choisir l&rsquo;option la plus appropri\u00e9e pour leurs exigences sp\u00e9cifiques. De plus, le plugin facilite la personnalisation du contenu des e-mails, permettant aux propri\u00e9taires de magasins d&rsquo;adapter les notifications en fonction de leurs pr\u00e9f\u00e9rences et d&rsquo;assurer une touche personnalis\u00e9e. L&rsquo;interface conviviale du plugin am\u00e9liore l&rsquo;exp\u00e9rience utilisateur globale en rationalisant la gestion de tous les produits t\u00e9l\u00e9chargeables et leurs mises \u00e0 jour ult\u00e9rieures. Essentiellement, le plugin de mise \u00e0 jour du produit t\u00e9l\u00e9chargeable WooCommerce permet aux propri\u00e9taires de magasins de tenir constamment leurs clients inform\u00e9s et engag\u00e9s, garantissant un acc\u00e8s ininterrompu aux derni\u00e8res versions de leurs produits.<\/p>\n<ul>\n<li>Envoie des e-mails automatiques aux clients qui ont t\u00e9l\u00e9charg\u00e9 un produit WooCommerce<\/li>\n<li>Fournit des mises \u00e0 jour et des notifications pour les modifications apport\u00e9es au produit t\u00e9l\u00e9charg\u00e9<\/li>\n<li>Tient les clients inform\u00e9s et \u00e0 jour sur toute am\u00e9lioration ou correction du produit<\/li>\n<li>Gave le temps et les efforts en \u00e9liminant le besoin de communication manuelle avec chaque client individuel<\/li>\n<li>Augmente la satisfaction et la fid\u00e9lit\u00e9 des clients en d\u00e9montrant un engagement envers la qualit\u00e9 et le soutien des produits<\/li>\n<li>Donne aux entreprises la possibilit\u00e9 de suivre l&rsquo;engagement des clients avec leurs produits<\/li>\n<li>Aide \u00e0 identifier les domaines d&rsquo;am\u00e9lioration des produits en fonction des commentaires et des mod\u00e8les d&rsquo;utilisation des clients<\/li>\n<li>Facile \u00e0 configurer et \u00e0 personnaliser pour chaque produit individuel<\/li>\n<li>Compatible avec une vari\u00e9t\u00e9 de fournisseurs de services de messagerie et de th\u00e8mes WooCommerce<\/li>\n<li>Un outil pr\u00e9cieux pour les entreprises qui cherchent \u00e0 optimiser leur communication client et \u00e0 am\u00e9liorer leurs offres de produits.<\/li>\n<\/ul>\n","protected":false},"excerpt":{"rendered":"<p>L&rsquo;outil connu sous le nom de WooCommerce Downloadable Product Update E-Mails offre aux propri\u00e9taires de magasins en ligne la capacit\u00e9 d&rsquo;envoyer des notifications concernant les mises \u00e0 jour des produits qui sont \u00e0 la fois opportunes et pertinentes pour les clients qui ont effectu\u00e9 des achats de produits t\u00e9l\u00e9chargeables. Ces notifications peuvent \u00eatre adapt\u00e9es pour incorporer un large \u00e9ventail de d\u00e9tails, y compris des modifications au produit, de nouvelles fonctionnalit\u00e9s, des corrections de bogues et des mises \u00e0 jour g\u00e9n\u00e9rales. En raison de cette fonctionnalit\u00e9, les clients peuvent atteindre un sentiment de r\u00e9confort, s\u00fbrs de savoir que les produits qu&rsquo;ils ont acquis sont tenus \u00e0 jour, garantissant ainsi une exp\u00e9rience de magasinage sup\u00e9rieure. L&rsquo;utilisation des e-mails de mise \u00e0 jour des produits t\u00e9l\u00e9chargeables WooCommerce peut ainsi am\u00e9liorer la satisfaction globale de vos clients tout en stimulant simultan\u00e9ment les ventes pour votre boutique en ligne.<\/p>\n","protected":false},"featured_media":145865,"comment_status":"open","ping_status":"open","template":"","meta":[],"product_brand":[2435],"product_cat":[1182,1200,1181],"product_tag":[1231],"class_list":{"0":"post-113117","1":"product","2":"type-product","3":"status-publish","4":"has-post-thumbnail","6":"product_brand-codecanyon","7":"product_cat-commerce-electronique-plugins","8":"product_cat-commercialisation","9":"product_cat-plugins","10":"product_tag-codecanyon","11":"member-discount","12":"discount-restricted","14":"first","15":"instock","16":"sale","17":"downloadable","18":"virtual","19":"sold-individually","20":"purchasable","21":"product-type-simple"},"_links":{"self":[{"href":"https:\/\/gpl-love.com\/fr\/wp-json\/wp\/v2\/product\/113117","targetHints":{"allow":["GET"]}}],"collection":[{"href":"https:\/\/gpl-love.com\/fr\/wp-json\/wp\/v2\/product"}],"about":[{"href":"https:\/\/gpl-love.com\/fr\/wp-json\/wp\/v2\/types\/product"}],"replies":[{"embeddable":true,"href":"https:\/\/gpl-love.com\/fr\/wp-json\/wp\/v2\/comments?post=113117"}],"wp:featuredmedia":[{"embeddable":true,"href":"https:\/\/gpl-love.com\/fr\/wp-json\/wp\/v2\/media\/145865"}],"wp:attachment":[{"href":"https:\/\/gpl-love.com\/fr\/wp-json\/wp\/v2\/media?parent=113117"}],"wp:term":[{"taxonomy":"product_brand","embeddable":true,"href":"https:\/\/gpl-love.com\/fr\/wp-json\/wp\/v2\/product_brand?post=113117"},{"taxonomy":"product_cat","embeddable":true,"href":"https:\/\/gpl-love.com\/fr\/wp-json\/wp\/v2\/product_cat?post=113117"},{"taxonomy":"product_tag","embeddable":true,"href":"https:\/\/gpl-love.com\/fr\/wp-json\/wp\/v2\/product_tag?post=113117"}],"curies":[{"name":"wp","href":"https:\/\/api.w.org\/{rel}","templated":true}]}}