{"id":113115,"date":"2022-12-09T00:00:00","date_gmt":"2022-12-08T23:00:00","guid":{"rendered":"http:\/\/gpl-love.com\/fr\/produit\/pennews-multi-purpose-amp-wordpress-theme\/"},"modified":"2026-04-10T18:36:19","modified_gmt":"2026-04-10T16:36:19","slug":"pennews-multi-purpose-amp-wordpress-theme","status":"publish","type":"product","link":"https:\/\/gpl-love.com\/fr\/produit\/pennews-multi-purpose-amp-wordpress-theme\/","title":{"rendered":"PenNews Multi-Purpose AMP WordPress Theme 6.6.4"},"content":{"rendered":"<h3>PenNews Multi-Purpose AMP WordPress Theme Traits<\/h3>\n<p>Le th\u00e8me WordPress AMP polyvalent Pennews n&rsquo;est pas n&rsquo;importe quel outil ordinaire; Il s&rsquo;agit d&rsquo;un outil incroyablement polyvalent et extr\u00eamement puissant qui a \u00e9t\u00e9 sp\u00e9cifiquement con\u00e7u pour r\u00e9pondre aux besoins des blogueurs, des \u00e9diteurs et des sites de nouvelles. Sa conception r\u00e9active garantit que votre site Web s&rsquo;adapte parfaitement aux diff\u00e9rentes tailles d&rsquo;\u00e9cran et appareils, tandis que ses temps de chargement rapides garantissent une exp\u00e9rience utilisateur in\u00e9gal\u00e9e qui captive et retient les visiteurs, les obligeant \u00e0 revenir \u00e0 maintes reprises.<\/p>\n<p>Que vous vous lanciez dans le voyage de construction d&rsquo;un blog personnel ou d&rsquo;un site d&rsquo;information professionnel, ce th\u00e8me exceptionnel offre une vaste gamme d&rsquo;options de personnalisation qui peuvent \u00eatre adapt\u00e9es \u00e0 vos sp\u00e9cifications pr\u00e9cises. D&rsquo;une multitude de styles d&rsquo;en-t\u00eate et de mod\u00e8les de pages \u00e0 un assortiment de widgets personnalis\u00e9s et de formats de poste, Pennews vous permet de fa\u00e7onner une pr\u00e9sence en ligne vraiment unique et convaincante qui vous distingue sans effort de la comp\u00e9tition.<\/p>\n<p>De plus, le th\u00e8me s&rsquo;int\u00e8gre parfaitement \u00e0 Google AMP, une technologie r\u00e9volutionnaire qui amplifie la vitesse de chargement de votre contenu sur les appareils mobiles \u00e0 un niveau sans pr\u00e9c\u00e9dent. En exploitant la puissance de Google AMP, vous am\u00e9liorez non seulement l&rsquo;exp\u00e9rience de navigation pour votre public, mais \u00e9largissez \u00e9galement votre port\u00e9e \u00e0 un groupe d\u00e9mographique plus large, augmentant finalement votre visibilit\u00e9 en ligne et propulsant votre succ\u00e8s \u00e0 de nouveaux sommets.<\/p>\n<ul>\n<li>Th\u00e8me WordPress hautement personnalisable<\/li>\n<li>Prise en charge des pages mobiles acc\u00e9l\u00e9r\u00e9es int\u00e9gr\u00e9es (AMP) pour les performances mobiles rapides<\/li>\n<li>Conception polyvalente adapt\u00e9e \u00e0 un large \u00e9ventail de sites Web, y compris des nouvelles, des blogs, des magazines et plus encore<\/li>\n<li>Multipliers de page d&rsquo;accueil et mod\u00e8les de publication parmi lesquels choisir<\/li>\n<li>Importation de d\u00e9monstration en un clic pour mettre votre site op\u00e9rationnel rapidement<\/li>\n<li>S\u00e9o-adapt\u00e9 \u00e0 l&rsquo;int\u00e9gration Schema.org<\/li>\n<li>Builder de page de glisser-d\u00e9poser inclus pour une personnalisation facile<\/li>\n<li>Conception enti\u00e8rement r\u00e9active qui a fi\u00e8re allure sur n&rsquo;importe quel appareil<\/li>\n<li>Options publicitaires int\u00e9gr\u00e9es pour mon\u00e9tiser votre site<\/li>\n<li>Compatible avec des plugins populaires comme WooCommerce et le formulaire de contact &#8211;<\/li>\n<\/ul>\n","protected":false},"excerpt":{"rendered":"<p>Pennews est un th\u00e8me AMP WordPress remarquablement polyvalent et extr\u00eamement robuste qui a \u00e9t\u00e9 complexe pour r\u00e9pondre \u00e0 une multitude d&rsquo;objectifs. Ce th\u00e8me pr\u00e9sente fi\u00e8rement une conception enti\u00e8rement r\u00e9active, qui donne aux utilisateurs la possibilit\u00e9 de s\u00e9lectionner parmi un assortiment de dispositions et de widgets personnalisables. En outre, Pennews est fortifi\u00e9 par un \u00e9ventail d&rsquo;options de personnalisation avanc\u00e9es et d&rsquo;outils de construction de pages, ce qui permet aux utilisateurs de fabriquer sans effort des sites Web uniques qui sont visuellement frappants. Que vous vous identifiiez en tant que blogueur, journaliste ou marketing, Pennews est ind\u00e9niablement le choix par excellence pour captiver et passionnant efficacement votre public gr\u00e2ce \u00e0 son assortiment captivant de fonctionnalit\u00e9s dynamiques, d&rsquo;animations visuellement \u00e9blouissantes et de performances impeccablement optimis\u00e9es.<\/p>\n","protected":false},"featured_media":144963,"comment_status":"open","ping_status":"open","template":"","meta":[],"product_brand":[2433],"product_cat":[1214,1212,1213],"product_tag":[1366],"class_list":{"0":"post-113115","1":"product","2":"type-product","3":"status-publish","4":"has-post-thumbnail","6":"product_brand-themeforest","7":"product_cat-polyvalent","8":"product_cat-themes","9":"product_cat-wordpress-themes","10":"product_tag-themeforest","11":"member-discount","12":"discount-restricted","14":"first","15":"instock","16":"sale","17":"downloadable","18":"virtual","19":"sold-individually","20":"purchasable","21":"product-type-simple"},"_links":{"self":[{"href":"https:\/\/gpl-love.com\/fr\/wp-json\/wp\/v2\/product\/113115","targetHints":{"allow":["GET"]}}],"collection":[{"href":"https:\/\/gpl-love.com\/fr\/wp-json\/wp\/v2\/product"}],"about":[{"href":"https:\/\/gpl-love.com\/fr\/wp-json\/wp\/v2\/types\/product"}],"replies":[{"embeddable":true,"href":"https:\/\/gpl-love.com\/fr\/wp-json\/wp\/v2\/comments?post=113115"}],"wp:featuredmedia":[{"embeddable":true,"href":"https:\/\/gpl-love.com\/fr\/wp-json\/wp\/v2\/media\/144963"}],"wp:attachment":[{"href":"https:\/\/gpl-love.com\/fr\/wp-json\/wp\/v2\/media?parent=113115"}],"wp:term":[{"taxonomy":"product_brand","embeddable":true,"href":"https:\/\/gpl-love.com\/fr\/wp-json\/wp\/v2\/product_brand?post=113115"},{"taxonomy":"product_cat","embeddable":true,"href":"https:\/\/gpl-love.com\/fr\/wp-json\/wp\/v2\/product_cat?post=113115"},{"taxonomy":"product_tag","embeddable":true,"href":"https:\/\/gpl-love.com\/fr\/wp-json\/wp\/v2\/product_tag?post=113115"}],"curies":[{"name":"wp","href":"https:\/\/api.w.org\/{rel}","templated":true}]}}