{"id":113113,"date":"2025-08-25T00:00:00","date_gmt":"2025-08-24T22:00:00","guid":{"rendered":"http:\/\/gpl-love.com\/fr\/produit\/wandau-art-and-history-museum-wordpress-theme\/"},"modified":"2026-04-10T18:45:15","modified_gmt":"2026-04-10T16:45:15","slug":"wandau-art-and-history-museum-wordpress-theme","status":"publish","type":"product","link":"https:\/\/gpl-love.com\/fr\/produit\/wandau-art-and-history-museum-wordpress-theme\/","title":{"rendered":"Wandau Art et History Museum WordPress Theme 1.4.0"},"content":{"rendered":"<h3>Wandau Art et History Museum WordPress Theme Traits<\/h3>\n<p>Le th\u00e8me WordPress du Wandau Art and History Museum est un th\u00e8me hautement personnalisable et convivial, et il est sp\u00e9cialement con\u00e7u pour les mus\u00e9es, les galeries d&rsquo;art et les sites historiques. Il poss\u00e8de un design propre, moderne et esth\u00e9tique qui a le potentiel d&rsquo;impressionner les visiteurs et de leur offrir une exp\u00e9rience de navigation transparente. De plus, le th\u00e8me est enti\u00e8rement r\u00e9actif, garantissant que votre site Web appara\u00eetra sur n&rsquo;importe quel appareil. En outre, il propose une vari\u00e9t\u00e9 de mod\u00e8les pr\u00e9-con\u00e7us qui peuvent \u00eatre utilis\u00e9s pour pr\u00e9senter des \u0153uvres d&rsquo;art et des artefacts historiques, ainsi qu&rsquo;un calendrier d&rsquo;\u00e9v\u00e9nements et un syst\u00e8me de r\u00e9servation. L&rsquo;installation et la personnalisation du th\u00e8me est \u00e9galement un jeu d&rsquo;enfant, vous permettant de le personnaliser pour r\u00e9pondre \u00e0 vos besoins sp\u00e9cifiques. Il convient de noter que le th\u00e8me est optimis\u00e9 en SEO, ce qui signifie qu&rsquo;il peut aider \u00e0 am\u00e9liorer le classement de votre site Web dans les r\u00e9sultats des moteurs de recherche. De plus, de nombreuses options de personnalisation sont disponibles pour les polices, les couleurs et les dispositions. Peu importe que votre \u00e9tablissement soit un petit mus\u00e9e ou une grande galerie d&rsquo;art; Le th\u00e8me WordPress du Wandau Art and History Museum est un excellent choix pour \u00e9tablir une pr\u00e9sence en ligne professionnelle et captivante.<\/p>\n<ul>\n<li>Design \u00e9l\u00e9gant et moderne adapt\u00e9 aux mus\u00e9es d&rsquo;art et d&rsquo;histoire<\/li>\n<li>Page d&rsquo;accueil enti\u00e8rement personnalisable avec diverses sections et dispositions<\/li>\n<li>R\u00e9actif et optimis\u00e9 pour tous les appareils<\/li>\n<li>Builder de page de glisser-d\u00e9poser facile \u00e0 utiliser<\/li>\n<li>Types de publiques personnalis\u00e9es pour les expositions, les \u00e9v\u00e9nements et les \u0153uvres<\/li>\n<li>Section de blog pour les nouvelles et les mises \u00e0 jour<\/li>\n<li>Options avanc\u00e9es de recherche et de filtre pour les visiteurs<\/li>\n<li>Int\u00e9gration avec les plateformes de m\u00e9dias sociaux<\/li>\n<li>Soutien multi-langues pour les mus\u00e9es internationaux<\/li>\n<li>Codage et balisage de sch\u00e9ma conviviaux<\/li>\n<li>Mises \u00e0 jour r\u00e9guli\u00e8res et soutien d\u00e9di\u00e9 \u00e0 l&rsquo;\u00e9quipe des d\u00e9veloppeurs<\/li>\n<\/ul>\n","protected":false},"excerpt":{"rendered":"<p>Le th\u00e8me WordPress du Mus\u00e9e de l&rsquo;art et de l&rsquo;histoire de Wandau se pr\u00e9sente comme une solution impeccable sp\u00e9cialement con\u00e7ue pour les mus\u00e9es, les galeries d&rsquo;art et les institutions culturelles. M\u00e9ticuleusement con\u00e7u avec la plus grande pr\u00e9cision et con\u00e7u pour captiver le c\u0153ur et l&rsquo;esprit des visiteurs, ce th\u00e8me s&rsquo;av\u00e8re \u00eatre un choix id\u00e9al pour pr\u00e9senter des expositions, des collections et d&rsquo;autres programmes sp\u00e9ciaux d&rsquo;une mani\u00e8re visuellement \u00e9tonnante. B\u00e9n\u00e9ficiant d&rsquo;une r\u00e9activit\u00e9 compl\u00e8te, d&rsquo;une convivialit\u00e9 et d&rsquo;une vaste gamme de fonctionnalit\u00e9s, Wandau vise \u00e0 offrir une exp\u00e9rience visuelle in\u00e9gal\u00e9e \u00e0 ses utilisateurs. Avec ce th\u00e8me \u00e0 votre disposition, la cr\u00e9ation et la personnalisation des pages, des galeries et des menus deviennent des efforts sans effort. De plus, l&rsquo;inclusion de la prise en charge audio et du format vid\u00e9o vous permet d&rsquo;int\u00e9grer de mani\u00e8re transparente le contenu multim\u00e9dia dans votre site Web. Par cons\u00e9quent, si vous \u00eates actuellement \u00e0 la recherche d&rsquo;un th\u00e8me WordPress professionnel, \u00e9l\u00e9gant et fonctionnel qui r\u00e9pond aux exigences uniques de votre mus\u00e9e d&rsquo;art ou d&rsquo;histoire, la qu\u00eate s&rsquo;arr\u00eate ici avec le magnifique Wandau.<\/p>\n","protected":false},"featured_media":145735,"comment_status":"open","ping_status":"open","template":"","meta":[],"product_brand":[2433],"product_cat":[1242,1212,1213],"product_tag":[1366],"class_list":{"0":"post-113113","1":"product","2":"type-product","3":"status-publish","4":"has-post-thumbnail","6":"product_brand-themeforest","7":"product_cat-creatif","8":"product_cat-themes","9":"product_cat-wordpress-themes","10":"product_tag-themeforest","11":"member-discount","12":"discount-restricted","14":"first","15":"instock","16":"sale","17":"downloadable","18":"virtual","19":"sold-individually","20":"purchasable","21":"product-type-simple"},"_links":{"self":[{"href":"https:\/\/gpl-love.com\/fr\/wp-json\/wp\/v2\/product\/113113","targetHints":{"allow":["GET"]}}],"collection":[{"href":"https:\/\/gpl-love.com\/fr\/wp-json\/wp\/v2\/product"}],"about":[{"href":"https:\/\/gpl-love.com\/fr\/wp-json\/wp\/v2\/types\/product"}],"replies":[{"embeddable":true,"href":"https:\/\/gpl-love.com\/fr\/wp-json\/wp\/v2\/comments?post=113113"}],"wp:featuredmedia":[{"embeddable":true,"href":"https:\/\/gpl-love.com\/fr\/wp-json\/wp\/v2\/media\/145735"}],"wp:attachment":[{"href":"https:\/\/gpl-love.com\/fr\/wp-json\/wp\/v2\/media?parent=113113"}],"wp:term":[{"taxonomy":"product_brand","embeddable":true,"href":"https:\/\/gpl-love.com\/fr\/wp-json\/wp\/v2\/product_brand?post=113113"},{"taxonomy":"product_cat","embeddable":true,"href":"https:\/\/gpl-love.com\/fr\/wp-json\/wp\/v2\/product_cat?post=113113"},{"taxonomy":"product_tag","embeddable":true,"href":"https:\/\/gpl-love.com\/fr\/wp-json\/wp\/v2\/product_tag?post=113113"}],"curies":[{"name":"wp","href":"https:\/\/api.w.org\/{rel}","templated":true}]}}