{"id":113111,"date":"2026-01-28T00:00:00","date_gmt":"2026-01-27T23:00:00","guid":{"rendered":"http:\/\/gpl-love.com\/fr\/produit\/hbook-hotel-booking-system-wordpress-plugin\/"},"modified":"2026-03-20T23:19:25","modified_gmt":"2026-03-20T22:19:25","slug":"hbook-hotel-booking-system-wordpress-plugin","status":"publish","type":"product","link":"https:\/\/gpl-love.com\/fr\/produit\/hbook-hotel-booking-system-wordpress-plugin\/","title":{"rendered":"HBook Hotel booking system WordPress Plugin 2.1.5"},"content":{"rendered":"<h3>HBook Hotel booking system WordPress Plugin Traits<\/h3>\n<p>HBOOK, un plugin WordPress tr\u00e8s impressionnant et convivial pour les utilisateurs, sert d&rsquo;outil remarquable pour les propri\u00e9taires d&rsquo;h\u00f4tel car il leur permet de g\u00e9rer sans effort leurs r\u00e9servations et r\u00e9servations en ligne. En offrant des formulaires de r\u00e9servation personnalisables et en effectuant des v\u00e9rifications de disponibilit\u00e9 en temps r\u00e9el, il garantit que les clients b\u00e9n\u00e9ficient d&rsquo;une exp\u00e9rience de r\u00e9servation transparente. De plus, HBook offre aux propri\u00e9taires d&rsquo;h\u00f4tels la capacit\u00e9 d&rsquo;\u00e9tablir des r\u00e9glementations sur les prix et la disponibilit\u00e9, g\u00e9rer efficacement les r\u00e9servations et s&rsquo;int\u00e8gre de mani\u00e8re transparente aux passerelles de paiement populaires. Sa r\u00e9activit\u00e9 compl\u00e8te garantit que les clients peuvent facilement r\u00e9server leurs s\u00e9jours de tout appareil qu&rsquo;ils pr\u00e9f\u00e8rent. Par cons\u00e9quent, HBook est une solution optimale pour tout propri\u00e9taire d&rsquo;h\u00f4tel cherchant \u00e0 rationaliser son processus de r\u00e9servation et \u00e0 am\u00e9liorer consid\u00e9rablement ses r\u00e9servations en ligne.<\/p>\n<ul>\n<li>Syst\u00e8me de r\u00e9servation d&rsquo;h\u00f4tel efficace pour les sites Web WordPress<\/li>\n<li>Simplifie les r\u00e9servations d&rsquo;h\u00f4tel pour les clients et le personnel de l&rsquo;h\u00f4tel<\/li>\n<li>Fournit des formulaires de r\u00e9servation et des options de paiement personnalisables<\/li>\n<li>Une interface intuitive permet une gestion facile de la disponibilit\u00e9 et des tarifs des chambres<\/li>\n<li>Offre des options d&rsquo;annulation de r\u00e9servation et de r\u00e9servation multiples de chambres<\/li>\n<li>Fournit une int\u00e9gration transparente avec des passerelles de paiement populaires<\/li>\n<li>Offre une synchronisation en temps r\u00e9el avec des calendriers et des canaux de r\u00e9servation<\/li>\n<li>Permet des r\u00e8gles de r\u00e9servation et des restrictions personnalis\u00e9es<\/li>\n<li>Fournit des fonctionnalit\u00e9s compl\u00e8tes de reportage et d&rsquo;analyse pour une meilleure prise de d\u00e9cision<\/li>\n<li>Offre une prise en charge multi-langues pour la base d&rsquo;utilisateurs mondiaux.<\/li>\n<\/ul>\n","protected":false},"excerpt":{"rendered":"<p>HBOOK, qui est un plugin WordPress exceptionnellement robuste et efficace du syst\u00e8me de r\u00e9servation d&rsquo;h\u00f4tel, donne aux utilisateurs la possibilit\u00e9 de g\u00e9rer sans effort divers aspects tels que la disponibilit\u00e9 des chambres, les prix et les r\u00e9servations. Ce plugin remarquable fusionne parfaitement avec votre site WordPress existant, permettant \u00e0 votre client\u00e8le estim\u00e9 de r\u00e9server des salles commod\u00e9ment directement \u00e0 partir de votre site Web. De plus, HBook poss\u00e8de l&rsquo;inclusion de l&rsquo;int\u00e9gration des paiements, des notifications par e-mail automatiques et un tableau de bord intuitivement con\u00e7u qui facilite la gestion sans effort de toutes vos r\u00e9servations d&rsquo;h\u00f4tels. En utilisant HBOOK, vous avez l&rsquo;occasion in\u00e9gal\u00e9e de rationaliser votre processus de r\u00e9servation d&rsquo;h\u00f4tel, d&rsquo;optimiser vos revenus et de fournir un service client in\u00e9gal\u00e9 \u00e0 vos clients estim\u00e9s.<\/p>\n","protected":false},"featured_media":144171,"comment_status":"open","ping_status":"open","template":"","meta":[],"product_brand":[2435],"product_cat":[1189,1181,1186],"product_tag":[1231],"class_list":{"0":"post-113111","1":"product","2":"type-product","3":"status-publish","4":"has-post-thumbnail","6":"product_brand-codecanyon","7":"product_cat-personnalisation","8":"product_cat-plugins","9":"product_cat-wordpress-plugins","10":"product_tag-codecanyon","11":"member-discount","12":"discount-restricted","14":"first","15":"instock","16":"sale","17":"downloadable","18":"virtual","19":"sold-individually","20":"purchasable","21":"product-type-simple"},"_links":{"self":[{"href":"https:\/\/gpl-love.com\/fr\/wp-json\/wp\/v2\/product\/113111","targetHints":{"allow":["GET"]}}],"collection":[{"href":"https:\/\/gpl-love.com\/fr\/wp-json\/wp\/v2\/product"}],"about":[{"href":"https:\/\/gpl-love.com\/fr\/wp-json\/wp\/v2\/types\/product"}],"replies":[{"embeddable":true,"href":"https:\/\/gpl-love.com\/fr\/wp-json\/wp\/v2\/comments?post=113111"}],"wp:featuredmedia":[{"embeddable":true,"href":"https:\/\/gpl-love.com\/fr\/wp-json\/wp\/v2\/media\/144171"}],"wp:attachment":[{"href":"https:\/\/gpl-love.com\/fr\/wp-json\/wp\/v2\/media?parent=113111"}],"wp:term":[{"taxonomy":"product_brand","embeddable":true,"href":"https:\/\/gpl-love.com\/fr\/wp-json\/wp\/v2\/product_brand?post=113111"},{"taxonomy":"product_cat","embeddable":true,"href":"https:\/\/gpl-love.com\/fr\/wp-json\/wp\/v2\/product_cat?post=113111"},{"taxonomy":"product_tag","embeddable":true,"href":"https:\/\/gpl-love.com\/fr\/wp-json\/wp\/v2\/product_tag?post=113111"}],"curies":[{"name":"wp","href":"https:\/\/api.w.org\/{rel}","templated":true}]}}