{"id":113109,"date":"2022-03-12T00:00:00","date_gmt":"2022-03-11T23:00:00","guid":{"rendered":"http:\/\/gpl-love.com\/fr\/produit\/arcdeco-architecture-and-interior-design-theme\/"},"modified":"2026-03-20T22:54:55","modified_gmt":"2026-03-20T21:54:55","slug":"arcdeco-architecture-and-interior-design-theme","status":"publish","type":"product","link":"https:\/\/gpl-love.com\/fr\/produit\/arcdeco-architecture-and-interior-design-theme\/","title":{"rendered":"Arcdeco Architecture et Interior Design Theme 1.5.5"},"content":{"rendered":"<h3>Arcdeco Architecture et Interior Design Theme Traits<\/h3>\n<p>Arcdeco, un th\u00e8me d&rsquo;architecture et de design d&rsquo;int\u00e9rieur remarquablement moderne et esth\u00e9tique, est la quintessence de l&rsquo;excellence lorsqu&rsquo;il s&rsquo;agit de cr\u00e9er un site Web qui d\u00e9gage le professionnalisme et captive visuellement. Avec sa conception polie et discr\u00e8te, Arcdeco vous permet sans effort de pr\u00e9senter votre fabrication sans pr\u00e9c\u00e9dent et votre \u00e9ventail de services de mani\u00e8re vierge et tr\u00e8s organis\u00e9e. Offrant une vaste gamme de fonctionnalit\u00e9s personnalisables, ce th\u00e8me pr\u00e9sente une pl\u00e9thore d&rsquo;options de mise en page, de sch\u00e9mas de couleurs et de choix de typographie, garantissant que votre site Web est un v\u00e9ritable reflet de votre identit\u00e9 de marque tout en attirant simultan\u00e9ment un afflux de clients potentiels. M\u00e9lang\u00e9e essentielle aux concepteurs ind\u00e9pendants individuels et aux grandes entreprises de conception, Arcdeco est la solution compl\u00e8te pour tous vos besoins de construction de sites Web, vous permettant d&rsquo;\u00e9lever votre entreprise de conception \u00e0 des hauteurs sans pr\u00e9c\u00e9dent. Adoptez l&rsquo;opportunit\u00e9 aujourd&rsquo;hui et adoptez le potentiel transformateur d&rsquo;Arcdeco pour propulser votre activit\u00e9 de conception vers un succ\u00e8s et un triomphe sans pr\u00e9c\u00e9dent.<\/p>\n<ul>\n<li>Architecture hautement personnalisable et th\u00e8me de design d&rsquo;int\u00e9rieur pour WordPress<\/li>\n<li>Design moderne et r\u00e9actif en mettant l&rsquo;accent sur les \u00e9l\u00e9ments visuels<\/li>\n<li>Comprend des mod\u00e8les et des sections pr\u00e9d\u00e9finis pour pr\u00e9senter des projets de portefeuille, des membres de l&rsquo;\u00e9quipe et des services<\/li>\n<li>Livr\u00e9 avec une gamme de widgets cr\u00e9atifs, y compris des curseurs, des t\u00e9moignages et des flux de m\u00e9dias sociaux<\/li>\n<li>Builder de page de glisser-d\u00e9poser et de d\u00e9pression facile \u00e0 utiliser pour cr\u00e9er des dispositions et des conceptions uniques<\/li>\n<li>Fonctionnalit\u00e9 int\u00e9gr\u00e9e de commerce \u00e9lectronique pour vendre des produits et services li\u00e9s \u00e0 la conception<\/li>\n<li>SEO optimis\u00e9 pour les classements de moteur de recherche plus \u00e9lev\u00e9s<\/li>\n<li>S&rsquo;int\u00e8gre \u00e0 des plugins populaires comme le formulaire de contact 7, Yoast SEO et WooCommerce<\/li>\n<li>R\u00e9guli\u00e8rement mis \u00e0 jour avec les correctifs de bogues et les am\u00e9liorations des performances<\/li>\n<li>Documentation approfondie et support client d\u00e9di\u00e9 au d\u00e9pannage et \u00e0 l&rsquo;aide de personnalisation.<\/li>\n<\/ul>\n","protected":false},"excerpt":{"rendered":"<p>Donnez vie \u00e0 vos visions architecturales avec l&rsquo;architecture Arcdeco et le th\u00e8me de la design d&rsquo;int\u00e9rieur. Cet outil puissant est la solution parfaite pour les architectes, les designers d&rsquo;int\u00e9rieur et d&rsquo;autres professionnels de l&rsquo;industrie. Avec Arcdeco, vous pouvez pr\u00e9senter vos projets, partager vos id\u00e9es et attirer des clients potentiels. Le th\u00e8me est enti\u00e8rement r\u00e9actif, ce qui rend votre site Web \u00e9tonnant sur n&rsquo;importe quel appareil. Il est convivial pour vous assurer que votre entreprise obtient la visibilit\u00e9 qu&rsquo;elle m\u00e9rite sur les moteurs de recherche. Arcdeco est \u00e9galement convivial, avec un personnalisateur en direct qui vous permet de personnaliser facilement votre site pour s&rsquo;adapter \u00e0 votre image de marque. En outre, il regorge de fonctionnalit\u00e9s incroyables telles que des pages pr\u00e9d\u00e9finies, des options de typographie avanc\u00e9es et une vaste gamme de sch\u00e9mas de couleurs. De plus, le th\u00e8me prend en charge WooCommerce, ce qui vous permet de vendre facilement vos produits ou services en ligne. \u00c9levez votre activit\u00e9 d&rsquo;architecture et de design d&rsquo;int\u00e9rieur avec le th\u00e8me Arcdeco aujourd&rsquo;hui.<\/p>\n","protected":false},"featured_media":143150,"comment_status":"open","ping_status":"open","template":"","meta":[],"product_brand":[2433],"product_cat":[1356,1212,1213],"product_tag":[1366],"class_list":{"0":"post-113109","1":"product","2":"type-product","3":"status-publish","4":"has-post-thumbnail","6":"product_brand-themeforest","7":"product_cat-immobilier","8":"product_cat-themes","9":"product_cat-wordpress-themes","10":"product_tag-themeforest","11":"member-discount","12":"discount-restricted","14":"first","15":"instock","16":"sale","17":"downloadable","18":"virtual","19":"sold-individually","20":"purchasable","21":"product-type-simple"},"_links":{"self":[{"href":"https:\/\/gpl-love.com\/fr\/wp-json\/wp\/v2\/product\/113109","targetHints":{"allow":["GET"]}}],"collection":[{"href":"https:\/\/gpl-love.com\/fr\/wp-json\/wp\/v2\/product"}],"about":[{"href":"https:\/\/gpl-love.com\/fr\/wp-json\/wp\/v2\/types\/product"}],"replies":[{"embeddable":true,"href":"https:\/\/gpl-love.com\/fr\/wp-json\/wp\/v2\/comments?post=113109"}],"wp:featuredmedia":[{"embeddable":true,"href":"https:\/\/gpl-love.com\/fr\/wp-json\/wp\/v2\/media\/143150"}],"wp:attachment":[{"href":"https:\/\/gpl-love.com\/fr\/wp-json\/wp\/v2\/media?parent=113109"}],"wp:term":[{"taxonomy":"product_brand","embeddable":true,"href":"https:\/\/gpl-love.com\/fr\/wp-json\/wp\/v2\/product_brand?post=113109"},{"taxonomy":"product_cat","embeddable":true,"href":"https:\/\/gpl-love.com\/fr\/wp-json\/wp\/v2\/product_cat?post=113109"},{"taxonomy":"product_tag","embeddable":true,"href":"https:\/\/gpl-love.com\/fr\/wp-json\/wp\/v2\/product_tag?post=113109"}],"curies":[{"name":"wp","href":"https:\/\/api.w.org\/{rel}","templated":true}]}}