{"id":113105,"date":"2023-02-09T00:00:00","date_gmt":"2023-02-08T23:00:00","guid":{"rendered":"http:\/\/gpl-love.com\/fr\/produit\/finoptis-multipurpose-business-wordpress-theme\/"},"modified":"2026-03-20T23:05:54","modified_gmt":"2026-03-20T22:05:54","slug":"finoptis-multipurpose-business-wordpress-theme","status":"publish","type":"product","link":"https:\/\/gpl-love.com\/fr\/produit\/finoptis-multipurpose-business-wordpress-theme\/","title":{"rendered":"Finoptis Multipurpose Business WordPress Theme 2.6.4"},"content":{"rendered":"<h3>Finoptis Multipurpose Business WordPress Theme Traits<\/h3>\n<p>Le th\u00e8me WordPress commercial multipurpose Finoptis se pr\u00e9sente comme une option incroyablement polyvalente et riche en fonctionnalit\u00e9s, sp\u00e9cialement con\u00e7ue pour r\u00e9pondre aux besoins et aux demandes des entreprises. Offrant une interface visuellement attrayante et con\u00e7ue par des professionnels, ce th\u00e8me sert d&rsquo;outil puissant pour \u00e9tablir et maintenir une pr\u00e9sence en ligne cr\u00e9dible et robuste. Non seulement il se vante d&rsquo;une interface conviviale sans effort, mais il accorde \u00e9galement aux utilisateurs la libert\u00e9 d&rsquo;exercer leur cr\u00e9ativit\u00e9 et de fabriquer des sites Web uniques et personnalis\u00e9s via ses options de personnalisation intuitives. De plus, sa conception r\u00e9active garantit que votre site Web appara\u00eetra parfaitement sur tous les appareils. En outre, le th\u00e8me est \u00e9quip\u00e9 d&rsquo;une gamme de mod\u00e8les et de dispositions pr\u00e9d\u00e9finis, acc\u00e9l\u00e9rant le processus de cr\u00e9ation du site Web et permettant aux utilisateurs de se lancer rapidement dans leurs efforts en ligne. Essentiellement, le th\u00e8me WordPress commercial polyvalent Finoptis appara\u00eet comme la solution id\u00e9ale pour les entreprises cherchant \u00e0 consolider leur pr\u00e9sence en ligne et \u00e0 s&rsquo;engager efficacement avec leur public cible.<\/p>\n<ul>\n<li>Conception propre et moderne avec des options personnalisables pour la marque<\/li>\n<li>Disposition r\u00e9active pour une visualisation optimale sur n&rsquo;importe quel appareil<\/li>\n<li>Plusieurs dispositions de d\u00e9monstration pr\u00e9d\u00e9finies pour une personnalisation et une configuration faciles<\/li>\n<li>Construit avec l&rsquo;optimisation SEO \u00e0 l&rsquo;esprit pour une visibilit\u00e9 accrue dans les moteurs de recherche<\/li>\n<li>Int\u00e9gration WooCommerce incluse pour une fonctionnalit\u00e9 facile du commerce \u00e9lectronique<\/li>\n<li>Formulaires de contact int\u00e9gr\u00e9s et int\u00e9gration des m\u00e9dias sociaux pour la communication transparente avec les clients<\/li>\n<li>Documentation compl\u00e8te et support pour les utilisateurs de tous les niveaux de comp\u00e9tence<\/li>\n<li>R\u00e9guli\u00e8rement mis \u00e0 jour avec de nouvelles fonctionnalit\u00e9s et mesures de s\u00e9curit\u00e9 pour la tranquillit\u00e9 d&rsquo;esprit<\/li>\n<li>Compatible avec une large gamme de plugins pour une personnalisation et des fonctionnalit\u00e9s suppl\u00e9mentaires<\/li>\n<li>Optimis\u00e9 pour la vitesse et les performances pour assurer la meilleure exp\u00e9rience possible pour vos visiteurs.<\/li>\n<\/ul>\n","protected":false},"excerpt":{"rendered":"<p>Avec un \u00e9ventail d&rsquo;\u00e9l\u00e9ments personnalisables, le th\u00e8me WordPress commercial multipurpose Finoptis s&rsquo;av\u00e8re \u00eatre la solution id\u00e9ale pour les individus \u00e0 la recherche d&rsquo;un site Web sophistiqu\u00e9 et poli qui poss\u00e8de une fonctionnalit\u00e9 in\u00e9gal\u00e9e. Avec sa nature dynamique et adaptable, ce th\u00e8me est soigneusement con\u00e7u pour r\u00e9pondre aux entreprises qui s&rsquo;\u00e9tendent dans toutes les industries, offrant une vaste gamme de fonctionnalit\u00e9s telles que des curseurs personnalis\u00e9s, des portefeuilles interactifs, des formulaires de contact conviviaux et d&rsquo;innombrables autres attributs ax\u00e9s sur l&rsquo;utilisateur. Que vous vous trouviez \u00e0 la t\u00eate d&rsquo;une startup naissante, d&rsquo;une agence prosp\u00e8re ou de toute autre entit\u00e9 d&rsquo;entreprise, Finoptis est sur le point de r\u00e9volutionner votre pr\u00e9sence num\u00e9rique avec sa capacit\u00e9 \u00e0 s&rsquo;aligner sans effort avec vos exigences commerciales sp\u00e9cifiques. B\u00e9n\u00e9ficiant d&rsquo;une interface intuitive et d&rsquo;une navigation transparente, ce th\u00e8me fusionne sans effort les domaines de l&rsquo;attrait visuel et des fonctionnalit\u00e9s optimales, vous permettant finalement de vous tailler une impression durable dans le vaste paysage num\u00e9rique. D\u00e9diquez vos ressources \u00e0 investir dans les capacit\u00e9s transformatrices de Finoptis et d\u00e9bloquer des opportunit\u00e9s in\u00e9gal\u00e9es pour propulser votre entreprise \u00e0 des sommets sans pr\u00e9c\u00e9dent.<\/p>\n","protected":false},"featured_media":143871,"comment_status":"open","ping_status":"open","template":"","meta":[],"product_brand":[2433],"product_cat":[1214,1212,1213],"product_tag":[1366],"class_list":{"0":"post-113105","1":"product","2":"type-product","3":"status-publish","4":"has-post-thumbnail","6":"product_brand-themeforest","7":"product_cat-polyvalent","8":"product_cat-themes","9":"product_cat-wordpress-themes","10":"product_tag-themeforest","11":"member-discount","12":"discount-restricted","14":"first","15":"instock","16":"sale","17":"downloadable","18":"virtual","19":"sold-individually","20":"purchasable","21":"product-type-simple"},"_links":{"self":[{"href":"https:\/\/gpl-love.com\/fr\/wp-json\/wp\/v2\/product\/113105","targetHints":{"allow":["GET"]}}],"collection":[{"href":"https:\/\/gpl-love.com\/fr\/wp-json\/wp\/v2\/product"}],"about":[{"href":"https:\/\/gpl-love.com\/fr\/wp-json\/wp\/v2\/types\/product"}],"replies":[{"embeddable":true,"href":"https:\/\/gpl-love.com\/fr\/wp-json\/wp\/v2\/comments?post=113105"}],"wp:featuredmedia":[{"embeddable":true,"href":"https:\/\/gpl-love.com\/fr\/wp-json\/wp\/v2\/media\/143871"}],"wp:attachment":[{"href":"https:\/\/gpl-love.com\/fr\/wp-json\/wp\/v2\/media?parent=113105"}],"wp:term":[{"taxonomy":"product_brand","embeddable":true,"href":"https:\/\/gpl-love.com\/fr\/wp-json\/wp\/v2\/product_brand?post=113105"},{"taxonomy":"product_cat","embeddable":true,"href":"https:\/\/gpl-love.com\/fr\/wp-json\/wp\/v2\/product_cat?post=113105"},{"taxonomy":"product_tag","embeddable":true,"href":"https:\/\/gpl-love.com\/fr\/wp-json\/wp\/v2\/product_tag?post=113105"}],"curies":[{"name":"wp","href":"https:\/\/api.w.org\/{rel}","templated":true}]}}