{"id":113103,"date":"2025-09-11T00:00:00","date_gmt":"2025-09-10T22:00:00","guid":{"rendered":"http:\/\/gpl-love.com\/fr\/produit\/induscity-factory-and-manufacturing-wordpress-theme\/"},"modified":"2026-03-20T23:20:15","modified_gmt":"2026-03-20T22:20:15","slug":"induscity-factory-and-manufacturing-wordpress-theme","status":"publish","type":"product","link":"https:\/\/gpl-love.com\/fr\/produit\/induscity-factory-and-manufacturing-wordpress-theme\/","title":{"rendered":"Induscity Factory et Manufacturing WordPress Theme 1.4.8"},"content":{"rendered":"<h3>Induscity Factory et Manufacturing WordPress Theme Traits<\/h3>\n<p>Le th\u00e8me WordPress de l&rsquo;usine d&rsquo;industrie et de la fabrication est un outil extr\u00eamement comp\u00e9tent et puissant qui a \u00e9t\u00e9 m\u00e9ticuleusement con\u00e7u pour r\u00e9pondre aux besoins des entreprises op\u00e9rant dans le domaine industriel. Ce th\u00e8me incarne un design \u00e9l\u00e9gant et contemporain qui est apte \u00e0 montrer votre myriade de produits et services de mani\u00e8re captivante. Gr\u00e2ce \u00e0 son interface conviviale, vous pouvez personnaliser sans effort chaque facette de votre site Web, allant de la disposition des \u00e9l\u00e9ments \u00e0 la s\u00e9lection des teintes, de la typographie et des visuels. De plus, ce th\u00e8me est compl\u00e8tement r\u00e9actif, garantissant qu&rsquo;il d\u00e9gage de la magnificence sur tous les appareils, qu&rsquo;il s&rsquo;agisse d&rsquo;ordinateurs de bureau, d&rsquo;ordinateurs portables, de tablettes ou de smartphones. De plus, il profite \u00e0 un \u00e9ventail de fonctionnalit\u00e9s sur mesure qui s&rsquo;adressent exclusivement aux entreprises industrielles, englobant des catalogues de produits complets, des portefeuilles de projet, des profils de membres de l&rsquo;\u00e9quipe et une pl\u00e9nitude de fonctionnalit\u00e9s suppl\u00e9mentaires. Dans l&rsquo;ensemble, le th\u00e8me WordPress de l&rsquo;usine d&rsquo;industrie et de la fabrication est une s\u00e9lection exemplaire pour toute entreprise cherchant \u00e0 \u00e9tablir une pr\u00e9sence en ligne r\u00e9solue et percutante.<\/p>\n<ul>\n<li>Un th\u00e8me WordPress puissant et personnalisable con\u00e7u sp\u00e9cifiquement pour les usines et les entreprises de fabrication<\/li>\n<li>Conception propre et moderne en mettant l&rsquo;accent sur l&rsquo;exp\u00e9rience utilisateur et la navigation facile<\/li>\n<li>Enti\u00e8rement r\u00e9actif et adapt\u00e9 aux mobiles, garantir que votre site Web a fi\u00e8re allure sur tous les appareils<\/li>\n<li>Comprend des pages pr\u00e9-construites pour pr\u00e9senter vos produits, services, membres de l&rsquo;\u00e9quipe et plus encore<\/li>\n<li>Page d&rsquo;accueil personnalisable avec une vari\u00e9t\u00e9 de sections, notamment un diaporama, des produits en vedette, des t\u00e9moignages clients et plus<\/li>\n<li>Int\u00e9gration avec des plugins populaires tels que WooCommerce pour vendre des produits en ligne et le formulaire de contact 7 pour une communication facile avec les clients<\/li>\n<li>Construit avec les derni\u00e8res technologies Web et les meilleures pratiques pour les pages \u00e0 chargement rapide et les classements optimis\u00e9s des moteurs de recherche<\/li>\n<li>Facilement personnalisable via le personnalisateur WordPress ou \u00e0 l&rsquo;aide du plugin Visual Composer inclus<\/li>\n<li>Documentation compl\u00e8te et \u00e9quipe de support d\u00e9di\u00e9e pour vous aider \u00e0 tirer le meilleur parti de votre site Web.<\/li>\n<\/ul>\n","protected":false},"excerpt":{"rendered":"<p>L&rsquo;industrie, un th\u00e8me WordPress d&rsquo;usine et de fabrication exceptionnellement de haute qualit\u00e9, a \u00e9t\u00e9 m\u00e9ticuleusement con\u00e7u pour pr\u00e9senter votre entreprise industrielle avec une aura de plus grand professionnalisme et d&rsquo;esth\u00e9tique contemporaine. Notamment, ce th\u00e8me est enti\u00e8rement r\u00e9actif, garantissant ainsi un affichage optimal sur divers appareils. De plus, il offre un constructeur de pages glisser-d\u00e9poser exceptionnellement robuste, permettant une personnalisation et une personnalisation sans effort pour s&rsquo;aligner impeccablement sur les besoins uniques de votre entreprise. La myriade d&rsquo;options de personnalisation disponibles amplifie davantage son aptitude en tant que solution id\u00e9ale pour votre entreprise. B\u00e9n\u00e9ficiant d&rsquo;un \u00e9ventail de fonctionnalit\u00e9s et de fonctionnalit\u00e9s avanc\u00e9es, l&rsquo;industrie simplifie le processus de captivation des clients potentiels tout en pr\u00e9sentant efficacement votre vaste r\u00e9pertoire de produits et services. Pr\u00e9parez-vous pour une progression sans pr\u00e9c\u00e9dent de votre entreprise industrielle alors que vous vous aventurez sur un territoire inexplor\u00e9 avec le th\u00e8me WordPress de l&rsquo;industrie immens\u00e9ment puissant.<\/p>\n","protected":false},"featured_media":144225,"comment_status":"open","ping_status":"open","template":"","meta":[],"product_brand":[2433],"product_cat":[1516,1212,1213],"product_tag":[1366],"class_list":{"0":"post-113103","1":"product","2":"type-product","3":"status-publish","4":"has-post-thumbnail","6":"product_brand-themeforest","7":"product_cat-entreprise","8":"product_cat-themes","9":"product_cat-wordpress-themes","10":"product_tag-themeforest","11":"member-discount","12":"discount-restricted","14":"first","15":"instock","16":"sale","17":"downloadable","18":"virtual","19":"sold-individually","20":"purchasable","21":"product-type-simple"},"_links":{"self":[{"href":"https:\/\/gpl-love.com\/fr\/wp-json\/wp\/v2\/product\/113103","targetHints":{"allow":["GET"]}}],"collection":[{"href":"https:\/\/gpl-love.com\/fr\/wp-json\/wp\/v2\/product"}],"about":[{"href":"https:\/\/gpl-love.com\/fr\/wp-json\/wp\/v2\/types\/product"}],"replies":[{"embeddable":true,"href":"https:\/\/gpl-love.com\/fr\/wp-json\/wp\/v2\/comments?post=113103"}],"wp:featuredmedia":[{"embeddable":true,"href":"https:\/\/gpl-love.com\/fr\/wp-json\/wp\/v2\/media\/144225"}],"wp:attachment":[{"href":"https:\/\/gpl-love.com\/fr\/wp-json\/wp\/v2\/media?parent=113103"}],"wp:term":[{"taxonomy":"product_brand","embeddable":true,"href":"https:\/\/gpl-love.com\/fr\/wp-json\/wp\/v2\/product_brand?post=113103"},{"taxonomy":"product_cat","embeddable":true,"href":"https:\/\/gpl-love.com\/fr\/wp-json\/wp\/v2\/product_cat?post=113103"},{"taxonomy":"product_tag","embeddable":true,"href":"https:\/\/gpl-love.com\/fr\/wp-json\/wp\/v2\/product_tag?post=113103"}],"curies":[{"name":"wp","href":"https:\/\/api.w.org\/{rel}","templated":true}]}}