{"id":113101,"date":"2021-03-23T00:00:00","date_gmt":"2021-03-22T23:00:00","guid":{"rendered":"http:\/\/gpl-love.com\/fr\/produit\/qudos-portfolio-and-agency-wordpress-theme\/"},"modified":"2026-04-10T18:37:36","modified_gmt":"2026-04-10T16:37:36","slug":"qudos-portfolio-and-agency-wordpress-theme","status":"publish","type":"product","link":"https:\/\/gpl-love.com\/fr\/produit\/qudos-portfolio-and-agency-wordpress-theme\/","title":{"rendered":"Qudos Portfolio et Agency WordPress Theme 1.4.1"},"content":{"rendered":"<h3>Qudos Portfolio et Agency WordPress Theme Traits<\/h3>\n<p>Le portfolio Qudos et le th\u00e8me WordPress de l&rsquo;agence poss\u00e8de une myriade de fonctionnalit\u00e9s personnalisables, ce qui en fait une solution incroyablement polyvalente et compl\u00e8te pour les entreprises cherchant \u00e0 \u00e9tablir une formidable pr\u00e9sence en ligne. Avec son design \u00e9l\u00e9gant et professionnel, ce th\u00e8me r\u00e9pond impeccablement aux besoins des portefeuilles et des agences. Non seulement il poss\u00e8de une conception r\u00e9active qui s&rsquo;adapte sans effort \u00e0 n&rsquo;importe quel appareil, mais il poss\u00e8de \u00e9galement une interface intuitive qui facilite la navigation et les mises \u00e0 jour transparentes. Le th\u00e8me QudOS offre une pl\u00e9thore d&rsquo;options pour pr\u00e9senter des travaux, allant des galeries aux curseurs, et comprend m\u00eame plusieurs mod\u00e8les de pages pr\u00e9d\u00e9finis qui simplifient et rationalisent le processus de cr\u00e9ation du site Web. De plus, il est sp\u00e9cifiquement optimis\u00e9 pour les moteurs de recherche, garantissant que votre site Web se classera favorablement sur des plateformes estim\u00e9es telles que Google et d&rsquo;autres moteurs de recherche. Que vous soyez une agence bien \u00e9tablie ou que vous vous embarquiez simplement dans votre parcours entrepreneurial, le portefeuille Qudos et le th\u00e8me WordPress de l&rsquo;agence sert d&rsquo;outil exceptionnellement puissant et flexible pour construire une pr\u00e9sence en ligne triomphale.<\/p>\n<ul>\n<li>Page d&rsquo;accueil personnalisable avec constructeur de pages faciles \u00e0 utiliser<\/li>\n<li>Options d&rsquo;en-t\u00eate et de pied de page multiples<\/li>\n<li>Conception r\u00e9active et pr\u00eate \u00e0 la r\u00e9tine pour une visualisation optimale sur n&rsquo;importe quel appareil<\/li>\n<li>Portfolio et dispositions de blogs avec diverses options pour pr\u00e9senter votre travail<\/li>\n<li>Int\u00e9gration WooCommerce pour une fonctionnalit\u00e9 facile en ligne<\/li>\n<li>Plusieurs options de couleurs et de polices pour la marque personnalis\u00e9e<\/li>\n<li>SEO optimis\u00e9 pour am\u00e9liorer le classement des moteurs de recherche<\/li>\n<li>Traduction pr\u00eate pour le public mondial<\/li>\n<li>H\u00f4te de pages pr\u00e9-con\u00e7ues pour une configuration de site Web facile<\/li>\n<li>Importateur de d\u00e9monstration en un clic pour l&rsquo;installation sans tracas<\/li>\n<li>R\u00e9guli\u00e8rement mis \u00e0 jour avec de nouvelles fonctionnalit\u00e9s et corrections de bogues<\/li>\n<\/ul>\n","protected":false},"excerpt":{"rendered":"<p>Le portefeuille Qudos et le th\u00e8me WordPress de l&rsquo;agence, avec sa conception multiforme et de pointe, sert de choix impeccable pour pr\u00e9senter vos efforts artistiques ou g\u00e9rer la pr\u00e9sence en ligne de votre agence. Offrant une pl\u00e9thore d&rsquo;arrangements de page d&rsquo;accueil, d&rsquo;alternatives de portefeuille et de widgets personnalis\u00e9s, ce th\u00e8me facilite sans effort la cr\u00e9ation d&rsquo;un site Web sur mesure et tr\u00e8s sophistiqu\u00e9. De plus, QuDOS pr\u00e9sente son adaptabilit\u00e9 en \u00e9tant r\u00e9actif sur les appareils mobiles, en am\u00e9liorant l&rsquo;optimisation des moteurs de recherche et en fournissant une interface conviviale pour une personnalisation transparente via son constructeur de page de glisser-d\u00e9poser intuitif. \u00cates-vous pr\u00eat \u00e0 laisser une impression durable dans le domaine num\u00e9rique? Commencez votre voyage avec Qudos aujourd&rsquo;hui.<\/p>\n","protected":false},"featured_media":145063,"comment_status":"open","ping_status":"open","template":"","meta":[],"product_brand":[2433],"product_cat":[1242,1212,1213],"product_tag":[1366],"class_list":{"0":"post-113101","1":"product","2":"type-product","3":"status-publish","4":"has-post-thumbnail","6":"product_brand-themeforest","7":"product_cat-creatif","8":"product_cat-themes","9":"product_cat-wordpress-themes","10":"product_tag-themeforest","11":"member-discount","12":"discount-restricted","14":"first","15":"instock","16":"sale","17":"downloadable","18":"virtual","19":"sold-individually","20":"purchasable","21":"product-type-simple"},"_links":{"self":[{"href":"https:\/\/gpl-love.com\/fr\/wp-json\/wp\/v2\/product\/113101","targetHints":{"allow":["GET"]}}],"collection":[{"href":"https:\/\/gpl-love.com\/fr\/wp-json\/wp\/v2\/product"}],"about":[{"href":"https:\/\/gpl-love.com\/fr\/wp-json\/wp\/v2\/types\/product"}],"replies":[{"embeddable":true,"href":"https:\/\/gpl-love.com\/fr\/wp-json\/wp\/v2\/comments?post=113101"}],"wp:featuredmedia":[{"embeddable":true,"href":"https:\/\/gpl-love.com\/fr\/wp-json\/wp\/v2\/media\/145063"}],"wp:attachment":[{"href":"https:\/\/gpl-love.com\/fr\/wp-json\/wp\/v2\/media?parent=113101"}],"wp:term":[{"taxonomy":"product_brand","embeddable":true,"href":"https:\/\/gpl-love.com\/fr\/wp-json\/wp\/v2\/product_brand?post=113101"},{"taxonomy":"product_cat","embeddable":true,"href":"https:\/\/gpl-love.com\/fr\/wp-json\/wp\/v2\/product_cat?post=113101"},{"taxonomy":"product_tag","embeddable":true,"href":"https:\/\/gpl-love.com\/fr\/wp-json\/wp\/v2\/product_tag?post=113101"}],"curies":[{"name":"wp","href":"https:\/\/api.w.org\/{rel}","templated":true}]}}