{"id":113097,"date":"2026-02-05T00:00:00","date_gmt":"2026-02-04T23:00:00","guid":{"rendered":"http:\/\/gpl-love.com\/fr\/produit\/gon-responsive-multipurpose-wordpress-theme\/"},"modified":"2026-03-20T23:17:15","modified_gmt":"2026-03-20T22:17:15","slug":"gon-responsive-multipurpose-wordpress-theme","status":"publish","type":"product","link":"https:\/\/gpl-love.com\/fr\/produit\/gon-responsive-multipurpose-wordpress-theme\/","title":{"rendered":"Gon Responsive MultiPurpose WordPress Theme 2.5.4"},"content":{"rendered":"<h3>Gon Responsive MultiPurpose WordPress Theme Traits<\/h3>\n<p>Le th\u00e8me WordPress polyvalent GON est un th\u00e8me incroyablement polyvalent et complet qui r\u00e9pond \u00e0 un \u00e9ventail diversifi\u00e9 de besoins de site Web. Ce th\u00e8me exceptionnel a \u00e9t\u00e9 soigneusement con\u00e7u pour \u00eatre pleinement r\u00e9actif, garantissant qu&rsquo;il s&rsquo;adapte sans effort \u00e0 n&rsquo;importe quel appareil ou taille d&rsquo;\u00e9cran. De plus, il est \u00e9quip\u00e9 d&rsquo;une large gamme de fonctionnalit\u00e9s impressionnantes qui permettent aux utilisateurs de cr\u00e9er des sites Web visuellement \u00e9tonnants, dynamiques et conviviaux, quel que soit leur niveau d&rsquo;expertise en d\u00e9veloppement Web. Que votre objectif soit d&rsquo;\u00e9tablir une boutique en ligne, de cr\u00e9er un blog captivant, de pr\u00e9senter un portefeuille engageant ou d&rsquo;\u00e9tablir un site Web d&rsquo;entreprise professionnel, soyez assur\u00e9 que Gon vous a couvert. Ce th\u00e8me remarquable offre un constructeur de page de glisser-d\u00e9poser facile \u00e0 utiliser, vous accordant des options de personnalisation illimit\u00e9es et une compatibilit\u00e9 transparente avec les plugins populaires. Par cons\u00e9quent, les possibilit\u00e9s de cr\u00e9er une pr\u00e9sence en ligne distinctive et captivante sont sans limites lors de l&rsquo;utilisation de GON. En tirant parti de ce th\u00e8me exceptionnel, vous pouvez attirer sans effort un plus grand nombre de visiteurs, am\u00e9liorer l&rsquo;engagement et atteindre sans effort vos objectifs en ligne.<\/p>\n<ul>\n<li>Conception enti\u00e8rement r\u00e9active optimis\u00e9e pour tous les appareils<\/li>\n<li>Plusieurs dispositions de d\u00e9monstration personnalisables pour une configuration facile<\/li>\n<li>Faites glisser et d\u00e9posez le constructeur de pages pour cr\u00e9er des conceptions de pages uniques<\/li>\n<li>Int\u00e9gration WooCommerce pour la configuration de la boutique en ligne facile<\/li>\n<li>SEO optimis\u00e9 pour les classements de moteur de recherche plus \u00e9lev\u00e9s<\/li>\n<li>Mega menu int\u00e9gr\u00e9 pour une navigation am\u00e9lior\u00e9e<\/li>\n<li>Importation de d\u00e9monstration en un clic pour une installation rapide<\/li>\n<li>Int\u00e9gration des m\u00e9dias sociaux pour le partage facile et le suivi<\/li>\n<li>Options de t\u00eate et de pied de page personnalisables pour la marque personnalis\u00e9e<\/li>\n<li>Options de couleurs et de polices illimit\u00e9es pour correspondre au style de votre marque.<\/li>\n<\/ul>\n","protected":false},"excerpt":{"rendered":"<p>Le th\u00e8me WordPress polyvalent GON est un mod\u00e8le incroyablement polyvalent et hautement personnalisable qui se pr\u00eate parfaitement \u00e0 un large \u00e9ventail de sites Web. B\u00e9n\u00e9ficiant d&rsquo;un design \u00e9l\u00e9gant et contemporain, avec un \u00e9ventail de dispositions de page d&rsquo;accueil et de pages Web pr\u00e9fabriqu\u00e9es pour s\u00e9lectionner, ce th\u00e8me a vraiment tout. De plus, ce mod\u00e8le remarquable est pleinement r\u00e9actif et m\u00e9ticuleusement optimis\u00e9 pour le r\u00e9f\u00e9rencement, garantissant que votre site Web semble non seulement \u00e9tonnant sur tous les appareils, mais fonctionne \u00e9galement exceptionnellement bien. Avec ses options de personnalisation incroyablement conviviales, vous poss\u00e9dez le pouvoir de vraiment faire ressortir votre site Web de la foule, pr\u00e9sentant sans effort votre identit\u00e9 de marque distinctive. Que vous soyez en train de concevoir un blog captivant, un portefeuille attrayant ou un site de commerce \u00e9lectronique exceptionnel, le th\u00e8me GON est incontestablement le choix id\u00e9al pour vous.<\/p>\n","protected":false},"featured_media":144033,"comment_status":"open","ping_status":"open","template":"","meta":[],"product_brand":[2433],"product_cat":[1214,1212,1213],"product_tag":[1366],"class_list":{"0":"post-113097","1":"product","2":"type-product","3":"status-publish","4":"has-post-thumbnail","6":"product_brand-themeforest","7":"product_cat-polyvalent","8":"product_cat-themes","9":"product_cat-wordpress-themes","10":"product_tag-themeforest","11":"member-discount","12":"discount-restricted","14":"first","15":"instock","16":"sale","17":"downloadable","18":"virtual","19":"sold-individually","20":"purchasable","21":"product-type-simple"},"_links":{"self":[{"href":"https:\/\/gpl-love.com\/fr\/wp-json\/wp\/v2\/product\/113097","targetHints":{"allow":["GET"]}}],"collection":[{"href":"https:\/\/gpl-love.com\/fr\/wp-json\/wp\/v2\/product"}],"about":[{"href":"https:\/\/gpl-love.com\/fr\/wp-json\/wp\/v2\/types\/product"}],"replies":[{"embeddable":true,"href":"https:\/\/gpl-love.com\/fr\/wp-json\/wp\/v2\/comments?post=113097"}],"wp:featuredmedia":[{"embeddable":true,"href":"https:\/\/gpl-love.com\/fr\/wp-json\/wp\/v2\/media\/144033"}],"wp:attachment":[{"href":"https:\/\/gpl-love.com\/fr\/wp-json\/wp\/v2\/media?parent=113097"}],"wp:term":[{"taxonomy":"product_brand","embeddable":true,"href":"https:\/\/gpl-love.com\/fr\/wp-json\/wp\/v2\/product_brand?post=113097"},{"taxonomy":"product_cat","embeddable":true,"href":"https:\/\/gpl-love.com\/fr\/wp-json\/wp\/v2\/product_cat?post=113097"},{"taxonomy":"product_tag","embeddable":true,"href":"https:\/\/gpl-love.com\/fr\/wp-json\/wp\/v2\/product_tag?post=113097"}],"curies":[{"name":"wp","href":"https:\/\/api.w.org\/{rel}","templated":true}]}}