{"id":113095,"date":"2022-02-26T00:00:00","date_gmt":"2022-02-25T23:00:00","guid":{"rendered":"http:\/\/gpl-love.com\/fr\/produit\/ekko-multipurpose-wordpress-theme\/"},"modified":"2026-03-20T23:03:04","modified_gmt":"2026-03-20T22:03:04","slug":"ekko-multipurpose-wordpress-theme","status":"publish","type":"product","link":"https:\/\/gpl-love.com\/fr\/produit\/ekko-multipurpose-wordpress-theme\/","title":{"rendered":"Ekko MultiPurpose WordPress Theme 3.2"},"content":{"rendered":"<h3>Ekko MultiPurpose WordPress Theme Traits<\/h3>\n<p>Le th\u00e8me WordPress multipurpose Ekko, qui poss\u00e8de une vaste gamme de fonctionnalit\u00e9s et de fonctionnalit\u00e9s, est un th\u00e8me vraiment polyvalent et convivial qui s&rsquo;adresse \u00e0 un \u00e9ventail diversifi\u00e9 d&rsquo;utilisateurs. Ce th\u00e8me remarquable permet aux utilisateurs de concevoir sans effort un site Web visuellement \u00e9tonnant et fonctionnellement fonctionnel. Gr\u00e2ce \u00e0 sa conception r\u00e9active, le th\u00e8me WordPress polyvalent Ekko est accessible sur divers appareils, faisant ainsi appel aux entreprises et aux individus d\u00e9sireux d&rsquo;\u00e9tendre leur port\u00e9e \u00e0 un public plus large. Peu importe si l&rsquo;on souhaite cr\u00e9er un portefeuille accrocheur, un blog engageant, une boutique en ligne lucrative ou un site Web d&rsquo;entreprise sophistiqu\u00e9, le th\u00e8me WordPress multipurpose Ekko r\u00e9pond habilement \u00e0 ces exigences. De plus, le panneau d&rsquo;administration convivial du th\u00e8me facilite la personnalisation facile de son site Web, tandis que ses outils de r\u00e9f\u00e9rencement robustes propulsent efficacement son site Web en haut du classement des moteurs de recherche. Avec le th\u00e8me WordPress polyvalent EKKO, le processus de fabrication d&rsquo;un site Web professionnel et captivant n&rsquo;a jamais \u00e9t\u00e9 aussi simple.<\/p>\n<ul>\n<li>Design propre et moderne<\/li>\n<li>Enti\u00e8rement r\u00e9actif et convivial<\/li>\n<li>Int\u00e9gr\u00e9 avec des plugins de g\u00e9n\u00e9ration de page populaires pour une personnalisation facile<\/li>\n<li>Comprend plus de plus de dispositions de d\u00e9monstration pr\u00e9-con\u00e7ues<\/li>\n<li>Int\u00e9gration WooCommerce int\u00e9gr\u00e9e pour la fonctionnalit\u00e9 du commerce \u00e9lectronique<\/li>\n<li>Fonction d&rsquo;importation de d\u00e9monstration en un clic pour une configuration rapide<\/li>\n<li>Comprend des plugins de curseur et de couches Revolution pour les curseurs dynamiques et les pr\u00e9sentations<\/li>\n<li>Les styles d&rsquo;en-t\u00eate et de pied de page \u00e0 choisir<\/li>\n<li>SEO optimis\u00e9 pour les classements de moteur de recherche plus \u00e9lev\u00e9s<\/li>\n<li>R\u00e9guli\u00e8rement mis \u00e0 jour avec de nouvelles fonctionnalit\u00e9s et corrections de bogues<\/li>\n<li>Cros-Browser compatible pour les performances transparentes dans tous les navigateurs.<\/li>\n<\/ul>\n","protected":false},"excerpt":{"rendered":"<p>Ekko, un th\u00e8me WordPress polyvalent de la polyvalence et du dynamisme remarquables, a \u00e9t\u00e9 habilement con\u00e7u pour r\u00e9pondre aux diverses exigences de diverses entreprises, organisations et individus. Ce th\u00e8me exceptionnel poss\u00e8de un design moderne et \u00e9l\u00e9gant qui est tout simplement captivant. De plus, Ekko propose une vaste gamme de fonctionnalit\u00e9s remarquables, englobant des dispositions personnalisables, un assortiment de variations de page d&rsquo;accueil, un constructeur de pages glisser-d\u00e9coller convivial, une compatibilit\u00e9 de commerce \u00e9lectronique et une abondance d&rsquo;autres fonctionnalit\u00e9s exceptionnelles. L&rsquo;un des aspects les plus remarquables de ce th\u00e8me est sa r\u00e9activit\u00e9 compl\u00e8te et sa convivialit\u00e9 sur le moteur de recherche. Rassurez-vous, votre site Web d\u00e9gagera de l&rsquo;excellence et effectuera de mani\u00e8re optimale sur tous les types d&rsquo;appareils. En outre, il sera d\u00e9couverte sans effort par des moteurs de recherche renomm\u00e9s. Donc, que vous aspirez \u00e0 cr\u00e9er un portefeuille \u00e9tonnant, un blog engageant et informatif ou un site Web professionnel, Ekko se pr\u00e9sente comme un choix fiable et intuitif pour r\u00e9ussir votre pr\u00e9sence en ligne et \u00e9lever votre entreprise \u00e0 de nouvelles hauteurs.<\/p>\n","protected":false},"featured_media":143686,"comment_status":"open","ping_status":"open","template":"","meta":[],"product_brand":[2433],"product_cat":[1516,1212,1213],"product_tag":[1366],"class_list":{"0":"post-113095","1":"product","2":"type-product","3":"status-publish","4":"has-post-thumbnail","6":"product_brand-themeforest","7":"product_cat-entreprise","8":"product_cat-themes","9":"product_cat-wordpress-themes","10":"product_tag-themeforest","11":"member-discount","12":"discount-restricted","14":"first","15":"instock","16":"sale","17":"downloadable","18":"virtual","19":"sold-individually","20":"purchasable","21":"product-type-simple"},"_links":{"self":[{"href":"https:\/\/gpl-love.com\/fr\/wp-json\/wp\/v2\/product\/113095","targetHints":{"allow":["GET"]}}],"collection":[{"href":"https:\/\/gpl-love.com\/fr\/wp-json\/wp\/v2\/product"}],"about":[{"href":"https:\/\/gpl-love.com\/fr\/wp-json\/wp\/v2\/types\/product"}],"replies":[{"embeddable":true,"href":"https:\/\/gpl-love.com\/fr\/wp-json\/wp\/v2\/comments?post=113095"}],"wp:featuredmedia":[{"embeddable":true,"href":"https:\/\/gpl-love.com\/fr\/wp-json\/wp\/v2\/media\/143686"}],"wp:attachment":[{"href":"https:\/\/gpl-love.com\/fr\/wp-json\/wp\/v2\/media?parent=113095"}],"wp:term":[{"taxonomy":"product_brand","embeddable":true,"href":"https:\/\/gpl-love.com\/fr\/wp-json\/wp\/v2\/product_brand?post=113095"},{"taxonomy":"product_cat","embeddable":true,"href":"https:\/\/gpl-love.com\/fr\/wp-json\/wp\/v2\/product_cat?post=113095"},{"taxonomy":"product_tag","embeddable":true,"href":"https:\/\/gpl-love.com\/fr\/wp-json\/wp\/v2\/product_tag?post=113095"}],"curies":[{"name":"wp","href":"https:\/\/api.w.org\/{rel}","templated":true}]}}