{"id":113093,"date":"2025-06-03T00:00:00","date_gmt":"2025-06-02T22:00:00","guid":{"rendered":"http:\/\/gpl-love.com\/fr\/produit\/file-manager-pro-plugin-for-wordpress\/"},"modified":"2026-03-20T23:05:47","modified_gmt":"2026-03-20T22:05:47","slug":"file-manager-pro-plugin-for-wordpress","status":"publish","type":"product","link":"https:\/\/gpl-love.com\/fr\/produit\/file-manager-pro-plugin-for-wordpress\/","title":{"rendered":"File Manager Pro Plugin pour WordPress 8.4.3"},"content":{"rendered":"<h3>File Manager Pro Plugin pour WordPress Traits<\/h3>\n<p>Le plugin File Manager Pro pour WordPress est un outil incroyablement robuste et efficace qui donne aux utilisateurs la possibilit\u00e9 de g\u00e9rer sans effort leurs fichiers et dossiers directement \u00e0 partir de la commodit\u00e9 de leur tableau de bord WordPress. Ce plugin convivial simplifie les t\u00e2ches du t\u00e9l\u00e9chargement, de l&rsquo;\u00e9dition, de la suppression et de l&rsquo;organisation des fichiers en quelques clics. En outre, il prend en charge un large \u00e9ventail de types de fichiers et permet les capacit\u00e9s de partage de fichiers, solidant ainsi son statut de ressource indispensable pour les personnes ayant besoin de services de gestion de fichiers en ligne. Le plugin poss\u00e8de une interface tr\u00e8s intuitive qui facilite la navigation transparente au sein du gestionnaire de fichiers. De plus, il offre des fonctionnalit\u00e9s avanc\u00e9es telles que les r\u00f4les et les autorisations des utilisateurs, la compression de fichiers et le chiffrement des fichiers, ce qui en fait un choix exceptionnel pour les entreprises et les particuliers. Que vous vous identifiiez en tant que d\u00e9veloppeur Web, blogueur ou propri\u00e9taire d&rsquo;une petite entreprise, le plugin de File Manager Pro pour WordPress repr\u00e9sente la solution ultime pour organiser efficacement des fichiers sur votre site Web WordPress.<\/p>\n<ul>\n<li>G\u00e9rez tous vos fichiers \u00e0 partir de WordPress sans avoir besoin d&rsquo;un client FTP externe<\/li>\n<li>Organisez vos fichiers et dossiers pour garder tout propre et bien rang\u00e9<\/li>\n<li>Modifiez les fichiers directement dans le tableau de bord WordPress \u00e0 l&rsquo;aide de l&rsquo;\u00e9diteur de code int\u00e9gr\u00e9<\/li>\n<li>D\u00e9finir les autorisations et les contr\u00f4les d&rsquo;acc\u00e8s pour garder vos fichiers s\u00e9curis\u00e9s<\/li>\n<li>T\u00e9l\u00e9charger et t\u00e9l\u00e9charger des fichiers rapidement et facilement avec une interface conviviale<\/li>\n<li>Compatible avec tous les th\u00e8mes et plugins, afin que vous puissiez travailler avec vos outils pr\u00e9f\u00e9r\u00e9s<\/li>\n<li>Mises \u00e0 jour r\u00e9guli\u00e8res et correctifs de bogues pour garder votre gestion de fichiers en douceur et sans tracas<\/li>\n<li>Acc\u00e9der et g\u00e9rer n&rsquo;importe quel type de fichier, des images aux documents vers des fichiers multim\u00e9dias et plus<\/li>\n<li>Compatible avec tous les navigateurs et syst\u00e8mes d&rsquo;exploitation modernes pour un maximum de commodit\u00e9<\/li>\n<li>Obtenez une assistance et une documentation expertes pour vous aider \u00e0 tirer le meilleur parti de votre plugin Pro Manager Pro.<\/li>\n<\/ul>\n","protected":false},"excerpt":{"rendered":"<p>Le plugin File Manager Pro pour WordPress est con\u00e7u pour fournir aux utilisateurs un syst\u00e8me de gestion de fichiers tr\u00e8s fiable et sophistiqu\u00e9 pour leurs sites Web WordPress. Ce plugin offre une myriade de fonctionnalit\u00e9s qui permettent aux utilisateurs de g\u00e9rer, de modifier, de t\u00e9l\u00e9charger et de distribuer des fichiers sans effort \u00e0 partir d&rsquo;un emplacement centralis\u00e9 dans leur tableau de bord WordPress. B\u00e9n\u00e9ficiant d&rsquo;une interface conviviale, ce plugin va au-del\u00e0 des bases en offrant des fonctionnalit\u00e9s avanc\u00e9es telles que la possibilit\u00e9 de faire glisser et d\u00e9poser des fichiers pour le t\u00e9l\u00e9chargement, une fonction de recherche compl\u00e8te et la capacit\u00e9 de partager des fichiers. Ces attributs font du plugin File Manager Pro un outil indispensable pour les propri\u00e9taires de sites Web et les d\u00e9veloppeurs qui jonglent constamment avec plusieurs t\u00e2ches. Offrez des adieux au processus ardu d&rsquo;organisation et de gestion des fichiers, et bienvenue dans un flux de travail transparent avec le plugin de gestionnaire de fichiers Pro!<\/p>\n","protected":false},"featured_media":143862,"comment_status":"open","ping_status":"open","template":"","meta":[],"product_brand":[2547],"product_cat":[1187,1181,1186],"product_tag":[1839],"class_list":{"0":"post-113093","1":"product","2":"type-product","3":"status-publish","4":"has-post-thumbnail","6":"product_brand-file-manager-pro","7":"product_cat-administration-wordpress-plugins","8":"product_cat-plugins","9":"product_cat-wordpress-plugins","10":"product_tag-file-manager-pro","11":"member-discount","12":"discount-restricted","14":"first","15":"instock","16":"sale","17":"downloadable","18":"virtual","19":"sold-individually","20":"purchasable","21":"product-type-simple"},"_links":{"self":[{"href":"https:\/\/gpl-love.com\/fr\/wp-json\/wp\/v2\/product\/113093","targetHints":{"allow":["GET"]}}],"collection":[{"href":"https:\/\/gpl-love.com\/fr\/wp-json\/wp\/v2\/product"}],"about":[{"href":"https:\/\/gpl-love.com\/fr\/wp-json\/wp\/v2\/types\/product"}],"replies":[{"embeddable":true,"href":"https:\/\/gpl-love.com\/fr\/wp-json\/wp\/v2\/comments?post=113093"}],"wp:featuredmedia":[{"embeddable":true,"href":"https:\/\/gpl-love.com\/fr\/wp-json\/wp\/v2\/media\/143862"}],"wp:attachment":[{"href":"https:\/\/gpl-love.com\/fr\/wp-json\/wp\/v2\/media?parent=113093"}],"wp:term":[{"taxonomy":"product_brand","embeddable":true,"href":"https:\/\/gpl-love.com\/fr\/wp-json\/wp\/v2\/product_brand?post=113093"},{"taxonomy":"product_cat","embeddable":true,"href":"https:\/\/gpl-love.com\/fr\/wp-json\/wp\/v2\/product_cat?post=113093"},{"taxonomy":"product_tag","embeddable":true,"href":"https:\/\/gpl-love.com\/fr\/wp-json\/wp\/v2\/product_tag?post=113093"}],"curies":[{"name":"wp","href":"https:\/\/api.w.org\/{rel}","templated":true}]}}