{"id":113091,"date":"2021-03-23T00:00:00","date_gmt":"2021-03-22T23:00:00","guid":{"rendered":"http:\/\/gpl-love.com\/fr\/produit\/awam-agency-portfolio-wordpress-theme\/"},"modified":"2026-03-20T22:55:50","modified_gmt":"2026-03-20T21:55:50","slug":"awam-agency-portfolio-wordpress-theme","status":"publish","type":"product","link":"https:\/\/gpl-love.com\/fr\/produit\/awam-agency-portfolio-wordpress-theme\/","title":{"rendered":"Awam Agency Portfolio WordPress Theme 1.0.8"},"content":{"rendered":"<h3>Awam Agency Portfolio WordPress Theme Traits<\/h3>\n<p>Le th\u00e8me WordPress du portefeuille Awam Agency appara\u00eet comme une solution exceptionnellement polyvalente et r\u00e9active qui r\u00e9pond aux besoins des personnes cherchant \u00e0 pr\u00e9senter leur portefeuille ou leur site Web d&rsquo;agence exceptionnel. En raison de son design immacul\u00e9 et contemporain, ce th\u00e8me propose une vaste gamme de fonctionnalit\u00e9s personnalisables qui permettent aux utilisateurs de fa\u00e7onner un site Web professionnel et distinctif pour montrer leurs cr\u00e9ations remarquables. Le th\u00e8me englobe une pl\u00e9thore de pages pr\u00e9d\u00e9finies, englobant le portefeuille, sur l&rsquo;\u00e9quipe, les services et les pages de contact, facilitant ainsi les utilisateurs \u00e0 se lancer rapidement dans leur voyage cr\u00e9atif. De plus, il poss\u00e8de un panneau administratif influent, une int\u00e9gration transparente avec des plugins renomm\u00e9s et l&rsquo;incorporation inestimable des polices Google, permettant ainsi aux utilisateurs de personnaliser leur site Web en fonction de leurs pr\u00e9f\u00e9rences personnelles. Inutile de dire que le th\u00e8me WordPress du portefeuille de l&rsquo;agence AWAM se pr\u00e9sente comme une option exemplaire pour les personnes aspirant \u00e0 \u00e9tablir une pr\u00e9sence en ligne captivante et professionnelle, que ce soit pour leurs efforts cr\u00e9atifs ou leurs activit\u00e9s d&rsquo;agence.<\/p>\n<ul>\n<li>Un th\u00e8me WordPress \u00e9l\u00e9gant et moderne con\u00e7u pour les agences de cr\u00e9ation<\/li>\n<li>Pleinement r\u00e9actif, assurer une exp\u00e9rience utilisateur transparente sur tous les appareils<\/li>\n<li>Comprend 10 conceptions de page d&rsquo;accueil pr\u00e9-construites parmi lesquelles<\/li>\n<li>Livr\u00e9 avec des fonctionnalit\u00e9s telles qu&rsquo;un constructeur de pages puissant, des sections glisser-d\u00e9poser et des options de personnalisation faciles<\/li>\n<li>Pr\u00e9sentez facilement votre travail avec des pages de portfolio qui permettent le filtrage par cat\u00e9gorie ou balise<\/li>\n<li>Une section de t\u00e9moignage vous permet de mettre en \u00e9vidence vos clients satisfaits et de renforcer la confiance avec les clients potentiels<\/li>\n<li>L&rsquo;int\u00e9gration des m\u00e9dias sociaux permet aux visiteurs de se connecter facilement \u00e0 votre marque sur diverses plateformes<\/li>\n<li>L&rsquo;int\u00e9gration Google Maps permet aux clients de trouver simple \u00e0 trouver votre emplacement commercial<\/li>\n<li>Hautement optimis\u00e9 pour le r\u00e9f\u00e9rencement, garantissant une visibilit\u00e9 et un classement maximum sur les moteurs de recherche<\/li>\n<li>RECLARG\u00c9 MISE \u00c0 JOUR AVEC DE NOUVELLES FONCTIONNEMENTS ET DE LA COMPATIBILIT\u00c9 AVEC LES DERNI\u00c8RES MISES \u00c0 JOUR WORDPRESS.<\/li>\n<\/ul>\n","protected":false},"excerpt":{"rendered":"<p>D\u00e9couvrez la puissance et la polyvalence d&rsquo;Awam, un th\u00e8me WordPress de portefeuille d&rsquo;agence premium con\u00e7u pour pr\u00e9senter votre cr\u00e9ativit\u00e9 et \u00e9lever votre pr\u00e9sence en ligne. Enti\u00e8rement personnalisable et facile \u00e0 naviguer, AWAM est parfait pour les agences, les pigistes, les photographes et les professionnels de la cr\u00e9ation qui cherchent \u00e0 faire une forte impression en ligne.<\/p>\n<p>Avec un design propre et moderne, ce th\u00e8me WordPress garantit que votre travail se d\u00e9marque de la meilleure fa\u00e7on possible. Avec ses capacit\u00e9s de gestion de portefeuille robustes, vous pouvez organiser et pr\u00e9senter sans effort vos projets. La disposition r\u00e9active garantit que votre site est fantastique sur tous les appareils, tandis que les options de typographie avanc\u00e9es vous permettent d&rsquo;exprimer la personnalit\u00e9 unique de votre marque.<\/p>\n<p>AWAM comprend \u00e9galement des pages \u00e0 domicile et int\u00e9rieures pr\u00e9-con\u00e7ues, ce qui vous fait gagner du temps et des efforts lors de la cr\u00e9ation de votre site Web. Le th\u00e8me est enti\u00e8rement compatible avec des plugins populaires comme WooCommerce, ce qui facilite la configuration d&rsquo;une boutique en ligne. De plus, il est optimis\u00e9e en SEO pour am\u00e9liorer votre classement de recherche.<\/p>\n<p>Prenez le contr\u00f4le de votre pr\u00e9sence en ligne avec le th\u00e8me WordPress du portefeuille AWAM Agency. Vivre les avantages<\/p>\n","protected":false},"featured_media":143212,"comment_status":"open","ping_status":"open","template":"","meta":[],"product_brand":[2433],"product_cat":[1242,1212,1213],"product_tag":[1366],"class_list":{"0":"post-113091","1":"product","2":"type-product","3":"status-publish","4":"has-post-thumbnail","6":"product_brand-themeforest","7":"product_cat-creatif","8":"product_cat-themes","9":"product_cat-wordpress-themes","10":"product_tag-themeforest","11":"member-discount","12":"discount-restricted","14":"first","15":"instock","16":"sale","17":"downloadable","18":"virtual","19":"sold-individually","20":"purchasable","21":"product-type-simple"},"_links":{"self":[{"href":"https:\/\/gpl-love.com\/fr\/wp-json\/wp\/v2\/product\/113091","targetHints":{"allow":["GET"]}}],"collection":[{"href":"https:\/\/gpl-love.com\/fr\/wp-json\/wp\/v2\/product"}],"about":[{"href":"https:\/\/gpl-love.com\/fr\/wp-json\/wp\/v2\/types\/product"}],"replies":[{"embeddable":true,"href":"https:\/\/gpl-love.com\/fr\/wp-json\/wp\/v2\/comments?post=113091"}],"wp:featuredmedia":[{"embeddable":true,"href":"https:\/\/gpl-love.com\/fr\/wp-json\/wp\/v2\/media\/143212"}],"wp:attachment":[{"href":"https:\/\/gpl-love.com\/fr\/wp-json\/wp\/v2\/media?parent=113091"}],"wp:term":[{"taxonomy":"product_brand","embeddable":true,"href":"https:\/\/gpl-love.com\/fr\/wp-json\/wp\/v2\/product_brand?post=113091"},{"taxonomy":"product_cat","embeddable":true,"href":"https:\/\/gpl-love.com\/fr\/wp-json\/wp\/v2\/product_cat?post=113091"},{"taxonomy":"product_tag","embeddable":true,"href":"https:\/\/gpl-love.com\/fr\/wp-json\/wp\/v2\/product_tag?post=113091"}],"curies":[{"name":"wp","href":"https:\/\/api.w.org\/{rel}","templated":true}]}}