{"id":113074,"date":"2024-01-08T00:00:00","date_gmt":"2024-01-07T23:00:00","guid":{"rendered":"http:\/\/gpl-love.com\/fr\/produit\/woocommerce-page-builder-for-elementor\/"},"modified":"2026-04-10T18:47:40","modified_gmt":"2026-04-10T16:47:40","slug":"woocommerce-page-builder-for-elementor","status":"publish","type":"product","link":"https:\/\/gpl-love.com\/fr\/produit\/woocommerce-page-builder-for-elementor\/","title":{"rendered":"WooCommerce Page Builder For Elementor 1.1.6.7"},"content":{"rendered":"<h3>WooCommerce Page Builder For Elementor Traits<\/h3>\n<p>Le Builder de page WooCommerce pour Elementor se pr\u00e9sente comme un outil robuste et riche en fonctionnalit\u00e9s qui permet aux utilisateurs de fabriquer sans effort des sites Web de commerce \u00e9lectronique visuellement \u00e9tonnants. Gr\u00e2ce \u00e0 son interface de glisser-d\u00e9poser intrins\u00e8quement conviviale, les individus ont la possibilit\u00e9 de personnaliser et d&rsquo;adapter de mani\u00e8re transparente leur boutique en ligne, tout en incorporant de mani\u00e8re transparente diverses fonctionnalit\u00e9s dans leurs pages Web. Ce constructeur de page particulier poss\u00e8de une conception sur mesure sp\u00e9cifiquement calibr\u00e9e pour harmoniser parfaitement le plugin Elementor, facilitant ainsi un processus transparent et rationalis\u00e9 pour cr\u00e9er des plates-formes de commerce \u00e9lectronique captivantes et r\u00e9actives dynamiquement visuellement. En outre, le g\u00e9n\u00e9rateur de page WooCommerce pour Elementor propose un vaste assortiment de mod\u00e8les m\u00e9ticuleusement con\u00e7us, chacun peut \u00eatre commod\u00e9ment modifi\u00e9 et organis\u00e9 pour s&rsquo;aligner harmonieusement avec le style unique de votre marque et les besoins individualis\u00e9s de votre marque. \u00c0 la lumi\u00e8re de son impressionnant \u00e9ventail de fonctionnalit\u00e9s et de sa facilit\u00e9 d&rsquo;utilisation in\u00e9gal\u00e9e, le g\u00e9n\u00e9rateur de page WooCommerce pour Elementor se pr\u00e9sente comme un choix optimal pour toute personne cherchant \u00e0 \u00e9tablir rapidement et sans effort une boutique en ligne de qualit\u00e9 professionnelle.<\/p>\n<ul>\n<li>S&rsquo;int\u00e8gre parfaitement \u00e0 WooCommerce et Elementor<\/li>\n<li>Aucune comp\u00e9tence de codage n\u00e9cessaire pour utiliser l&rsquo;interface glisser-d\u00e9poser<\/li>\n<li>Cr\u00e9er des pages de produits et de cat\u00e9gorie \u00e9poustouflantes avec des dispositions personnalis\u00e9es<\/li>\n<li>Comprend des blocs pr\u00e9-con\u00e7us pour les listes de produits, les filtres et les r\u00e9seaux de produits<\/li>\n<li>Prend en charge plusieurs types de produits (simple, variable, group\u00e9, etc.)<\/li>\n<li>Afficher les attributs et les avis de produit de mani\u00e8re visuellement attrayante<\/li>\n<li>Ajax en option ajouter la fonctionnalit\u00e9 de CART pour une exp\u00e9rience de magasinage transparente<\/li>\n<li>Options de personnalisation avanc\u00e9es pour les couleurs des boutones, la typographie et plus<\/li>\n<li>Prise en charge int\u00e9gr\u00e9e pour les extensions populaires de WooCommerce comme WishList, Compare et QuickView<\/li>\n<li>Rapide et l\u00e9ger, minimisant les temps de chargement de page pour des performances optimales.<\/li>\n<\/ul>\n","protected":false},"excerpt":{"rendered":"<p>Le Builder de page WooCommerce pour Elementor pr\u00e9sente un moyen pratique de concevoir et de personnaliser vos pages WooCommerce \u00e0 travers l&rsquo;utilisation du constructeur de page Elementor. Gr\u00e2ce \u00e0 son interface conviviale et \u00e0 son vaste s\u00e9lection d&rsquo;options de conception, ce plugin vous offre une autorit\u00e9 absolue sur la pr\u00e9sentation visuelle et l&rsquo;ambiance globale de votre boutique WooCommerce. Que votre objectif soit de fabriquer une page de produit sur mesure, une page de d\u00e9part ou une page de cat\u00e9gorie, le g\u00e9n\u00e9rateur de page WooCommerce pour Elementor est enti\u00e8rement \u00e9quip\u00e9 pour r\u00e9pondre \u00e0 vos besoins. Cet outil exceptionnel sert de r\u00e9solution sans faille pour les personnes qui cherchent \u00e0 \u00e9lever la conception et l&rsquo;exp\u00e9rience utilisateur de leur magasin WooCommerce.<\/p>\n","protected":false},"featured_media":145951,"comment_status":"open","ping_status":"open","template":"","meta":[],"product_brand":[2435],"product_cat":[1182,1223,1181],"product_tag":[1231],"class_list":{"0":"post-113074","1":"product","2":"type-product","3":"status-publish","4":"has-post-thumbnail","6":"product_brand-codecanyon","7":"product_cat-commerce-electronique-plugins","8":"product_cat-personnalisation-commerce-electronique-plugins","9":"product_cat-plugins","10":"product_tag-codecanyon","11":"member-discount","12":"discount-restricted","14":"first","15":"instock","16":"sale","17":"downloadable","18":"virtual","19":"sold-individually","20":"purchasable","21":"product-type-simple"},"_links":{"self":[{"href":"https:\/\/gpl-love.com\/fr\/wp-json\/wp\/v2\/product\/113074","targetHints":{"allow":["GET"]}}],"collection":[{"href":"https:\/\/gpl-love.com\/fr\/wp-json\/wp\/v2\/product"}],"about":[{"href":"https:\/\/gpl-love.com\/fr\/wp-json\/wp\/v2\/types\/product"}],"replies":[{"embeddable":true,"href":"https:\/\/gpl-love.com\/fr\/wp-json\/wp\/v2\/comments?post=113074"}],"wp:featuredmedia":[{"embeddable":true,"href":"https:\/\/gpl-love.com\/fr\/wp-json\/wp\/v2\/media\/145951"}],"wp:attachment":[{"href":"https:\/\/gpl-love.com\/fr\/wp-json\/wp\/v2\/media?parent=113074"}],"wp:term":[{"taxonomy":"product_brand","embeddable":true,"href":"https:\/\/gpl-love.com\/fr\/wp-json\/wp\/v2\/product_brand?post=113074"},{"taxonomy":"product_cat","embeddable":true,"href":"https:\/\/gpl-love.com\/fr\/wp-json\/wp\/v2\/product_cat?post=113074"},{"taxonomy":"product_tag","embeddable":true,"href":"https:\/\/gpl-love.com\/fr\/wp-json\/wp\/v2\/product_tag?post=113074"}],"curies":[{"name":"wp","href":"https:\/\/api.w.org\/{rel}","templated":true}]}}