{"id":113065,"date":"2021-03-21T00:00:00","date_gmt":"2021-03-20T23:00:00","guid":{"rendered":"http:\/\/gpl-love.com\/fr\/produit\/bluecollar-handyman-and-renovation-business-wordpress-theme\/"},"modified":"2026-03-20T22:56:32","modified_gmt":"2026-03-20T21:56:32","slug":"bluecollar-handyman-and-renovation-business-wordpress-theme","status":"publish","type":"product","link":"https:\/\/gpl-love.com\/fr\/produit\/bluecollar-handyman-and-renovation-business-wordpress-theme\/","title":{"rendered":"BlueCollar Handyman et Renovation Business WordPress Theme 2.6.1"},"content":{"rendered":"<h3>BlueCollar Handyman et Renovation Business WordPress Theme Traits<\/h3>\n<p>Le th\u00e8me WordPress Bluecollar Handyman and Renovation Business est une solution globale sp\u00e9cialement con\u00e7ue sp\u00e9cifiquement pour r\u00e9pondre aux besoins des entreprises op\u00e9rant dans l&rsquo;industrie du bricoleur et de la r\u00e9novation. B\u00e9n\u00e9ficiant d&rsquo;une interface conviviale et d&rsquo;une conception qui peut \u00eatre personnalis\u00e9e en fonction des pr\u00e9f\u00e9rences individuelles, ce th\u00e8me offre un large \u00e9ventail de fonctionnalit\u00e9s con\u00e7ues pour rationaliser les op\u00e9rations de votre entreprise. Ces fonctionnalit\u00e9s incluent, sans s&rsquo;y limiter, les capacit\u00e9s de planification de rendez-vous, une plate-forme pour pr\u00e9senter votre portefeuille de projets et un constructeur de table de prix sophistiqu\u00e9. De plus, gr\u00e2ce \u00e0 sa mise en page r\u00e9active, votre site Web se vantera d&rsquo;une apparence impeccable sur une vari\u00e9t\u00e9 d&rsquo;appareils. De plus, le th\u00e8me est \u00e9quip\u00e9 d&rsquo;outils d&rsquo;optimisation SEO avanc\u00e9s qui fonctionnent sans rel\u00e2che pour am\u00e9liorer la visibilit\u00e9 de votre entreprise dans les r\u00e9sultats des moteurs de recherche, le propulsant finalement au classement sup\u00e9rieur. De plus, le th\u00e8me BlueCollar Handyman and Renovation Business WordPress est livr\u00e9 avec des pages pr\u00e9-con\u00e7ues qui s&rsquo;adressent \u00e0 une vari\u00e9t\u00e9 d&rsquo;aspects cruciaux de votre entreprise, y compris des services, une section \u00e0 propos de nous, une page de contact et un domaine d\u00e9di\u00e9 uniquement aux t\u00e9moignages. Ces pages pr\u00e9-con\u00e7ues facilitent le processus de construction et d&rsquo;\u00e9tablissement de votre pr\u00e9sence en ligne, ce qui en fait une entreprise sans effort. Sans le moindre doute, le th\u00e8me BlueCollar Handyman and Renovation Business WordPress est une option extr\u00eamement fiable et fonctionnelle pour les entreprises aspirant \u00e0 faire leur marque dans la vaste sph\u00e8re num\u00e9rique en constante expansion.<\/p>\n<ul>\n<li>Un th\u00e8me WordPress professionnel et moderne sp\u00e9cialement con\u00e7u pour les entreprises de bricoles et de r\u00e9novation<\/li>\n<li>Interface utilisateur propre et intuitive pour une navigation et une personnalisation faciles<\/li>\n<li>Conception enti\u00e8rement r\u00e9active qui a fi\u00e8re allure sur n&rsquo;importe quel appareil<\/li>\n<li>Contenu de d\u00e9monstration inclus et mod\u00e8les de page pr\u00e9d\u00e9finis pour une configuration rapide et facile<\/li>\n<li>Sch\u00e9mas de couleurs personnalisables et options de typographie pour correspondre \u00e0 votre marque<\/li>\n<li>Int\u00e9gr\u00e9 \u00e0 des plugins populaires comme WooCommerce et Contact Form 7 pour les fonctionnalit\u00e9s avanc\u00e9es<\/li>\n<li>Formulaires personnalisables pour planifier des rendez-vous et des demandes de clients<\/li>\n<li>Page de page glisser-d\u00e9poser pour une personnalisation facile et une conception de mise en page<\/li>\n<li>Structure conviviale du r\u00e9f\u00e9rencement pour augmenter votre classement de moteur de recherche<\/li>\n<li>Mises \u00e0 jour r\u00e9guli\u00e8res et soutien d\u00e9di\u00e9 des d\u00e9veloppeurs de th\u00e8me<\/li>\n<\/ul>\n","protected":false},"excerpt":{"rendered":"<p>Pr\u00e9sentation de notre th\u00e8me BlueCollar Handyman et Renovation WordPress Business WordPress &#8211; Une solution id\u00e9ale pour les besoins du site Web de votre entreprise. Ce th\u00e8me WordPress facile \u00e0 utiliser est sp\u00e9cialement con\u00e7u pour les professionnels de l&rsquo;industrie du bricoleur et de la r\u00e9novation. Ce th\u00e8me offre une plate-forme compl\u00e8te pour pr\u00e9senter votre fabrication qualifi\u00e9e, vos services de qualit\u00e9 et vos t\u00e9moignages clients. Avec son interface conviviale et ses fonctionnalit\u00e9s personnalisables, vous pouvez cr\u00e9er efficacement une pr\u00e9sence en ligne professionnelle et sophistiqu\u00e9e pour votre entreprise. Ce th\u00e8me WordPress offre \u00e9galement une int\u00e9gration transparente avec diverses plateformes de m\u00e9dias sociaux, garantissant que votre entreprise atteint un public plus large. La mise en \u00e9vidence de vos arguments de vente uniques et les avantages de vos services n&rsquo;a jamais \u00e9t\u00e9 aussi simple. D\u00e9couvrez la valeur du th\u00e8me WordPress BlueCollar Handyman and Renovation Business WordPress.<\/p>\n","protected":false},"featured_media":143257,"comment_status":"open","ping_status":"open","template":"","meta":[],"product_brand":[2433],"product_cat":[1516,1212,1213],"product_tag":[1366],"class_list":{"0":"post-113065","1":"product","2":"type-product","3":"status-publish","4":"has-post-thumbnail","6":"product_brand-themeforest","7":"product_cat-entreprise","8":"product_cat-themes","9":"product_cat-wordpress-themes","10":"product_tag-themeforest","11":"member-discount","12":"discount-restricted","14":"first","15":"instock","16":"sale","17":"downloadable","18":"virtual","19":"sold-individually","20":"purchasable","21":"product-type-simple"},"_links":{"self":[{"href":"https:\/\/gpl-love.com\/fr\/wp-json\/wp\/v2\/product\/113065","targetHints":{"allow":["GET"]}}],"collection":[{"href":"https:\/\/gpl-love.com\/fr\/wp-json\/wp\/v2\/product"}],"about":[{"href":"https:\/\/gpl-love.com\/fr\/wp-json\/wp\/v2\/types\/product"}],"replies":[{"embeddable":true,"href":"https:\/\/gpl-love.com\/fr\/wp-json\/wp\/v2\/comments?post=113065"}],"wp:featuredmedia":[{"embeddable":true,"href":"https:\/\/gpl-love.com\/fr\/wp-json\/wp\/v2\/media\/143257"}],"wp:attachment":[{"href":"https:\/\/gpl-love.com\/fr\/wp-json\/wp\/v2\/media?parent=113065"}],"wp:term":[{"taxonomy":"product_brand","embeddable":true,"href":"https:\/\/gpl-love.com\/fr\/wp-json\/wp\/v2\/product_brand?post=113065"},{"taxonomy":"product_cat","embeddable":true,"href":"https:\/\/gpl-love.com\/fr\/wp-json\/wp\/v2\/product_cat?post=113065"},{"taxonomy":"product_tag","embeddable":true,"href":"https:\/\/gpl-love.com\/fr\/wp-json\/wp\/v2\/product_tag?post=113065"}],"curies":[{"name":"wp","href":"https:\/\/api.w.org\/{rel}","templated":true}]}}