{"id":113063,"date":"2021-11-17T00:00:00","date_gmt":"2021-11-16T23:00:00","guid":{"rendered":"http:\/\/gpl-love.com\/fr\/produit\/shopwise-fashion-store-woocommerce-theme\/"},"modified":"2026-03-20T23:35:50","modified_gmt":"2026-03-20T22:35:50","slug":"shopwise-fashion-store-woocommerce-theme","status":"publish","type":"product","link":"https:\/\/gpl-love.com\/fr\/produit\/shopwise-fashion-store-woocommerce-theme\/","title":{"rendered":"Shopwise Fashion Store WooCommerce Theme 1.5.5"},"content":{"rendered":"<h3>Shopwise Fashion Store WooCommerce Theme Traits<\/h3>\n<p>Le th\u00e8me WooCommerce de la boutique Shopwise est une plate-forme de commerce \u00e9lectronique de pointe et visuellement attrayante qui a \u00e9t\u00e9 m\u00e9ticuleusement con\u00e7ue pour r\u00e9pondre aux besoins uniques des d\u00e9taillants de mode. B\u00e9n\u00e9ficiant d&rsquo;un design \u00e9l\u00e9gant et r\u00e9actif, ce th\u00e8me garantit que les clients peuvent profiter d&rsquo;une exp\u00e9rience d&rsquo;achat sans couture et immersive sur un large \u00e9ventail d&rsquo;appareils. Ce qui distingue ce th\u00e8me, c&rsquo;est son niveau de personnalisation remarquable, permettant aux d\u00e9taillants d&rsquo;aligner sans effort leur site Web avec leur identit\u00e9 et leurs exigences de marque distinctes. L&rsquo;inclusion de fonctionnalit\u00e9s avanc\u00e9es telles que le filtrage des produits, une option de vue rapide et un processus de paiement intuitif facilitent consid\u00e9rablement la qu\u00eate des clients pour d\u00e9couvrir et acqu\u00e9rir des produits souhait\u00e9s. De plus, le th\u00e8me fournit des pages pr\u00e9-construites pour des sections cruciales telles que le blog, \u00e0 propos de nous et nous contacter, rationalisant ainsi le processus de configuration initial. En r\u00e9sum\u00e9, le th\u00e8me WooCommerce de la boutique Shopwise est un choix exceptionnel pour les d\u00e9taillants de mode cherchant \u00e0 \u00e9tablir une boutique en ligne poli et captivante.<\/p>\n<ul>\n<li>Design moderne et \u00e9l\u00e9gant parfait pour les magasins de mode et de v\u00eatements<\/li>\n<li>Enti\u00e8rement personnalisable avec un panneau d&rsquo;options de th\u00e8me puissant<\/li>\n<li>La conception r\u00e9active et adapt\u00e9e aux mobiles garantit une exp\u00e9rience utilisateur transparente sur tous les appareils<\/li>\n<li>L&rsquo;int\u00e9gration WooCommerce int\u00e9gr\u00e9e permet une gestion facile des listes de produits et des ventes<\/li>\n<li>Plusieurs dispositions de page d&rsquo;accueil pr\u00e9-con\u00e7ues au choix, y compris un curseur de carrousel et des cat\u00e9gories de produits<\/li>\n<li>Builateur de page de glisser-d\u00e9poser et de d\u00e9pression facile \u00e0 utiliser pour les mises en page et le contenu personnalis\u00e9s<\/li>\n<li>Comprend des plugins premium tels que Slider Revolution et Visual Composer pour une flexibilit\u00e9 de conception ajout\u00e9e<\/li>\n<li>Options de t\u00eate et de pied de page personnalisables pour une apparence et une sensation uniques<\/li>\n<li>Compatible avec des plugins populaires tels que le formulaire de contact 7 et le r\u00e9f\u00e9rencement Yoast pour une fonctionnalit\u00e9 ajout\u00e9e<\/li>\n<li>Mises \u00e0 jour r\u00e9guli\u00e8res et support client continu pour une exp\u00e9rience utilisateur transparente.<\/li>\n<\/ul>\n","protected":false},"excerpt":{"rendered":"<p>Le th\u00e8me WooCommerce de la boutique Shopwise se pr\u00e9sente comme la solution ultime pour les magasins de mode en ligne, r\u00e9pondant \u00e0 leurs besoins avec finesse. B\u00e9n\u00e9ficiant d&rsquo;un design \u00e9l\u00e9gant et moderne, ce th\u00e8me assure une exp\u00e9rience d&rsquo;achat transparente pour les clients qui transcende les limites des achats en ligne traditionnels. En plus de son apparence esth\u00e9tique, le th\u00e8me propose \u00e9galement une gamme de fonctionnalit\u00e9s int\u00e9gr\u00e9es, telles qu&rsquo;un mega menu, des curseurs, une vue rapide de produits et des options de filtre, entre autres. Ces fonctionnalit\u00e9s permettent aux d\u00e9taillants de fournir \u00e0 leurs clients une exp\u00e9rience d&rsquo;achat qui est non seulement visuellement captivante mais aussi tr\u00e8s efficace.<\/p>\n","protected":false},"featured_media":145247,"comment_status":"open","ping_status":"open","template":"","meta":[],"product_brand":[2433],"product_cat":[1238,1444,1212],"product_tag":[1366],"class_list":{"0":"post-113063","1":"product","2":"type-product","3":"status-publish","4":"has-post-thumbnail","6":"product_brand-themeforest","7":"product_cat-commerce-electronique-themes","8":"product_cat-creatif-commerce-electronique-themes","9":"product_cat-themes","10":"product_tag-themeforest","11":"member-discount","12":"discount-restricted","14":"first","15":"instock","16":"sale","17":"downloadable","18":"virtual","19":"sold-individually","20":"purchasable","21":"product-type-simple"},"_links":{"self":[{"href":"https:\/\/gpl-love.com\/fr\/wp-json\/wp\/v2\/product\/113063","targetHints":{"allow":["GET"]}}],"collection":[{"href":"https:\/\/gpl-love.com\/fr\/wp-json\/wp\/v2\/product"}],"about":[{"href":"https:\/\/gpl-love.com\/fr\/wp-json\/wp\/v2\/types\/product"}],"replies":[{"embeddable":true,"href":"https:\/\/gpl-love.com\/fr\/wp-json\/wp\/v2\/comments?post=113063"}],"wp:featuredmedia":[{"embeddable":true,"href":"https:\/\/gpl-love.com\/fr\/wp-json\/wp\/v2\/media\/145247"}],"wp:attachment":[{"href":"https:\/\/gpl-love.com\/fr\/wp-json\/wp\/v2\/media?parent=113063"}],"wp:term":[{"taxonomy":"product_brand","embeddable":true,"href":"https:\/\/gpl-love.com\/fr\/wp-json\/wp\/v2\/product_brand?post=113063"},{"taxonomy":"product_cat","embeddable":true,"href":"https:\/\/gpl-love.com\/fr\/wp-json\/wp\/v2\/product_cat?post=113063"},{"taxonomy":"product_tag","embeddable":true,"href":"https:\/\/gpl-love.com\/fr\/wp-json\/wp\/v2\/product_tag?post=113063"}],"curies":[{"name":"wp","href":"https:\/\/api.w.org\/{rel}","templated":true}]}}