{"id":113061,"date":"2025-06-06T00:00:00","date_gmt":"2025-06-05T22:00:00","guid":{"rendered":"http:\/\/gpl-love.com\/fr\/produit\/motopress-hotel-booking-wordpress-plugin\/"},"modified":"2026-04-10T18:32:08","modified_gmt":"2026-04-10T16:32:08","slug":"motopress-hotel-booking-wordpress-plugin","status":"publish","type":"product","link":"https:\/\/gpl-love.com\/fr\/produit\/motopress-hotel-booking-wordpress-plugin\/","title":{"rendered":"MotoPress Hotel Booking WordPress Plugin 5.2.3"},"content":{"rendered":"<h3>MotoPress Hotel Booking WordPress Plugin Traits<\/h3>\n<p>Le plugin WordPress de r\u00e9servation d&rsquo;h\u00f4tel Motopress, un outil tr\u00e8s efficace et robuste, a \u00e9t\u00e9 sp\u00e9cifiquement d\u00e9velopp\u00e9 pour rationaliser le processus complexe de la r\u00e9servation d&rsquo;h\u00f4tel en ligne. Ce plugin exceptionnel permet aux propri\u00e9taires d&rsquo;h\u00f4tels en leur fournissant un moyen sans couture et sans tracas de g\u00e9rer leurs r\u00e9servations, r\u00e9servations et paiements directement \u00e0 partir de leur site WordPress. Offrant une interface utilisateur remarquablement intuitive et un \u00e9ventail d&rsquo;options personnalisables, ce plugin offre aux propri\u00e9taires d&rsquo;h\u00f4tels d&rsquo;un contr\u00f4le in\u00e9gal\u00e9 sur leur syst\u00e8me de r\u00e9servation en ligne. Avec sa capacit\u00e9 remarquable \u00e0 s&rsquo;int\u00e9grer de mani\u00e8re transparente \u00e0 votre site Web existant, quelle que soit sa complexit\u00e9, le plugin WordPress de r\u00e9servation de Motopress Hotel facilite sans effort l&rsquo;ajout de fonctionnalit\u00e9s de r\u00e9servation compl\u00e8tes \u00e0 tout site WordPress. B\u00e9n\u00e9ficiant d&rsquo;un \u00e9ventail impressionnant de fonctionnalit\u00e9s, y compris, mais sans s&rsquo;y limiter, la disponibilit\u00e9 en temps r\u00e9el, les options de tarification sur mesure et les notifications par e-mail automatis\u00e9es, ce plugin s&rsquo;av\u00e8re \u00eatre une solution id\u00e9ale pour les h\u00f4tels de toutes tailles. Si vous vous trouvez \u00e0 la recherche d&rsquo;un syst\u00e8me de r\u00e9servation en ligne fiable et tr\u00e8s efficace, ne cherchez pas plus loin que le plugin WordPress de r\u00e9servation d&rsquo;h\u00f4tel Motopress remarquable, car c&rsquo;est sans aucun doute la solution parfaite pour vous.<\/p>\n<ul>\n<li>Cr\u00e9ez sans effort un syst\u00e8me de r\u00e9servation en ligne puissant et hautement personnalisable pour votre h\u00f4tel avec le plugin WordPress de r\u00e9servation d&rsquo;h\u00f4tel Motopress<\/li>\n<li>Afficher les calendriers de la disponibilit\u00e9, prendre les r\u00e9servations et les paiements et g\u00e9rer toutes vos r\u00e9servations \u00e0 partir d&rsquo;un tableau de bord intuitif<\/li>\n<li>Automatisez votre processus de r\u00e9servation avec une synchronisation en temps r\u00e9el sur plusieurs canaux, y compris votre site Web, vos m\u00e9dias sociaux et vos plateformes de r\u00e9servation tierces<\/li>\n<li>Gardez vos invit\u00e9s dans la boucle avec des notifications par e-mail automatiques, des e-mails de confirmation et des rappels de r\u00e9servation<\/li>\n<li>Personnalisez vos formulaires de r\u00e9servation pour collecter les informations dont vous avez besoin de vos invit\u00e9s, et m\u00eame offrir des modules compl\u00e9mentaires comme des repas ou des services suppl\u00e9mentaires pour une exp\u00e9rience encore plus sur mesure<\/li>\n<li>Am\u00e9liorez votre visibilit\u00e9 en ligne avec de puissants outils d&rsquo;optimisation des moteurs de recherche qui aident votre h\u00f4tel \u00e0 se classer plus haut dans les r\u00e9sultats de recherche<\/li>\n<li>G\u00e9rez facilement votre inventaire de chambre, les tarifs et les politiques, y compris les tarifs saisonniers, les remises et les politiques d&rsquo;annulation<\/li>\n<li>Exploiter des analyses d\u00e9taill\u00e9es et des outils de rapports pour suivre vos r\u00e9servations, votre occupation, vos revenus, etc., vous aidant \u00e0 prendre des d\u00e9cisions \u00e9clair\u00e9es sur vos strat\u00e9gies de tarification, de marketing et de gestion des revenus<\/li>\n<li>B\u00e9n\u00e9ficiez de puissantes int\u00e9grations avec des passerelles de paiement populaires, des outils de marketing, etc., vous aidant \u00e0 rationaliser l&rsquo;ensemble de votre op\u00e9ration et \u00e0 d\u00e9velopper votre entreprise h\u00f4teli\u00e8re.<\/li>\n<\/ul>\n","protected":false},"excerpt":{"rendered":"<p>Le plugin WordPress de r\u00e9servation d&rsquo;h\u00f4tel Motopress est un syst\u00e8me de r\u00e9servation global qui a \u00e9t\u00e9 sp\u00e9cialement con\u00e7u dans le but de rationaliser la gestion des r\u00e9servations d&rsquo;h\u00f4tels en ligne. Ce plugin tr\u00e8s efficace vous permet de pr\u00e9senter sans effort les diff\u00e9rentes chambres et \u00e9quipements que votre h\u00f4tel a \u00e0 offrir, tout en fournissant des informations en temps r\u00e9el sur la disponibilit\u00e9. De plus, il permet \u00e0 vos invit\u00e9s de faire des r\u00e9servations directes via votre site Web, facilitant ainsi un processus de r\u00e9servation transparent et sans tracas. La vaste gamme de fonctionnalit\u00e9s dont dispose ce plugin comprend, mais sans s&rsquo;y limiter, les mises \u00e0 jour de disponibilit\u00e9 en temps r\u00e9el, les options de gestion des prix flexibles, les r\u00e8gles de r\u00e9servation configurables et la possibilit\u00e9 de personnaliser les formulaires de r\u00e9servation. Toutes ces fonctionnalit\u00e9s sont commod\u00e9ment accessibles via une interface intuitive et conviviale, garantissant que les utilisateurs novices et exp\u00e9riment\u00e9s peuvent naviguer facilement dans le plugin. Que vous soyez charg\u00e9 de g\u00e9rer un h\u00f4tel \u00e0 petite \u00e9chelle, une cha\u00eene h\u00f4teli\u00e8re internationale renomm\u00e9e ou un \u00e9tablissement confortable de lit et petit-d\u00e9jeuner, le plugin WordPress de r\u00e9servation d&rsquo;h\u00f4tel Motopress est ind\u00e9niablement l&rsquo;outil ultime pour g\u00e9rer efficacement vos r\u00e9servations et am\u00e9liorer l&rsquo;exp\u00e9rience globale de vos pr\u00e9cieux invit\u00e9s.<\/p>\n","protected":false},"featured_media":144591,"comment_status":"open","ping_status":"open","template":"","meta":[],"product_brand":[2435],"product_cat":[1189,1181,1186],"product_tag":[1231],"class_list":{"0":"post-113061","1":"product","2":"type-product","3":"status-publish","4":"has-post-thumbnail","6":"product_brand-codecanyon","7":"product_cat-personnalisation","8":"product_cat-plugins","9":"product_cat-wordpress-plugins","10":"product_tag-codecanyon","11":"member-discount","12":"discount-restricted","14":"first","15":"instock","16":"sale","17":"downloadable","18":"virtual","19":"sold-individually","20":"purchasable","21":"product-type-simple"},"_links":{"self":[{"href":"https:\/\/gpl-love.com\/fr\/wp-json\/wp\/v2\/product\/113061","targetHints":{"allow":["GET"]}}],"collection":[{"href":"https:\/\/gpl-love.com\/fr\/wp-json\/wp\/v2\/product"}],"about":[{"href":"https:\/\/gpl-love.com\/fr\/wp-json\/wp\/v2\/types\/product"}],"replies":[{"embeddable":true,"href":"https:\/\/gpl-love.com\/fr\/wp-json\/wp\/v2\/comments?post=113061"}],"wp:featuredmedia":[{"embeddable":true,"href":"https:\/\/gpl-love.com\/fr\/wp-json\/wp\/v2\/media\/144591"}],"wp:attachment":[{"href":"https:\/\/gpl-love.com\/fr\/wp-json\/wp\/v2\/media?parent=113061"}],"wp:term":[{"taxonomy":"product_brand","embeddable":true,"href":"https:\/\/gpl-love.com\/fr\/wp-json\/wp\/v2\/product_brand?post=113061"},{"taxonomy":"product_cat","embeddable":true,"href":"https:\/\/gpl-love.com\/fr\/wp-json\/wp\/v2\/product_cat?post=113061"},{"taxonomy":"product_tag","embeddable":true,"href":"https:\/\/gpl-love.com\/fr\/wp-json\/wp\/v2\/product_tag?post=113061"}],"curies":[{"name":"wp","href":"https:\/\/api.w.org\/{rel}","templated":true}]}}