{"id":113059,"date":"2021-03-21T00:00:00","date_gmt":"2021-03-20T23:00:00","guid":{"rendered":"http:\/\/gpl-love.com\/fr\/produit\/ebrima-minimal-and-creative-woocommerce-wp-theme\/"},"modified":"2026-03-20T23:02:42","modified_gmt":"2026-03-20T22:02:42","slug":"ebrima-minimal-and-creative-woocommerce-wp-theme","status":"publish","type":"product","link":"https:\/\/gpl-love.com\/fr\/produit\/ebrima-minimal-and-creative-woocommerce-wp-theme\/","title":{"rendered":"Ebrima Minimal et Creative WooCommerce WP Theme 1.1.10"},"content":{"rendered":"<h3>Ebrima Minimal et Creative WooCommerce WP Theme Traits<\/h3>\n<p>Le th\u00e8me WP WoCommerce Ebrima minimal et cr\u00e9atif repr\u00e9sente un th\u00e8me WordPress exquis et tr\u00e8s fonctionnel, qui se r\u00e9v\u00e8le \u00eatre un choix id\u00e9al pour ceux qui cherchent \u00e0 \u00e9tablir une boutique en ligne. La philosophie de conception de base du th\u00e8me tourne autour du minimalisme, offrant aux utilisateurs une apparence esth\u00e9tique et contemporaine qui est tenue de captiver leurs clients. De plus, le th\u00e8me Ebrima poss\u00e8de une pl\u00e9thore d&rsquo;options de personnalisation, permettant aux utilisateurs d&rsquo;adapter sans effort le th\u00e8me pour s&rsquo;aligner sur leur identit\u00e9 de marque et \u00e9laborer une exp\u00e9rience d&rsquo;achat vraiment in\u00e9gal\u00e9e pour leur client\u00e8le estim\u00e9e. De plus, ce th\u00e8me est pleinement r\u00e9actif, garantissant ainsi un attrait visuel impeccable sur tous les types d&rsquo;appareils. Notamment, le th\u00e8me EBRIMA a \u00e9t\u00e9 m\u00e9ticuleusement optimis\u00e9 pour le r\u00e9f\u00e9rencement, garantissant la d\u00e9couverte transparente de votre site Web. Compl\u00e9t\u00e9 par son interface conviviale et son design intuitif, le th\u00e8me Ebrima appara\u00eet comme le choix ultime pour les personnes cherchant \u00e0 fa\u00e7onner une boutique en ligne qui combine sans effort la beaut\u00e9 et les fonctionnalit\u00e9s.<\/p>\n<ul>\n<li>Design propre et minimaliste<\/li>\n<li>Compatible avec WooCommerce pour les fonctionnalit\u00e9s du commerce \u00e9lectronique<\/li>\n<li>Plusieurs dispositions de page d&rsquo;accueil pour r\u00e9pondre \u00e0 vos besoins<\/li>\n<li>Int\u00e9gr\u00e9 avec des constructeurs de pages populaires tels que Elementor et WPBakery<\/li>\n<li>Enti\u00e8rement personnalisable avec des options de th\u00e8me avanc\u00e9es<\/li>\n<li>Prend en charge plusieurs formats de publication comme la vid\u00e9o, la galerie et l&rsquo;audio<\/li>\n<li>SEO optimis\u00e9 pour un meilleur classement des moteurs de recherche<\/li>\n<li>Conception r\u00e9active pour une visualisation transparente sur tous les appareils<\/li>\n<li>Int\u00e9gr\u00e9 \u00e0 des plugins populaires comme le formulaire de contact 7 et MailChimp<\/li>\n<li>Vitesses de chargement rapide pour une exp\u00e9rience utilisateur optimis\u00e9e<\/li>\n<\/ul>\n","protected":false},"excerpt":{"rendered":"<p>Permettez-moi d&rsquo;introduire le th\u00e8me WP WoCommerce remarquable EBRIMA minimal et cr\u00e9atif, une conception de sites Web vraiment captivante et sophistiqu\u00e9e qui est extr\u00eamement adapt\u00e9e aux entreprises impliqu\u00e9es dans le commerce \u00e9lectronique. Sa disposition esth\u00e9tiquement agr\u00e9able et con\u00e7ue contemporain distinguera ind\u00e9niablement votre boutique en ligne, attirant des clients avec son apparence visuellement attrayante et attirant l&rsquo;attention. Tapp\u00e9 exclusivement pour la plate-forme WooCommerce, ce th\u00e8me facilite la gestion et la pr\u00e9sentation sans effort de votre large gamme de produits et services, garantissant une exp\u00e9rience d&rsquo;achat en ligne transparente et agr\u00e9able pour votre client\u00e8le estim\u00e9e. Ne perdez pas de temps et augmentez votre pr\u00e9sence virtuelle \u00e0 des hauteurs sans pr\u00e9c\u00e9dent en embrassant le th\u00e8me WP WOCommerce impeccable Ebrima et cr\u00e9atif!<\/p>\n","protected":false},"featured_media":143662,"comment_status":"open","ping_status":"open","template":"","meta":[],"product_brand":[2433],"product_cat":[1238,1444,1212],"product_tag":[1366],"class_list":{"0":"post-113059","1":"product","2":"type-product","3":"status-publish","4":"has-post-thumbnail","6":"product_brand-themeforest","7":"product_cat-commerce-electronique-themes","8":"product_cat-creatif-commerce-electronique-themes","9":"product_cat-themes","10":"product_tag-themeforest","11":"member-discount","12":"discount-restricted","14":"first","15":"instock","16":"sale","17":"downloadable","18":"virtual","19":"sold-individually","20":"purchasable","21":"product-type-simple"},"_links":{"self":[{"href":"https:\/\/gpl-love.com\/fr\/wp-json\/wp\/v2\/product\/113059","targetHints":{"allow":["GET"]}}],"collection":[{"href":"https:\/\/gpl-love.com\/fr\/wp-json\/wp\/v2\/product"}],"about":[{"href":"https:\/\/gpl-love.com\/fr\/wp-json\/wp\/v2\/types\/product"}],"replies":[{"embeddable":true,"href":"https:\/\/gpl-love.com\/fr\/wp-json\/wp\/v2\/comments?post=113059"}],"wp:featuredmedia":[{"embeddable":true,"href":"https:\/\/gpl-love.com\/fr\/wp-json\/wp\/v2\/media\/143662"}],"wp:attachment":[{"href":"https:\/\/gpl-love.com\/fr\/wp-json\/wp\/v2\/media?parent=113059"}],"wp:term":[{"taxonomy":"product_brand","embeddable":true,"href":"https:\/\/gpl-love.com\/fr\/wp-json\/wp\/v2\/product_brand?post=113059"},{"taxonomy":"product_cat","embeddable":true,"href":"https:\/\/gpl-love.com\/fr\/wp-json\/wp\/v2\/product_cat?post=113059"},{"taxonomy":"product_tag","embeddable":true,"href":"https:\/\/gpl-love.com\/fr\/wp-json\/wp\/v2\/product_tag?post=113059"}],"curies":[{"name":"wp","href":"https:\/\/api.w.org\/{rel}","templated":true}]}}