{"id":113029,"date":"2025-10-18T00:00:00","date_gmt":"2025-10-17T22:00:00","guid":{"rendered":"http:\/\/gpl-love.com\/fr\/produit\/woocommerce-tab-manager\/"},"modified":"2026-03-20T23:48:10","modified_gmt":"2026-03-20T22:48:10","slug":"woocommerce-tab-manager","status":"publish","type":"product","link":"https:\/\/gpl-love.com\/fr\/produit\/woocommerce-tab-manager\/","title":{"rendered":"WooCommerce Tab Manager 1.16.2"},"content":{"rendered":"<h3>WooCommerce Tab Manager Traits<\/h3>\n<p>WooCommerce Tab Manager se pr\u00e9sente comme un outil tr\u00e8s formidable qui fait que les utilisateurs ont la possibilit\u00e9 de personnaliser et de personnaliser efficacement et m\u00e9ticulent les onglets de produit dans leur magasin WooCommerce. Ce plugin permet avec succ\u00e8s aux propri\u00e9taires de magasins d&rsquo;incorporer, d&rsquo;\u00e9liminer ou de r\u00e9organiser ou de r\u00e9organiser sans effort conform\u00e9ment \u00e0 leurs exigences et d\u00e9sirs sp\u00e9cifiques et individualis\u00e9s. De plus, le plugin en question est accompagn\u00e9 d&rsquo;une interface qui non seulement le niveau d&rsquo;un niveau de convivialit\u00e9 sans pr\u00e9c\u00e9dent, mais facilite \u00e9galement la gestion transparente des onglets pour chaque produit distinct ou m\u00eame dans l&rsquo;int\u00e9gralit\u00e9 du magasin. En outre, les utilisateurs ont la possibilit\u00e9 de fabriquer des onglets personnalis\u00e9s qui sont adapt\u00e9s \u00e0 leurs propres pr\u00e9f\u00e9rences et pr\u00e9f\u00e9rences seules, permettant l&rsquo;incorporation d&rsquo;une v\u00e9ritable corne d&rsquo;abondance de contenu, qui peut inclure, mais sans s&rsquo;y limiter, des \u00e9l\u00e9ments textuels, des images visuelles, des vid\u00e9os et un assortiment d&rsquo;autres m\u00e9dias. La nature multiforme du plugin WooCommerce Tab Manager est en outre mise en \u00e9vidence par son degr\u00e9 d&rsquo;adaptabilit\u00e9 remarquable, car il profite \u00e0 un vaste gamme d&rsquo;options qui servent \u00e0 permettre aux utilisateurs de r\u00e9gler \u00e0 la fois le fonctionnement esth\u00e9tique et interne ext\u00e9rieur de leurs onglets respectifs avec une facilit\u00e9 in\u00e9gal et ma\u00eetrise. En r\u00e9sum\u00e9, il est manifestement clair que ce plugin particulier est incontestablement un actif indispensable et indispensable pour tous ceux qui sont r\u00e9solus dans leur recherche d&rsquo;optimisation et d&rsquo;\u00e9l\u00e9vation des pages de produits au sein de leur magasin WooCommerce \u00e0 des hauteurs sans pr\u00e9c\u00e9dent.<\/p>\n<ul>\n<li>Pages de produits personnalisables: avec WooCommerce Tab Manager, vous pouvez cr\u00e9er des onglets personnalis\u00e9s sur vos pages de produits pour pr\u00e9senter les fonctionnalit\u00e9s cl\u00e9s, les avis, les FAQ, etc.<\/li>\n<li>Gardez vos pages organis\u00e9es: le plugin vous permet de cat\u00e9goriser vos onglets, ce qui permet \u00e0 vos clients de naviguer facilement sur votre site et de trouver les informations dont ils ont besoin.<\/li>\n<li>Facile \u00e0 installer: WooCommerce Tab Manager est facile \u00e0 installer et \u00e0 int\u00e9grer \u00e0 votre configuration WooCommerce existante, ne n\u00e9cessitant aucune connaissance de codage.<\/li>\n<li>Lusez votre cr\u00e9ativit\u00e9: le plugin offre une gamme d&rsquo;options de personnalisation, vous donnant la puissance de cr\u00e9er des pages de produits uniques qui se d\u00e9marquent de la foule.<\/li>\n<li>Boost Sales: En fournissant aux clients toutes les informations dont ils ont besoin de mani\u00e8re claire et organis\u00e9e, vous \u00eates plus susceptible de les convertir en clients payants.<\/li>\n<li>Conception r\u00e9active: le plugin est enti\u00e8rement r\u00e9actif, ce qui signifie que vos onglets personnalis\u00e9s s&rsquo;affichent de mani\u00e8re transparente sur tous les appareils.<\/li>\n<li>Compatibilit\u00e9: WooCommerce Tab Manager est compatible avec tous les th\u00e8mes et extensions WooCommerce, ce qui en fait un ajout polyvalent \u00e0 tout site de commerce \u00e9lectronique.<\/li>\n<li>Soutien professionnel: Nous offrons un soutien d\u00e9di\u00e9 via notre site Web, en nous garantissant que les probl\u00e8mes que vous rencontrez sont r\u00e9solus rapidement et efficacement.<\/li>\n<\/ul>\n","protected":false},"excerpt":{"rendered":"<p>Le WooCommerce Tab Manager, un plugin extr\u00eamement avanc\u00e9, sert \u00e0 augmenter la fonctionnalit\u00e9 de votre boutique en ligne estim\u00e9e. Il facilite la cr\u00e9ation sans effort d&rsquo;onglets de produits personnalis\u00e9s, fournissant ainsi \u00e0 vos clients estim\u00e9s une v\u00e9ritable richesse d&rsquo;informations suppl\u00e9mentaires concernant vos produits distingu\u00e9s. De plus, cela vous permet de constituer une possibilit\u00e9 d&rsquo;incorporer une gamme \u00e9clectique de types d&rsquo;onglets divers, allant du formulaire de texte conventionnel aux formats d&rsquo;image et de vid\u00e9o plus immersifs visuellement. En utilisant cet outil remarquable, vous serez dot\u00e9 de la capacit\u00e9 de pr\u00e9senter vos produits estim\u00e9s d&rsquo;une mani\u00e8re nettement plus captivante et captivante. En outre, le gestionnaire d&rsquo;onglet WooCommerce vous conf\u00e8re la capacit\u00e9 inestimable \u00e0 r\u00e9organiser et \u00e0 renommer sans effort les onglets, assurant ainsi une organisation et une coh\u00e9rence optimales. De plus, vous pourrez \u00e9tablir des conditions sp\u00e9cifiques, adapt\u00e9es aux sp\u00e9cifications uniques de certains produits ou cat\u00e9gories, permettant ainsi l&rsquo;exposition s\u00e9lective ou la dissimulation d&rsquo;onglets respectifs. Ce plugin remarquable sert d&rsquo;une avenue exceptionnelle \u00e0 travers laquelle renforcer vos revenus de vente, tout en am\u00e9liorant l&rsquo;exp\u00e9rience utilisateur dans les limites de votre boutique en ligne estim\u00e9e.<\/p>\n","protected":false},"featured_media":146049,"comment_status":"open","ping_status":"open","template":"","meta":[],"product_brand":[2440],"product_cat":[1182,1223,1181],"product_tag":[1398],"class_list":{"0":"post-113029","1":"product","2":"type-product","3":"status-publish","4":"has-post-thumbnail","6":"product_brand-woocommerce","7":"product_cat-commerce-electronique-plugins","8":"product_cat-personnalisation-commerce-electronique-plugins","9":"product_cat-plugins","10":"product_tag-woocommerce","11":"member-discount","12":"discount-restricted","14":"first","15":"instock","16":"sale","17":"downloadable","18":"virtual","19":"sold-individually","20":"purchasable","21":"product-type-simple"},"_links":{"self":[{"href":"https:\/\/gpl-love.com\/fr\/wp-json\/wp\/v2\/product\/113029","targetHints":{"allow":["GET"]}}],"collection":[{"href":"https:\/\/gpl-love.com\/fr\/wp-json\/wp\/v2\/product"}],"about":[{"href":"https:\/\/gpl-love.com\/fr\/wp-json\/wp\/v2\/types\/product"}],"replies":[{"embeddable":true,"href":"https:\/\/gpl-love.com\/fr\/wp-json\/wp\/v2\/comments?post=113029"}],"wp:featuredmedia":[{"embeddable":true,"href":"https:\/\/gpl-love.com\/fr\/wp-json\/wp\/v2\/media\/146049"}],"wp:attachment":[{"href":"https:\/\/gpl-love.com\/fr\/wp-json\/wp\/v2\/media?parent=113029"}],"wp:term":[{"taxonomy":"product_brand","embeddable":true,"href":"https:\/\/gpl-love.com\/fr\/wp-json\/wp\/v2\/product_brand?post=113029"},{"taxonomy":"product_cat","embeddable":true,"href":"https:\/\/gpl-love.com\/fr\/wp-json\/wp\/v2\/product_cat?post=113029"},{"taxonomy":"product_tag","embeddable":true,"href":"https:\/\/gpl-love.com\/fr\/wp-json\/wp\/v2\/product_tag?post=113029"}],"curies":[{"name":"wp","href":"https:\/\/api.w.org\/{rel}","templated":true}]}}