{"id":113027,"date":"2024-09-28T00:00:00","date_gmt":"2024-09-27T22:00:00","guid":{"rendered":"http:\/\/gpl-love.com\/fr\/produit\/infinite-multipurpose-wordpress-theme\/"},"modified":"2026-03-20T23:20:16","modified_gmt":"2026-03-20T22:20:16","slug":"infinite-multipurpose-wordpress-theme","status":"publish","type":"product","link":"https:\/\/gpl-love.com\/fr\/produit\/infinite-multipurpose-wordpress-theme\/","title":{"rendered":"Infinite Multipurpose WordPress Theme 4.0.8"},"content":{"rendered":"<h3>Infinite Multipurpose WordPress Theme Traits<\/h3>\n<p>Le th\u00e8me WordPress multipurpose infini est un th\u00e8me exceptionnellement polyvalent et extr\u00eamement convivial qui s&rsquo;adresse \u00e0 un large \u00e9ventail de types de sites Web. B\u00e9n\u00e9ficiant d&rsquo;une vaste gamme de fonctionnalit\u00e9s et d&rsquo;options, ce th\u00e8me offre une flexibilit\u00e9 in\u00e9gal\u00e9e, vous permettant d&rsquo;adapter votre site pr\u00e9cis\u00e9ment \u00e0 vos sp\u00e9cifications uniques. Affichant un design \u00e9l\u00e9gant et contemporain, il d\u00e9gage une allure palpable pour les entreprises, les blogueurs et les professionnels de la cr\u00e9ation. De plus, sa pleine r\u00e9activit\u00e9 garantit une esth\u00e9tique impeccable sur tous les appareils. Avec l&rsquo;inclusion d&rsquo;un constructeur de page de glisser-d\u00e9poser robuste, la cr\u00e9ation de dispositions sur mesure et l&rsquo;ajout de contenu frais deviennent des efforts de la plus grande simplicit\u00e9. De plus, le th\u00e8me fournit g\u00e9n\u00e9reusement une pl\u00e9thore de mod\u00e8les pr\u00e9d\u00e9finis et de sites de d\u00e9monstration, servant de base ferme pour votre voyage cr\u00e9atif. Que vous vous efforcez de construire un blog modeste ou une plate-forme de commerce \u00e9lectronique \u00e0 multiples facettes, le th\u00e8me WordPress multipulaire infini vous fournit tous les outils requis pour fa\u00e7onner un site Web extr\u00eamement captivant et parfaitement fonctionnel.<\/p>\n<ul>\n<li>Conception enti\u00e8rement r\u00e9active qui a fi\u00e8re allure sur n&rsquo;importe quel appareil ou taille d&rsquo;\u00e9cran<\/li>\n<li>Options de personnalisation illimit\u00e9es avec le constructeur de page Visual Composer inclus<\/li>\n<li>Plus de 20 dispositions de d\u00e9monstration pr\u00e9-con\u00e7ues pour relancer la cr\u00e9ation de votre site Web<\/li>\n<li>Panneau d&rsquo;options de th\u00e8me facile \u00e0 utiliser pour une personnalisation facile des polices, des couleurs et plus encore<\/li>\n<li>Options de blog avanc\u00e9es int\u00e9gr\u00e9es, y compris les dispositions de blog et les carrousels publi\u00e9s<\/li>\n<li>Options d&rsquo;en-t\u00eate et de pied de page \u00e0 choisir pour les conceptions de sites Web uniques<\/li>\n<li>WooCommerce pr\u00eat pour une int\u00e9gration de commerce \u00e9lectronique facile<\/li>\n<li>Mega menu Prise en charge de la navigation facile de grands sites Web<\/li>\n<li>Importation de d\u00e9monstration en un clic pour reproduire rapidement les dispositions de d\u00e9monstration et les conceptions<\/li>\n<li>Assistance client fiable disponible par e-mail ou forums d&rsquo;assistance d\u00e9di\u00e9s<\/li>\n<\/ul>\n","protected":false},"excerpt":{"rendered":"<p>Le th\u00e8me d&rsquo;entr\u00e9e est un th\u00e8me WordPress incroyablement polyvalent et puissant qui poss\u00e8de une vaste gamme de fonctionnalit\u00e9s et de fonctionnalit\u00e9s, ce qui le rend adapt\u00e9 \u00e0 tout type de site Web que vous pouvez imaginer. Son design professionnel et moderne, associ\u00e9 \u00e0 ses options de personnalisation flexibles et \u00e0 ses choix de couleurs infinis, contribue \u00e0 son attrait et \u00e0 sa popularit\u00e9 entre les blogueurs, les entreprises, les magasins de commerce \u00e9lectronique et d&rsquo;innombrables autres. Notamment, le th\u00e8me est enti\u00e8rement r\u00e9actif, garantissant que votre site Web appara\u00eet parfaitement sur n&rsquo;importe quel appareil, quelle que soit sa taille ou ses sp\u00e9cifications. Cette r\u00e9activit\u00e9 permet une exp\u00e9rience utilisateur optimale, que le visiteur acc\u00e8de \u00e0 votre site via un ordinateur de bureau, un ordinateur portable, une tablette ou un smartphone.<\/p>\n","protected":false},"featured_media":144227,"comment_status":"open","ping_status":"open","template":"","meta":[],"product_brand":[2433],"product_cat":[1214,1212,1213],"product_tag":[1366],"class_list":{"0":"post-113027","1":"product","2":"type-product","3":"status-publish","4":"has-post-thumbnail","6":"product_brand-themeforest","7":"product_cat-polyvalent","8":"product_cat-themes","9":"product_cat-wordpress-themes","10":"product_tag-themeforest","11":"member-discount","12":"discount-restricted","14":"first","15":"instock","16":"sale","17":"downloadable","18":"virtual","19":"sold-individually","20":"purchasable","21":"product-type-simple"},"_links":{"self":[{"href":"https:\/\/gpl-love.com\/fr\/wp-json\/wp\/v2\/product\/113027","targetHints":{"allow":["GET"]}}],"collection":[{"href":"https:\/\/gpl-love.com\/fr\/wp-json\/wp\/v2\/product"}],"about":[{"href":"https:\/\/gpl-love.com\/fr\/wp-json\/wp\/v2\/types\/product"}],"replies":[{"embeddable":true,"href":"https:\/\/gpl-love.com\/fr\/wp-json\/wp\/v2\/comments?post=113027"}],"wp:featuredmedia":[{"embeddable":true,"href":"https:\/\/gpl-love.com\/fr\/wp-json\/wp\/v2\/media\/144227"}],"wp:attachment":[{"href":"https:\/\/gpl-love.com\/fr\/wp-json\/wp\/v2\/media?parent=113027"}],"wp:term":[{"taxonomy":"product_brand","embeddable":true,"href":"https:\/\/gpl-love.com\/fr\/wp-json\/wp\/v2\/product_brand?post=113027"},{"taxonomy":"product_cat","embeddable":true,"href":"https:\/\/gpl-love.com\/fr\/wp-json\/wp\/v2\/product_cat?post=113027"},{"taxonomy":"product_tag","embeddable":true,"href":"https:\/\/gpl-love.com\/fr\/wp-json\/wp\/v2\/product_tag?post=113027"}],"curies":[{"name":"wp","href":"https:\/\/api.w.org\/{rel}","templated":true}]}}