{"id":113025,"date":"2025-11-14T00:00:00","date_gmt":"2025-11-13T23:00:00","guid":{"rendered":"http:\/\/gpl-love.com\/fr\/produit\/touchy-wordpress-mobile-menu-plugin\/"},"modified":"2026-03-20T23:41:17","modified_gmt":"2026-03-20T22:41:17","slug":"touchy-wordpress-mobile-menu-plugin","status":"publish","type":"product","link":"https:\/\/gpl-love.com\/fr\/produit\/touchy-wordpress-mobile-menu-plugin\/","title":{"rendered":"Touchy WordPress Mobile Menu Plugin 5.0"},"content":{"rendered":"<h3>Touchy WordPress Mobile Menu Plugin Traits<\/h3>\n<p>Le plugin de menu mobile WordPress touchy est un outil indispensable qui est tr\u00e8s recherch\u00e9 par les d\u00e9veloppeurs de sites Web qui s&rsquo;efforcent avec diligence d&rsquo;assurer une exp\u00e9rience utilisateur impeccable sur les appareils mobiles. Ce plugin remarquable poss\u00e8de un design extr\u00eamement \u00e9l\u00e9gant qui est associ\u00e9 \u00e0 une interface remarquablement intuitive et \u00e0 l&rsquo;\u00e9coute du toucher, simplifiant ainsi le processus de navigation sur le site Web pour les visiteurs utilisant leurs smartphones et tablettes. De plus, il offre un \u00e9ventail impressionnant d&rsquo;options de personnalisation, englobant un assortiment de styles de menu, une vaste palette de couleurs et une s\u00e9lection diversifi\u00e9e d&rsquo;ic\u00f4nes, vous permettant ainsi d&rsquo;harmoniser le menu avec l&rsquo;esth\u00e9tique visuelle globale de votre site Web de mani\u00e8re transparente de mani\u00e8re transparente . De plus, ce plugin extraordinaire vous accorde la capacit\u00e9 unique d&rsquo;incorporer un assortiment de fonctionnalit\u00e9s suppl\u00e9mentaires, telles que l&rsquo;int\u00e9gration des liens de m\u00e9dias sociaux, des logos et des barres de recherche, rendant ainsi votre menu mobile tr\u00e8s interactif et ind\u00e9niablement captivant. En substance, le plugin de menu mobile WordPress touchy est un atout indispensable pour tout site Web qui aspire \u00e0 \u00e9lever et \u00e0 enrichir l&rsquo;exp\u00e9rience utilisateur mobile qu&rsquo;il offre.<\/p>\n<ul>\n<li>Menu mobile personnalisable pour les sites Web WordPress.<\/li>\n<li>Navigation bas\u00e9e sur le toucher pour une utilisation facile sur les appareils mobiles.<\/li>\n<li>Plusieurs options de mise en page de menu pour s&rsquo;adapter \u00e0 la conception de votre site Web.<\/li>\n<li>Interface de construction de menu de glisser-d\u00e9poser facile.<\/li>\n<li>Possibilit\u00e9 d&rsquo;ajouter des ic\u00f4nes aux \u00e9l\u00e9ments de menu pour l&rsquo;attrait visuel.<\/li>\n<li>Option pour inclure une barre de recherche dans le menu mobile.<\/li>\n<li>Int\u00e9gration avec des th\u00e8mes et plugins WordPress populaires.<\/li>\n<li>Conception r\u00e9active pour s&rsquo;adapter \u00e0 diverses tailles d&rsquo;\u00e9cran.<\/li>\n<li>Animations lisses pour une exp\u00e9rience utilisateur poli.<\/li>\n<li>\u00c9quipe d&rsquo;assistance d\u00e9di\u00e9e \u00e0 aider avec tout probl\u00e8me ou question.<\/li>\n<\/ul>\n","protected":false},"excerpt":{"rendered":"<p>Le plugin de menu mobile WordPress touchy, un outil remarquablement robuste, permet aux constructeurs de sites Web ayant la capacit\u00e9 de fa\u00e7onner un menu adaptatif et centr\u00e9 sur l&rsquo;utilisateur s&rsquo;adress\u00e9 aux appareils mobiles. Souchy facilite la navigation transparente et l&rsquo;acc\u00e8s illimit\u00e9 \u00e0 diverses pages Web, garantissant une exp\u00e9rience de navigation transparente sur les \u00e9crans diminutifs. Ce plugin d\u00e9gage une nature tr\u00e8s modifiable, \u00e9vitant la n\u00e9cessit\u00e9 d&rsquo;une comp\u00e9tence de codage complexe, servant ainsi de rem\u00e8de optimal pour ces propri\u00e9taires de sites Web s&rsquo;effor\u00e7ant d&rsquo;augmenter leurs rencontres mobiles. De plus, il poss\u00e8de l&rsquo;inclusion d&rsquo;un constructeur de glisser-d\u00e9poser instinctif aux c\u00f4t\u00e9s d&rsquo;une myriade de conceptions de menu visuellement captivantes qui peuvent \u00eatre s\u00e9lectionn\u00e9es sans effort.<\/p>\n","protected":false},"featured_media":145604,"comment_status":"open","ping_status":"open","template":"","meta":[],"product_brand":[2435],"product_cat":[1189,1181,1186],"product_tag":[1231],"class_list":{"0":"post-113025","1":"product","2":"type-product","3":"status-publish","4":"has-post-thumbnail","6":"product_brand-codecanyon","7":"product_cat-personnalisation","8":"product_cat-plugins","9":"product_cat-wordpress-plugins","10":"product_tag-codecanyon","11":"member-discount","12":"discount-restricted","14":"first","15":"instock","16":"sale","17":"downloadable","18":"virtual","19":"sold-individually","20":"purchasable","21":"product-type-simple"},"_links":{"self":[{"href":"https:\/\/gpl-love.com\/fr\/wp-json\/wp\/v2\/product\/113025","targetHints":{"allow":["GET"]}}],"collection":[{"href":"https:\/\/gpl-love.com\/fr\/wp-json\/wp\/v2\/product"}],"about":[{"href":"https:\/\/gpl-love.com\/fr\/wp-json\/wp\/v2\/types\/product"}],"replies":[{"embeddable":true,"href":"https:\/\/gpl-love.com\/fr\/wp-json\/wp\/v2\/comments?post=113025"}],"wp:featuredmedia":[{"embeddable":true,"href":"https:\/\/gpl-love.com\/fr\/wp-json\/wp\/v2\/media\/145604"}],"wp:attachment":[{"href":"https:\/\/gpl-love.com\/fr\/wp-json\/wp\/v2\/media?parent=113025"}],"wp:term":[{"taxonomy":"product_brand","embeddable":true,"href":"https:\/\/gpl-love.com\/fr\/wp-json\/wp\/v2\/product_brand?post=113025"},{"taxonomy":"product_cat","embeddable":true,"href":"https:\/\/gpl-love.com\/fr\/wp-json\/wp\/v2\/product_cat?post=113025"},{"taxonomy":"product_tag","embeddable":true,"href":"https:\/\/gpl-love.com\/fr\/wp-json\/wp\/v2\/product_tag?post=113025"}],"curies":[{"name":"wp","href":"https:\/\/api.w.org\/{rel}","templated":true}]}}