{"id":113021,"date":"2026-02-06T00:00:00","date_gmt":"2026-02-05T23:00:00","guid":{"rendered":"http:\/\/gpl-love.com\/fr\/produit\/sportspress-pro-wordpress-plugin-for-serious-teams-and-athletes\/"},"modified":"2026-04-10T18:40:23","modified_gmt":"2026-04-10T16:40:23","slug":"sportspress-pro-wordpress-plugin-for-serious-teams-and-athletes","status":"publish","type":"product","link":"https:\/\/gpl-love.com\/fr\/produit\/sportspress-pro-wordpress-plugin-for-serious-teams-and-athletes\/","title":{"rendered":"SportsPress Pro WordPress plugin pour serious teams et athletes 2.7.28"},"content":{"rendered":"<h3>SportsPress Pro WordPress plugin pour serious teams et athletes Traits<\/h3>\n<p>Sportspress Pro, un plugin WordPress robuste, a \u00e9t\u00e9 sp\u00e9cialement con\u00e7u pour des \u00e9quipes et des athl\u00e8tes d\u00e9di\u00e9s visant \u00e0 am\u00e9liorer leur pr\u00e9sence en ligne \u00e0 un tout nouveau niveau. B\u00e9n\u00e9ficiant de fonctionnalit\u00e9s avanc\u00e9es et d&rsquo;une interface conviviale, Sportspress Pro permet aux utilisateurs d&rsquo;\u00e9tablir sans effort des sites Web professionnels qui mettent efficacement les r\u00e9alisations, les statistiques et les horaires de leur \u00e9quipe. Le plugin propose un large \u00e9ventail d&rsquo;options de personnalisation, permettant aux utilisateurs de personnaliser les pages d&rsquo;\u00e9quipe, de cr\u00e9er des profils de joueurs complets et de g\u00e9n\u00e9rer des rapports de match complexes. En rationalisant les processus organisationnels et en garantissant des informations \u00e0 jour, Sportspress Pro s&rsquo;av\u00e8re \u00eatre un outil inestimable pour les \u00e9quipes et les athl\u00e8tes. Que vous soyez un entra\u00eeneur, un joueur ou un fervent partisan, Sportspress Pro sert de solution id\u00e9ale pour les personnes cherchant \u00e0 am\u00e9liorer leurs performances et \u00e0 favoriser les connexions au sein de la communaut\u00e9 sportive dynamique.<\/p>\n<ul>\n<li>Cr\u00e9er des sites Web de sports professionnels avec facilit\u00e9<\/li>\n<li>G\u00e9rez l&rsquo;horaire de votre \u00e9quipe et r\u00e9sultats en un seul endroit<\/li>\n<li>Afficher les statistiques et les profils pour vos fans et entra\u00eeneurs \u00e0 voir<\/li>\n<li>Offrez des ventes de billets en ligne pour vos \u00e9v\u00e9nements et jeux<\/li>\n<li>S&rsquo;int\u00e8gre aux passerelles de paiement populaires pour un traitement de paiement facile<\/li>\n<li>Personnalisez l&rsquo;apparence de votre site avec divers mod\u00e8les et options de style<\/li>\n<li>Communiquez avec votre \u00e9quipe et vos fans via la messagerie int\u00e9gr\u00e9e et l&rsquo;int\u00e9gration des m\u00e9dias sociaux<\/li>\n<li>Acc\u00e9der \u00e0 de puissantes id\u00e9es et analyses sur les performances de votre site<\/li>\n<li>Recevez un support de premier ordre et des mises \u00e0 jour d&rsquo;une \u00e9quipe d&rsquo;experts d\u00e9di\u00e9e.<\/li>\n<\/ul>\n","protected":false},"excerpt":{"rendered":"<p>Sportspress Pro est un plugin WordPress extr\u00eamement robuste qui a \u00e9t\u00e9 m\u00e9ticuleusement con\u00e7u pour r\u00e9pondre sp\u00e9cifiquement aux besoins des \u00e9quipes et des athl\u00e8tes d\u00e9di\u00e9s qui prennent leurs sports au s\u00e9rieux. Avec ses fonctionnalit\u00e9s hautement sophistiqu\u00e9es et ses fonctionnalit\u00e9s multiformes, ce plugin extraordinaire facilite la gestion sans effort de votre site Web sportif, assurant une exp\u00e9rience utilisateur sans couture et sans pr\u00e9c\u00e9dent. En vous permettant de suivre sans effort les scores de jeu et de maintenir m\u00e9ticuleusement les statistiques des joueurs, en plus de faciliter la cr\u00e9ation de programmes d&rsquo;\u00e9quipe complets et de profils de joueurs complexes, Sportspress Pro offre une solution globale qui vous permet d&rsquo;\u00e9lever votre site Web \u00e0 des hauteurs d&rsquo;excellence sans pr\u00e9c\u00e9dent. Que vous repr\u00e9sentiez une \u00e9quipe professionnelle, que vous soyez un athl\u00e8te universitaire, ou m\u00eame un fervent passionn\u00e9 de sport, Sportspress Pro est l&rsquo;outil ultime, uniquement pr\u00eat \u00e0 servir de plate-forme qui met impeccablement vos comp\u00e9tences remarquables et vos r\u00e9alisations extraordinaires \u00e0 un public mondial. Par cons\u00e9quent, pourquoi tergiverser plus longtemps? Faites le saut et saisissez l&rsquo;occasion d&rsquo;explorer et d&rsquo;exploiter l&rsquo;immense potentiel de Sportspress Pro \u00e0 partir d&rsquo;aujourd&rsquo;hui, vous permettant d&rsquo;atteindre le succ\u00e8s retentissant sur et hors du terrain!<\/p>\n","protected":false},"featured_media":145315,"comment_status":"open","ping_status":"open","template":"","meta":[],"product_brand":[2663],"product_cat":[1189,1181,1186],"product_tag":[1836],"class_list":{"0":"post-113021","1":"product","2":"type-product","3":"status-publish","4":"has-post-thumbnail","6":"product_brand-themeboy","7":"product_cat-personnalisation","8":"product_cat-plugins","9":"product_cat-wordpress-plugins","10":"product_tag-themeboy","11":"member-discount","12":"discount-restricted","14":"first","15":"instock","16":"sale","17":"downloadable","18":"virtual","19":"sold-individually","20":"purchasable","21":"product-type-simple"},"_links":{"self":[{"href":"https:\/\/gpl-love.com\/fr\/wp-json\/wp\/v2\/product\/113021","targetHints":{"allow":["GET"]}}],"collection":[{"href":"https:\/\/gpl-love.com\/fr\/wp-json\/wp\/v2\/product"}],"about":[{"href":"https:\/\/gpl-love.com\/fr\/wp-json\/wp\/v2\/types\/product"}],"replies":[{"embeddable":true,"href":"https:\/\/gpl-love.com\/fr\/wp-json\/wp\/v2\/comments?post=113021"}],"wp:featuredmedia":[{"embeddable":true,"href":"https:\/\/gpl-love.com\/fr\/wp-json\/wp\/v2\/media\/145315"}],"wp:attachment":[{"href":"https:\/\/gpl-love.com\/fr\/wp-json\/wp\/v2\/media?parent=113021"}],"wp:term":[{"taxonomy":"product_brand","embeddable":true,"href":"https:\/\/gpl-love.com\/fr\/wp-json\/wp\/v2\/product_brand?post=113021"},{"taxonomy":"product_cat","embeddable":true,"href":"https:\/\/gpl-love.com\/fr\/wp-json\/wp\/v2\/product_cat?post=113021"},{"taxonomy":"product_tag","embeddable":true,"href":"https:\/\/gpl-love.com\/fr\/wp-json\/wp\/v2\/product_tag?post=113021"}],"curies":[{"name":"wp","href":"https:\/\/api.w.org\/{rel}","templated":true}]}}