{"id":113019,"date":"2022-02-23T00:00:00","date_gmt":"2022-02-22T23:00:00","guid":{"rendered":"http:\/\/gpl-love.com\/fr\/produit\/workscout-job-board-wordpress-theme\/"},"modified":"2026-03-20T23:49:22","modified_gmt":"2026-03-20T22:49:22","slug":"workscout-job-board-wordpress-theme","status":"publish","type":"product","link":"https:\/\/gpl-love.com\/fr\/produit\/workscout-job-board-wordpress-theme\/","title":{"rendered":"WorkScout Job Board WordPress Theme 3.0"},"content":{"rendered":"<h3>WorkScout Job Board WordPress Theme Traits<\/h3>\n<p>Le th\u00e8me WordPress du Workscout Job Board, qui est impr\u00e9gn\u00e9 d&rsquo;une immense puissance et d&rsquo;une flexibilit\u00e9 remarquable, sert de solution exceptionnelle et multiforme pour la cr\u00e9ation d&rsquo;un site Web de recherche d&#8217;emploi. Sa conception remarquablement intuitive permet non seulement une personnalisation transparente et sans effort, mais permet \u00e9galement une int\u00e9gration transparente et sans effort avec un \u00e9ventail d&rsquo;autres plugins, ce qui en fait un choix absolument parfait pour un large \u00e9ventail d&rsquo;entit\u00e9s, allant des entreprises aux agences de dotation aux cartes d&#8217;emploi. B\u00e9n\u00e9ficiant d&rsquo;un vaste r\u00e9pertoire de fonctionnalit\u00e9s, y compris, mais sans s&rsquo;y limiter, les options de recherche avanc\u00e9es, la possibilit\u00e9 de t\u00e9l\u00e9charger des CV et la fourniture d&rsquo;alertes de travail sur mesure, le th\u00e8me Workscout est l&rsquo;outil par excellence pour rationaliser et faciliter le processus de recherche d&#8217;emploi. En outre, sa conception r\u00e9active garantit que votre site Web pr\u00e9sentera un degr\u00e9 d&rsquo;attrait visuel impressionnant sur tous les appareils, garantissant ainsi son accessibilit\u00e9 aux demandeurs d&#8217;emploi dispers\u00e9s \u00e0 travers le monde. Tout bien consid\u00e9r\u00e9, il est clairement clair que le th\u00e8me WordPress de WorksCout Job Board repr\u00e9sente une solution compl\u00e8te et conviviale du plus haut calibre, pr\u00eate \u00e0 permettre la cr\u00e9ation d&rsquo;une plate-forme de recherche d&#8217;emploi vraiment prosp\u00e8re et prosp\u00e8re.<\/p>\n<ul>\n<li>Un th\u00e8me professionnel et personnalisable pour les sites Web WordPress et personnalisable<\/li>\n<li>Plusieurs options de mise en page pour afficher les listes d&#8217;emplois et les d\u00e9tails du travail<\/li>\n<li>Options avanc\u00e9es de recherche et de filtre pour les demandeurs d&#8217;emploi<\/li>\n<li>Tableau de bord de l&#8217;employeur pour g\u00e9rer les listes d&#8217;emplois et les applications<\/li>\n<li>Options de facturation des employeurs pour les soumissions d&#8217;emploi et avec des listes<\/li>\n<li>Int\u00e9gration avec des passerelles de paiement populaires et des services de marketing par e-mail<\/li>\n<li>Conception sensible au mobile pour une visualisation optimale sur tous les appareils<\/li>\n<li>Syst\u00e8me de suivi des applications int\u00e9gr\u00e9 aux employeurs pour g\u00e9rer les flux de travail des candidats<\/li>\n<li>Int\u00e9gration des m\u00e9dias sociaux pour le partage facile et la promotion des listes d&#8217;emplois<\/li>\n<li>Facilement personnalisable avec le g\u00e9n\u00e9rateur de pages glisser-d\u00e9poser et le panneau d&rsquo;options de th\u00e8me.<\/li>\n<\/ul>\n","protected":false},"excerpt":{"rendered":"<p>Le th\u00e8me WordPress du Workscout Job Board s&rsquo;av\u00e8re \u00eatre un outil extr\u00eamement puissant lorsqu&rsquo;il s&rsquo;agit de d\u00e9velopper un site Web de Board Board hautement sophistiqu\u00e9 et poli. Arborant un design \u00e9l\u00e9gant et moderne, associ\u00e9 \u00e0 une interface intuitive et conviviale, ce th\u00e8me permet aux utilisateurs de superviser sans effort les listes d&#8217;emplois, les applications et les curriculum vitae. En outre, ce th\u00e8me poss\u00e8de une vaste gamme de fonctionnalit\u00e9s personnalisables, y compris, mais sans s&rsquo;y limiter, les alertes d&#8217;emploi, les profils de candidats et les comptes des employeurs, qui fournissent conjointement une solution de recrutement incroyablement efficace qui s&rsquo;adresse aux entreprises de toutes tailles. Que vous nourrissiez des ambitions de fabrication d&rsquo;un conseil d&rsquo;administration hautement sp\u00e9cialis\u00e9 ou que vous cherchiez \u00e0 \u00e9tablir une plate-forme de recherche d&#8217;emploi globale, le th\u00e8me WordPress de Workscout Job Board est pr\u00eat \u00e0 vous doter des outils indispensables requis pour atteindre triomphalement les objectifs souhait\u00e9s.<\/p>\n","protected":false},"featured_media":146124,"comment_status":"open","ping_status":"open","template":"","meta":[],"product_brand":[2433],"product_cat":[1516,1212,1213],"product_tag":[1366],"class_list":{"0":"post-113019","1":"product","2":"type-product","3":"status-publish","4":"has-post-thumbnail","6":"product_brand-themeforest","7":"product_cat-entreprise","8":"product_cat-themes","9":"product_cat-wordpress-themes","10":"product_tag-themeforest","11":"member-discount","12":"discount-restricted","14":"first","15":"instock","16":"sale","17":"downloadable","18":"virtual","19":"sold-individually","20":"purchasable","21":"product-type-simple"},"_links":{"self":[{"href":"https:\/\/gpl-love.com\/fr\/wp-json\/wp\/v2\/product\/113019","targetHints":{"allow":["GET"]}}],"collection":[{"href":"https:\/\/gpl-love.com\/fr\/wp-json\/wp\/v2\/product"}],"about":[{"href":"https:\/\/gpl-love.com\/fr\/wp-json\/wp\/v2\/types\/product"}],"replies":[{"embeddable":true,"href":"https:\/\/gpl-love.com\/fr\/wp-json\/wp\/v2\/comments?post=113019"}],"wp:featuredmedia":[{"embeddable":true,"href":"https:\/\/gpl-love.com\/fr\/wp-json\/wp\/v2\/media\/146124"}],"wp:attachment":[{"href":"https:\/\/gpl-love.com\/fr\/wp-json\/wp\/v2\/media?parent=113019"}],"wp:term":[{"taxonomy":"product_brand","embeddable":true,"href":"https:\/\/gpl-love.com\/fr\/wp-json\/wp\/v2\/product_brand?post=113019"},{"taxonomy":"product_cat","embeddable":true,"href":"https:\/\/gpl-love.com\/fr\/wp-json\/wp\/v2\/product_cat?post=113019"},{"taxonomy":"product_tag","embeddable":true,"href":"https:\/\/gpl-love.com\/fr\/wp-json\/wp\/v2\/product_tag?post=113019"}],"curies":[{"name":"wp","href":"https:\/\/api.w.org\/{rel}","templated":true}]}}