{"id":113017,"date":"2026-02-23T00:00:00","date_gmt":"2026-02-22T23:00:00","guid":{"rendered":"http:\/\/gpl-love.com\/fr\/produit\/travel-tour-booking-wordpress-theme\/"},"modified":"2026-04-10T18:43:51","modified_gmt":"2026-04-10T16:43:51","slug":"travel-tour-booking-wordpress-theme","status":"publish","type":"product","link":"https:\/\/gpl-love.com\/fr\/produit\/travel-tour-booking-wordpress-theme\/","title":{"rendered":"Travel Tour Booking WordPress Theme 5.3.9"},"content":{"rendered":"<h3>Travel Tour Booking WordPress Theme Traits<\/h3>\n<p>Le th\u00e8me WordPress de r\u00e9servation de voyages est un th\u00e8me tr\u00e8s polyvalent et convivial qui a \u00e9t\u00e9 sur mesure pour les entreprises de voyage et de r\u00e9servation de visites. B\u00e9n\u00e9ficiant d&rsquo;une pl\u00e9thore de fonctionnalit\u00e9s et d&rsquo;outils, ce th\u00e8me facilite de mani\u00e8re transparente la cr\u00e9ation de sites Web de frappe visuellement qui pr\u00e9sentent efficacement la gamme de services et d&rsquo;offres d&rsquo;entreprises de voyage. Ce th\u00e8me extraordinaire est \u00e9quip\u00e9 d&rsquo;un syst\u00e8me de r\u00e9servation robuste qui permet aux clients de r\u00e9server sans effort des visites et de compl\u00e9ter facilement leurs paiements en ligne. De plus, il poss\u00e8de un syst\u00e8me de tarification adaptable qui permet aux entreprises d&rsquo;\u00e9tablir des structures de tarification sur mesure pour leurs diverses visites et forfaits. De plus, ce th\u00e8me se d\u00e9marque en offrant une myriade d&rsquo;options de personnalisation, y compris un assortiment d&rsquo;alternatives de mise en page, une vaste s\u00e9lection de sch\u00e9mas de couleurs et une grande vari\u00e9t\u00e9 de polices. Par cons\u00e9quent, ce th\u00e8me permet aux entreprises de fa\u00e7onner un site Web sans pr\u00e9c\u00e9dent et personnalis\u00e9 qui incarne vraiment leur identit\u00e9 de marque unique. En fin de compte, le th\u00e8me WordPress de r\u00e9servation de tourn\u00e9e de voyage appara\u00eet comme la quintessence d&rsquo;une s\u00e9lection superlative pour toute entreprise de voyage qui aspire \u00e0 cultiver une pr\u00e9sence en ligne impressionnante.<\/p>\n<ul>\n<li>Un th\u00e8me WordPress complet et convivial pour les utilisateurs qui est parfait pour les agences de voyage, les voyagistes et les blogueurs de voyage.<\/li>\n<li>Offre une gamme d&rsquo;options de personnalisation en fonction de votre marque, y compris des sch\u00e9mas de couleurs, des polices et des dispositions.<\/li>\n<li>Comprend une gamme de mod\u00e8les pr\u00e9-con\u00e7us pour les forfaits de visites, les visites et les activit\u00e9s, les destinations et plus encore.<\/li>\n<li>Permet aux utilisateurs de r\u00e9server des visites et des activit\u00e9s directement \u00e0 partir du site, avec des options de passerelle de paiement int\u00e9gr\u00e9es pour la r\u00e9servation sans tracas.<\/li>\n<li>Livr\u00e9 avec une int\u00e9gration compl\u00e8te avec des portails de r\u00e9servation de voyage populaires, notamment TripAdvisor et Booking.com, permettant aux utilisateurs de r\u00e9server directement et de gagner une commission sur les r\u00e9servations.<\/li>\n<li>L&rsquo;int\u00e9gration int\u00e9gr\u00e9e des m\u00e9dias sociaux, y compris Instagram et Facebook, pour am\u00e9liorer l&rsquo;engagement des utilisateurs et vous permettre de pr\u00e9senter vos voyages et visites.<\/li>\n<li>SEO-optimis\u00e9 pour assurer une visibilit\u00e9 maximale et attirer plus de clients, avec des outils faciles \u00e0 utiliser pour optimiser votre contenu pour les moteurs de recherche.<\/li>\n<li>Sensible \u00e0 la mobile, assurant que votre site Web ressemble et fonctionne parfaitement sur tous les appareils et tailles d&rsquo;\u00e9cran.<\/li>\n<li>Livr\u00e9 avec l&rsquo;int\u00e9gration WooCommerce, vous permettant de vendre des produits physiques, des souvenirs et toute autre marchandise directement \u00e0 partir de votre site.<\/li>\n<li>Offre une gamme de modules compl\u00e9mentaires pour \u00e9tendre les fonctionnalit\u00e9s, y compris une recherche avanc\u00e9e de recherche, un syst\u00e8me de r\u00e9vision et un calendrier de r\u00e9servation.<\/li>\n<\/ul>\n","protected":false},"excerpt":{"rendered":"<p>Le th\u00e8me WordPress de la tourn\u00e9e de voyage en entr\u00e9e sert de solution ultime pour les personnes cherchant \u00e0 \u00e9tablir un site Web sophistiqu\u00e9 et convivial pour leur entreprise de voyage. Il a \u00e9t\u00e9 m\u00e9ticuleusement con\u00e7u avec la plus grande consid\u00e9ration pour les clients et les agents de voyage, offrant une pl\u00e9thore d&rsquo;outils de r\u00e9servation et de r\u00e9servation conviviaux, tout en se remportant un design visuellement frappant qui pr\u00e9sente parfaitement votre gamme diversifi\u00e9e de packages et de destinations. Ce th\u00e8me se distingue de la concurrence en fournissant des dispositions personnalisables, des options de paiement int\u00e9gr\u00e9es de mani\u00e8re transparente et une compatibilit\u00e9 sans effort avec une myriade de plugins populaires. Sans aucun doute, le th\u00e8me WordPress de la Voyage de Travel en entr\u00e9e est la quintessence d&rsquo;une s\u00e9lection de choix pour ceux qui visent \u00e0 se d\u00e9velopper et \u00e0 s&rsquo;\u00e9panouir dans le domaine des affaires de voyage en ligne.<\/p>\n","protected":false},"featured_media":145611,"comment_status":"open","ping_status":"open","template":"","meta":[],"product_brand":[2433],"product_cat":[1558,1212,1213],"product_tag":[1366],"class_list":{"0":"post-113017","1":"product","2":"type-product","3":"status-publish","4":"has-post-thumbnail","6":"product_brand-themeforest","7":"product_cat-hotel-resort","8":"product_cat-themes","9":"product_cat-wordpress-themes","10":"product_tag-themeforest","11":"member-discount","12":"discount-restricted","14":"first","15":"instock","16":"sale","17":"downloadable","18":"virtual","19":"sold-individually","20":"purchasable","21":"product-type-simple"},"_links":{"self":[{"href":"https:\/\/gpl-love.com\/fr\/wp-json\/wp\/v2\/product\/113017","targetHints":{"allow":["GET"]}}],"collection":[{"href":"https:\/\/gpl-love.com\/fr\/wp-json\/wp\/v2\/product"}],"about":[{"href":"https:\/\/gpl-love.com\/fr\/wp-json\/wp\/v2\/types\/product"}],"replies":[{"embeddable":true,"href":"https:\/\/gpl-love.com\/fr\/wp-json\/wp\/v2\/comments?post=113017"}],"wp:featuredmedia":[{"embeddable":true,"href":"https:\/\/gpl-love.com\/fr\/wp-json\/wp\/v2\/media\/145611"}],"wp:attachment":[{"href":"https:\/\/gpl-love.com\/fr\/wp-json\/wp\/v2\/media?parent=113017"}],"wp:term":[{"taxonomy":"product_brand","embeddable":true,"href":"https:\/\/gpl-love.com\/fr\/wp-json\/wp\/v2\/product_brand?post=113017"},{"taxonomy":"product_cat","embeddable":true,"href":"https:\/\/gpl-love.com\/fr\/wp-json\/wp\/v2\/product_cat?post=113017"},{"taxonomy":"product_tag","embeddable":true,"href":"https:\/\/gpl-love.com\/fr\/wp-json\/wp\/v2\/product_tag?post=113017"}],"curies":[{"name":"wp","href":"https:\/\/api.w.org\/{rel}","templated":true}]}}