{"id":113009,"date":"2023-11-15T00:00:00","date_gmt":"2023-11-14T23:00:00","guid":{"rendered":"http:\/\/gpl-love.com\/fr\/produit\/lustria-multipurpose-plant-store-wordpress-theme\/"},"modified":"2026-03-20T23:22:52","modified_gmt":"2026-03-20T22:22:52","slug":"lustria-multipurpose-plant-store-wordpress-theme","status":"publish","type":"product","link":"https:\/\/gpl-love.com\/fr\/produit\/lustria-multipurpose-plant-store-wordpress-theme\/","title":{"rendered":"Lustria MultiPurpose Plant Store WordPress Theme 3.7"},"content":{"rendered":"<h3>Lustria MultiPurpose Plant Store WordPress Theme Traits<\/h3>\n<p>Le th\u00e8me WordPress du magasin de plantes polyvalents de Lustria, comme son nom l&rsquo;indique, est un th\u00e8me incroyablement polyvalent et personnalisable qui a \u00e9t\u00e9 m\u00e9ticuleusement con\u00e7u et adapt\u00e9 pour r\u00e9pondre aux exigences sp\u00e9cifiques des magasins v\u00e9g\u00e9taux. B\u00e9n\u00e9ficiant d&rsquo;un design \u00e9l\u00e9gant et contemporain, ce th\u00e8me est sans aucun doute la quintessence de l&rsquo;\u00e9l\u00e9gance et est garantie d&rsquo;\u00e9lever vos produits de l&rsquo;usine \u00e0 de nouveaux sommets, ainsi que de fournir \u00e0 vos clients une exp\u00e9rience d&rsquo;achat en ligne in\u00e9gal\u00e9e. Avec son interface utilisateur intuitive et son \u00e9ventail avanc\u00e9 de fonctionnalit\u00e9s, le th\u00e8me WordPress de l&rsquo;usine polyvalent Lustria vous permet de superviser et d&rsquo;organiser votre vaste gamme de produits, de rationaliser le processus de paiement pour maximiser l&rsquo;efficacit\u00e9 et, finalement, fournir votre client Captiver Journey \u00e0 travers votre magasin virtuel. Que vous envisagiez d&rsquo;\u00e9tablir une boutique charmante et intime ou un empire tentaculaire et dynamique de commerce \u00e9lectronique, il ne fait aucun doute que le th\u00e8me WordPress du magasin de plantes multiples .<\/p>\n<ul>\n<li>Un th\u00e8me WordPress hautement personnalisable sp\u00e9cialement con\u00e7u pour les magasins de plantes<\/li>\n<li>6 dispositions de page d&rsquo;accueil uniques au choix, chacune avec un design ax\u00e9 sur l&rsquo;usine diff\u00e9rente<\/li>\n<li>Catalogue d&rsquo;usine int\u00e9gr\u00e9 avec des options de cat\u00e9gorisation et de filtrage<\/li>\n<li>Int\u00e9gration avec des plateformes de commerce \u00e9lectronique populaires pour des ventes faciles en ligne de plantes et de produits connexes<\/li>\n<li>Conception r\u00e9active pour une visualisation optimale sur le bureau et les appareils mobiles<\/li>\n<li>Sch\u00e9mas de couleurs personnalisables pour correspondre \u00e0 votre marque ou logo<\/li>\n<li>Pages pr\u00e9-con\u00e7ues pour des informations importantes, comme nous, Contact et FAQ<\/li>\n<li>Fonctionnalit\u00e9 de blog int\u00e9gr\u00e9e pour partager le jardinage et les conseils et conseils li\u00e9s aux plantes<\/li>\n<li>Options de polices et d&rsquo;ic\u00f4nes pour compl\u00e9ter la conception globale du magasin<\/li>\n<li>La fonction d&rsquo;importation de d\u00e9monstration en un clic permet une configuration rapide et facile du site Web de votre magasin d&rsquo;usine.<\/li>\n<\/ul>\n","protected":false},"excerpt":{"rendered":"<p>Nous sommes ravis de pr\u00e9senter le th\u00e8me WordPress du magasin de plantes polyvalents de Lustria, une offre exceptionnelle con\u00e7ue sp\u00e9cifiquement pour les individus et les entreprises qui poss\u00e8dent une passionn\u00e9e pour les plantes et cherchent \u00e0 \u00e9tablir une repr\u00e9sentation en ligne remarquable et percutante. Ce th\u00e8me de conception extr\u00eamement con\u00e7oit un \u00e9ventail de fonctionnalit\u00e9s polyvalents, associ\u00e9es \u00e0 des personnalisations conviviales et \u00e0 une disposition r\u00e9active qui s&rsquo;adapte de mani\u00e8re transparente \u00e0 n&rsquo;importe quel appareil, garantissant une exp\u00e9rience de visualisation optimale. Avec Lustria \u00e0 votre disposition, pr\u00e9sentez sans effort votre assortiment de produits, de services et de contenu captivant, tout en captivant et en engageant captivant votre public estim\u00e9. Que vous op\u00e9riez une p\u00e9pini\u00e8re florissante, un fleuriste florissant ou m\u00eame la conservation d&rsquo;un blog d\u00e9di\u00e9 \u00e0 l&rsquo;art du jardinage, Lustria a le pouvoir transformateur d&rsquo;\u00e9lever votre site Web en une exp\u00e9rience utilisateur exquise et inoubliable. Le moment est maintenant de cultiver et d&rsquo;\u00e9largir votre empreinte num\u00e9rique!<\/p>\n","protected":false},"featured_media":144403,"comment_status":"open","ping_status":"open","template":"","meta":[],"product_brand":[2433],"product_cat":[1238,1444,1212],"product_tag":[1366],"class_list":{"0":"post-113009","1":"product","2":"type-product","3":"status-publish","4":"has-post-thumbnail","6":"product_brand-themeforest","7":"product_cat-commerce-electronique-themes","8":"product_cat-creatif-commerce-electronique-themes","9":"product_cat-themes","10":"product_tag-themeforest","11":"member-discount","12":"discount-restricted","14":"first","15":"instock","16":"sale","17":"downloadable","18":"virtual","19":"sold-individually","20":"purchasable","21":"product-type-simple"},"_links":{"self":[{"href":"https:\/\/gpl-love.com\/fr\/wp-json\/wp\/v2\/product\/113009","targetHints":{"allow":["GET"]}}],"collection":[{"href":"https:\/\/gpl-love.com\/fr\/wp-json\/wp\/v2\/product"}],"about":[{"href":"https:\/\/gpl-love.com\/fr\/wp-json\/wp\/v2\/types\/product"}],"replies":[{"embeddable":true,"href":"https:\/\/gpl-love.com\/fr\/wp-json\/wp\/v2\/comments?post=113009"}],"wp:featuredmedia":[{"embeddable":true,"href":"https:\/\/gpl-love.com\/fr\/wp-json\/wp\/v2\/media\/144403"}],"wp:attachment":[{"href":"https:\/\/gpl-love.com\/fr\/wp-json\/wp\/v2\/media?parent=113009"}],"wp:term":[{"taxonomy":"product_brand","embeddable":true,"href":"https:\/\/gpl-love.com\/fr\/wp-json\/wp\/v2\/product_brand?post=113009"},{"taxonomy":"product_cat","embeddable":true,"href":"https:\/\/gpl-love.com\/fr\/wp-json\/wp\/v2\/product_cat?post=113009"},{"taxonomy":"product_tag","embeddable":true,"href":"https:\/\/gpl-love.com\/fr\/wp-json\/wp\/v2\/product_tag?post=113009"}],"curies":[{"name":"wp","href":"https:\/\/api.w.org\/{rel}","templated":true}]}}