{"id":113007,"date":"2026-02-23T00:00:00","date_gmt":"2026-02-22T23:00:00","guid":{"rendered":"http:\/\/gpl-love.com\/fr\/produit\/konte-minimal-and-modern-woocommerce-wordpress-theme\/"},"modified":"2026-03-20T23:21:41","modified_gmt":"2026-03-20T22:21:41","slug":"konte-minimal-and-modern-woocommerce-wordpress-theme","status":"publish","type":"product","link":"https:\/\/gpl-love.com\/fr\/produit\/konte-minimal-and-modern-woocommerce-wordpress-theme\/","title":{"rendered":"Konte Minimal et Modern Theme 2.4.11"},"content":{"rendered":"<h3>Konte Minimal et Modern Theme Traits<\/h3>\n<p>Le th\u00e8me minimal et moderne de Konte, avec sa nature polyvalente et conviviale, se pr\u00e9sente comme un th\u00e8me WordPress exquis, parfaitement adapt\u00e9 aux besoins des sites Web contemporains. Sa conception propre et minimaliste impr\u00e9gne votre site Web avec un air de beaut\u00e9 et de professionnalisme, tout en assurant simultan\u00e9ment la facilit\u00e9 de navigation. De plus, la r\u00e9activit\u00e9 de ce th\u00e8me le rend parfaitement fonctionnel sur tous les appareils, \u00e9largissant ainsi votre public potentiel. Offrant une vaste gamme d&rsquo;options de personnalisation, le th\u00e8me minimal et moderne de Konte vous permet de fa\u00e7onner sans effort un site Web \u00e0 la fois idiosyncrasique et personnalis\u00e9, en l&rsquo;alignant avec vos exigences sp\u00e9cifiques. L&rsquo;inclusion d&rsquo;un panneau d&rsquo;options de th\u00e8me robuste vous accorde g\u00e9n\u00e9reusement la domination compl\u00e8te sur les aspects visuels et sensoriels de votre site. De plus, ce th\u00e8me a \u00e9t\u00e9 optimis\u00e9 avec diligence pour l&rsquo;optimisation des moteurs de recherche (SEO), garantissant l&rsquo;ascension de votre contenu dans le classement des moteurs de recherche populaires. Non seulement cela, mais il pr\u00e9sente \u00e9galement une compatibilit\u00e9 avec tous les principaux navigateurs Web et poss\u00e8de une documentation m\u00e9ticuleusement con\u00e7ue pour faciliter votre voyage vers la mise en place de votre site Web. En conclusion, si vous \u00eates \u00e0 la recherche d&rsquo;un th\u00e8me WordPress adaptable et contemporain, le th\u00e8me Konte Minimal and Modern est un choix exemplaire.<\/p>\n<ul>\n<li>Design \u00e9l\u00e9gant et minimaliste avec une touche moderne<\/li>\n<li>Compatible avec les plateformes de site Web les plus populaires<\/li>\n<li>Enti\u00e8rement r\u00e9actif pour une visualisation optimale sur tous les appareils<\/li>\n<li>Comprend des sch\u00e9mas de couleurs et des polices personnalisables<\/li>\n<li>Interface utilisateur facile \u00e0 naviguer pour la navigation transparente<\/li>\n<li>Bar de recherche int\u00e9gr\u00e9e et int\u00e9gration des m\u00e9dias sociaux<\/li>\n<li>Comprend une vari\u00e9t\u00e9 de dispositions de page pr\u00e9d\u00e9finies pour une personnalisation facile<\/li>\n<li>Optimis\u00e9 pour les temps de chargement rapide et l&rsquo;optimisation SEO<\/li>\n<li>Support client et mises \u00e0 jour r\u00e9guli\u00e8res pour les fonctionnalit\u00e9s continues<\/li>\n<li>Convient \u00e0 un large \u00e9ventail d&rsquo;industries et d&rsquo;utilisations.<\/li>\n<\/ul>\n","protected":false},"excerpt":{"rendered":"<p>Konte, un th\u00e8me WordPress, poss\u00e8de un design exquis, contemporain et simpliste qui d\u00e9gage l&rsquo;attrait visuel, le rendant adapt\u00e9 \u00e0 un vaste \u00e9ventail de sites Web. Affichez vos produits ou services avec le plus grand professionnalisme et l&rsquo;allure en utilisant la disposition impeccable et \u00e9pur\u00e9e de Konte. De plus, son adaptabilit\u00e9 garantit que votre site Web maintiendra sa splendeur sur tous les appareils, tandis que ses capacit\u00e9s de personnalisation simples mais robustes vous permettent d&rsquo;adapter votre site Web \u00e0 vos pr\u00e9f\u00e9rences pr\u00e9cises. Que vous cr\u00e9iez une plate-forme de commerce \u00e9lectronique, une pr\u00e9sence sur le Web d&rsquo;entreprise ou un blog personnel, Konte est le th\u00e8me par excellence pour actualiser votre vision cr\u00e9ative.<\/p>\n","protected":false},"featured_media":144323,"comment_status":"open","ping_status":"open","template":"","meta":[],"product_brand":[2433],"product_cat":[1238,1851,1212],"product_tag":[1366],"class_list":{"0":"post-113007","1":"product","2":"type-product","3":"status-publish","4":"has-post-thumbnail","6":"product_brand-themeforest","7":"product_cat-commerce-electronique-themes","8":"product_cat-entreprise-commerce-electronique-themes","9":"product_cat-themes","10":"product_tag-themeforest","11":"member-discount","12":"discount-restricted","14":"first","15":"instock","16":"sale","17":"downloadable","18":"virtual","19":"sold-individually","20":"purchasable","21":"product-type-simple"},"_links":{"self":[{"href":"https:\/\/gpl-love.com\/fr\/wp-json\/wp\/v2\/product\/113007","targetHints":{"allow":["GET"]}}],"collection":[{"href":"https:\/\/gpl-love.com\/fr\/wp-json\/wp\/v2\/product"}],"about":[{"href":"https:\/\/gpl-love.com\/fr\/wp-json\/wp\/v2\/types\/product"}],"replies":[{"embeddable":true,"href":"https:\/\/gpl-love.com\/fr\/wp-json\/wp\/v2\/comments?post=113007"}],"wp:featuredmedia":[{"embeddable":true,"href":"https:\/\/gpl-love.com\/fr\/wp-json\/wp\/v2\/media\/144323"}],"wp:attachment":[{"href":"https:\/\/gpl-love.com\/fr\/wp-json\/wp\/v2\/media?parent=113007"}],"wp:term":[{"taxonomy":"product_brand","embeddable":true,"href":"https:\/\/gpl-love.com\/fr\/wp-json\/wp\/v2\/product_brand?post=113007"},{"taxonomy":"product_cat","embeddable":true,"href":"https:\/\/gpl-love.com\/fr\/wp-json\/wp\/v2\/product_cat?post=113007"},{"taxonomy":"product_tag","embeddable":true,"href":"https:\/\/gpl-love.com\/fr\/wp-json\/wp\/v2\/product_tag?post=113007"}],"curies":[{"name":"wp","href":"https:\/\/api.w.org\/{rel}","templated":true}]}}