{"id":113005,"date":"2022-02-18T00:00:00","date_gmt":"2022-02-17T23:00:00","guid":{"rendered":"http:\/\/gpl-love.com\/fr\/produit\/mitech-technology-it-solutions-and-services-wordpress-theme\/"},"modified":"2026-04-10T18:31:39","modified_gmt":"2026-04-10T16:31:39","slug":"mitech-technology-it-solutions-and-services-wordpress-theme","status":"publish","type":"product","link":"https:\/\/gpl-love.com\/fr\/produit\/mitech-technology-it-solutions-and-services-wordpress-theme\/","title":{"rendered":"Mitech Technology IT Solutions et Services WordPress Theme 1.6.11"},"content":{"rendered":"<h3>Mitech Technology IT Solutions et Services WordPress Theme Traits<\/h3>\n<p>Le th\u00e8me WordPress des solutions et services Mitech Technology IT est une solution compl\u00e8te sp\u00e9cialement con\u00e7ue pour les entreprises op\u00e9rant dans l&rsquo;industrie de la technologie. Ce th\u00e8me particulier poss\u00e8de un large \u00e9ventail de fonctionnalit\u00e9s qui sont sp\u00e9cifiquement adapt\u00e9es pour r\u00e9pondre aux exigences et aux exigences uniques des soci\u00e9t\u00e9s informatiques. Avec sa conception r\u00e9active, ses dispositions personnalisables et ses options de th\u00e8me avanc\u00e9es, la technologie Mitech offre une immense flexibilit\u00e9 et adaptabilit\u00e9.<\/p>\n<p>De plus, ce th\u00e8me est \u00e9quip\u00e9 d&rsquo;une s\u00e9lection diversifi\u00e9e de pages pr\u00e9-con\u00e7ues, englobant la maison, les services, les services, le portefeuille, le blog et le contact. Ces pages sont m\u00e9ticuleusement con\u00e7ues pour offrir une exp\u00e9rience utilisateur sans couture et engageante. En outre, la technologie Mitech est r\u00e9put\u00e9e pour sa convivialit\u00e9 et sa personnalisation sans effort, permettant aux entreprises d&rsquo;adapter sans effort leur site Web pour s&rsquo;aligner parfaitement avec leurs besoins et pr\u00e9f\u00e9rences individuelles.<\/p>\n<p>De plus, ce th\u00e8me exceptionnel sert d&rsquo;outil puissant pour pr\u00e9senter efficacement votre gamme de services, affichant efficacement votre portefeuille de mani\u00e8re esth\u00e9tique et engageant activement avec des clients potentiels. Que vous soyez une startup en plein essor ou un acteur de l&rsquo;industrie bien \u00e9tabli, le th\u00e8me WordPress des solutions informatiques et services Mitech Technology est sans aucun doute un choix primordial pour d\u00e9velopper et optimiser votre site Web, garantissant qu&rsquo;il ne r\u00e9pond pas seulement mais d\u00e9passe vos attentes.<\/p>\n<ul>\n<li>Design r\u00e9actif et adapt\u00e9 \u00e0 mobile<\/li>\n<li>Mod\u00e8les de page personnalisables<\/li>\n<li>Disposition de d\u00e9monstration pr\u00e9d\u00e9finie pour les soci\u00e9t\u00e9s informatiques<\/li>\n<li>Faire glisser et d\u00e9poser le constructeur de page<\/li>\n<li>Panneau d&rsquo;options de th\u00e8me avanc\u00e9<\/li>\n<li>Animations et transitions CSS3<\/li>\n<li>Compatible avec les plugins WordPress populaires<\/li>\n<li>SEO Pr\u00eat<\/li>\n<li>Traduction pr\u00eate<\/li>\n<li>Importation de d\u00e9monstration en un clic<\/li>\n<li>Excellent support client<\/li>\n<\/ul>\n","protected":false},"excerpt":{"rendered":"<p>Le th\u00e8me WordPress des solutions et services informatiques Mitech Technology, avec sa conception con\u00e7ue par des experts, est un choix tr\u00e8s appropri\u00e9 pour les entreprises technologiques, les fournisseurs de solutions informatiques et les entreprises offrant des services num\u00e9riques. Il poss\u00e8de une vaste gamme de fonctionnalit\u00e9s et d&rsquo;options de personnalisation qui permettent la cr\u00e9ation d&rsquo;un site Web engageant et sophistiqu\u00e9, capable d&rsquo;afficher efficacement votre marque et vos services. Son interface conviviale et sa conception r\u00e9active am\u00e9liorent encore son aptitude \u00e0 la pr\u00e9sentation de vos produits et services de la mani\u00e8re la plus percutante, attirant ainsi les clients potentiels et favoriser les conversions. Que vous soyez une start-up en plein essor ou une entreprise bien \u00e9tablie, ce th\u00e8me sert de choix par excellence pour montrer votre marque et maintenir un avantage concurrentiel dans l&rsquo;industrie.<\/p>\n","protected":false},"featured_media":144551,"comment_status":"open","ping_status":"open","template":"","meta":[],"product_brand":[2433],"product_cat":[1516,1212,1213],"product_tag":[1366],"class_list":{"0":"post-113005","1":"product","2":"type-product","3":"status-publish","4":"has-post-thumbnail","6":"product_brand-themeforest","7":"product_cat-entreprise","8":"product_cat-themes","9":"product_cat-wordpress-themes","10":"product_tag-themeforest","11":"member-discount","12":"discount-restricted","14":"first","15":"instock","16":"sale","17":"downloadable","18":"virtual","19":"sold-individually","20":"purchasable","21":"product-type-simple"},"_links":{"self":[{"href":"https:\/\/gpl-love.com\/fr\/wp-json\/wp\/v2\/product\/113005","targetHints":{"allow":["GET"]}}],"collection":[{"href":"https:\/\/gpl-love.com\/fr\/wp-json\/wp\/v2\/product"}],"about":[{"href":"https:\/\/gpl-love.com\/fr\/wp-json\/wp\/v2\/types\/product"}],"replies":[{"embeddable":true,"href":"https:\/\/gpl-love.com\/fr\/wp-json\/wp\/v2\/comments?post=113005"}],"wp:featuredmedia":[{"embeddable":true,"href":"https:\/\/gpl-love.com\/fr\/wp-json\/wp\/v2\/media\/144551"}],"wp:attachment":[{"href":"https:\/\/gpl-love.com\/fr\/wp-json\/wp\/v2\/media?parent=113005"}],"wp:term":[{"taxonomy":"product_brand","embeddable":true,"href":"https:\/\/gpl-love.com\/fr\/wp-json\/wp\/v2\/product_brand?post=113005"},{"taxonomy":"product_cat","embeddable":true,"href":"https:\/\/gpl-love.com\/fr\/wp-json\/wp\/v2\/product_cat?post=113005"},{"taxonomy":"product_tag","embeddable":true,"href":"https:\/\/gpl-love.com\/fr\/wp-json\/wp\/v2\/product_tag?post=113005"}],"curies":[{"name":"wp","href":"https:\/\/api.w.org\/{rel}","templated":true}]}}