{"id":113001,"date":"2025-10-23T00:00:00","date_gmt":"2025-10-22T22:00:00","guid":{"rendered":"http:\/\/gpl-love.com\/fr\/produit\/simple-custom-css-and-js-pro\/"},"modified":"2026-03-20T23:35:53","modified_gmt":"2026-03-20T22:35:53","slug":"simple-custom-css-and-js-pro","status":"publish","type":"product","link":"https:\/\/gpl-love.com\/fr\/produit\/simple-custom-css-and-js-pro\/","title":{"rendered":"Simple Custom CSS et JS PRO 4.41.1"},"content":{"rendered":"<h3>Simple Custom CSS et JS PRO Traits<\/h3>\n<p>Le CSS et JS Pro personnalis\u00e9s simples sont un outil tr\u00e8s formidable et influent qui permet aux utilisateurs de personnaliser et de modifier sans effort les \u00e9l\u00e9ments divers de leur site Web. En utilisant cet outil exceptionnel, les utilisateurs peuvent int\u00e9grer de mani\u00e8re transparente CSS et JavaScript personnalis\u00e9s dans leur site Web sans n\u00e9cessiter de ma\u00eetrise de codage. Le simple CSS et JS Pro personnalis\u00e9s sont exceptionnellement aptes \u00e0 faciliter la cr\u00e9ation de styles et d&rsquo;effets sur mesure, tout en int\u00e9grant \u00e9galement des scripts et biblioth\u00e8ques tiers. De plus, il offre aux utilisateurs une interface remarquablement conviviale, garantissant ainsi la gestion et la modification sans effort des extraits de code. Cet outil exceptionnel est extr\u00eamement bien adapt\u00e9 pour les d\u00e9veloppeurs, les concepteurs et les individus qui cherchent \u00e0 infuser leur site Web avec un flair distinctif et personnalis\u00e9, le tout sans compromettre les fonctionnalit\u00e9s ou les performances optimales. N&rsquo;h\u00e9sitez pas, lancez-vous dans un voyage transformateur en explorant les possibilit\u00e9s illimit\u00e9es offertes par les simples CSS personnalis\u00e9s et JS Pro aujourd&rsquo;hui!<\/p>\n<ul>\n<li>Un plugin puissant qui facilite l&rsquo;ajout de CSS et JavaScript personnalis\u00e9s \u00e0 votre site Web<\/li>\n<li>Interface utilisateur simple et intuitive qui vous permet de personnaliser rapidement et facilement le look et les fonctionnalit\u00e9s de votre site<\/li>\n<li>La version Pro fournit des fonctionnalit\u00e9s avanc\u00e9es telles que la mise en surbrillance de la syntaxe, la validation du code et la minification de code pour les performances optimales du site<\/li>\n<li>Compatible avec tous les th\u00e8mes et plugins WordPress, vous donnant un contr\u00f4le total sur la conception et la fonctionnalit\u00e9 de votre site<\/li>\n<li>Flexible et personnalisable, vous permettant de cibler des pages ou des sections sp\u00e9cifiques de votre site avec CSS et JavaScript personnalis\u00e9s<\/li>\n<li>Aide \u00e0 am\u00e9liorer la vitesse et les performances du site en optimisant le code et en r\u00e9duisant les temps de chargement de page<\/li>\n<li>Le soutien professionnel et les mises \u00e0 jour garantissent que votre site reste \u00e0 jour et fonctionne bien.<\/li>\n<\/ul>\n","protected":false},"excerpt":{"rendered":"<p>CSS et JS Pro personnalis\u00e9s simples est un plugin WordPress tr\u00e8s robuste qui offre aux utilisateurs la capacit\u00e9 pratique d&rsquo;ins\u00e9rer sans effort CSS et JavaScript personnalis\u00e9s dans leurs sites Web. En offrant une interface intuitive, ce plugin permet aux utilisateurs de faire rapidement des modifications distinctives \u00e0 l&rsquo;esth\u00e9tique visuelle et aux capacit\u00e9s op\u00e9rationnelles de leurs sites Web, sans n\u00e9cessiter la n\u00e9cessit\u00e9 d&rsquo;acqu\u00e9rir une connaissance compl\u00e8te du codage HTML et CSS. Que les utilisateurs aspirent \u00e0 personnaliser la disposition des pages de leur site Web ou \u00e0 incorporer des fonctionnalit\u00e9s JavaScript complexes dans leurs formulaires, des CSS et JS Pro personnalis\u00e9s simples leur fournissent une autorit\u00e9 absolue sur les aspects de conception et de fonctionnalit\u00e9 de leurs sites Web WordPress.<\/p>\n","protected":false},"featured_media":145252,"comment_status":"open","ping_status":"open","template":"","meta":[],"product_brand":[2597],"product_cat":[1189,1181,1186],"product_tag":[1835],"class_list":{"0":"post-113001","1":"product","2":"type-product","3":"status-publish","4":"has-post-thumbnail","6":"product_brand-silkypress","7":"product_cat-personnalisation","8":"product_cat-plugins","9":"product_cat-wordpress-plugins","10":"product_tag-silkypress","11":"member-discount","12":"discount-restricted","14":"first","15":"instock","16":"sale","17":"downloadable","18":"virtual","19":"sold-individually","20":"purchasable","21":"product-type-simple"},"_links":{"self":[{"href":"https:\/\/gpl-love.com\/fr\/wp-json\/wp\/v2\/product\/113001","targetHints":{"allow":["GET"]}}],"collection":[{"href":"https:\/\/gpl-love.com\/fr\/wp-json\/wp\/v2\/product"}],"about":[{"href":"https:\/\/gpl-love.com\/fr\/wp-json\/wp\/v2\/types\/product"}],"replies":[{"embeddable":true,"href":"https:\/\/gpl-love.com\/fr\/wp-json\/wp\/v2\/comments?post=113001"}],"wp:featuredmedia":[{"embeddable":true,"href":"https:\/\/gpl-love.com\/fr\/wp-json\/wp\/v2\/media\/145252"}],"wp:attachment":[{"href":"https:\/\/gpl-love.com\/fr\/wp-json\/wp\/v2\/media?parent=113001"}],"wp:term":[{"taxonomy":"product_brand","embeddable":true,"href":"https:\/\/gpl-love.com\/fr\/wp-json\/wp\/v2\/product_brand?post=113001"},{"taxonomy":"product_cat","embeddable":true,"href":"https:\/\/gpl-love.com\/fr\/wp-json\/wp\/v2\/product_cat?post=113001"},{"taxonomy":"product_tag","embeddable":true,"href":"https:\/\/gpl-love.com\/fr\/wp-json\/wp\/v2\/product_tag?post=113001"}],"curies":[{"name":"wp","href":"https:\/\/api.w.org\/{rel}","templated":true}]}}