{"id":112999,"date":"2021-04-23T00:00:00","date_gmt":"2021-04-22T22:00:00","guid":{"rendered":"http:\/\/gpl-love.com\/fr\/produit\/woocommerce-wishlist\/"},"modified":"2026-03-20T23:48:31","modified_gmt":"2026-03-20T22:48:31","slug":"woocommerce-wishlist","status":"publish","type":"product","link":"https:\/\/gpl-love.com\/fr\/produit\/woocommerce-wishlist\/","title":{"rendered":"WooCommerce Wishlist 1.1.7"},"content":{"rendered":"<h3>WooCommerce Wishlist Traits<\/h3>\n<p>WooCommerce WishList, un outil remarquablement robuste, offre aux clients la capacit\u00e9 incroyable de fabriquer des listes de souhaits personnalis\u00e9es sur leur boutique en ligne, am\u00e9liorant ainsi consid\u00e9rablement l&rsquo;exp\u00e9rience utilisateur globale et encourageant activement les clients \u00e0 interagir activement avec votre vaste gamme de produits. L&rsquo;installation et l&rsquo;utilisation de ce plugin exceptionnel sont remarquablement simples et s&rsquo;int\u00e8grent parfaitement \u00e0 votre magasin WooCommerce pr\u00e9existant. En tirant parti des capacit\u00e9s remarquables de la liste de souhaits WooCommerce, vous pouvez amplifier efficacement l&rsquo;engagement des clients et augmenter consid\u00e9rablement les ventes en permettant \u00e0 vos clients estim\u00e9s de la capacit\u00e9 inestimable \u00e0 g\u00e9n\u00e9rer et \u00e0 partager sans effort les listes de souhaits avec leurs amis estim\u00e9s et leurs membres de la famille ch\u00e9ris. Ainsi, si vous vous trouvez \u00e0 la recherche d&rsquo;un moyen efficace de revigorer les ventes de votre boutique en ligne et d&rsquo;am\u00e9liorer le contentement des clients, il serait tr\u00e8s prudent de contempler s\u00e9rieusement les multiples m\u00e9rites selon lesquels la liste de souhaits WooCommerce est incontestablement.<\/p>\n<ul>\n<li>Permet aux clients d&rsquo;\u00e9conomiser des produits sur une liste de souhaits pour une r\u00e9f\u00e9rence future et un acc\u00e8s facile.<\/li>\n<li>La liste de souhaits peut \u00eatre personnalis\u00e9e et facilement partag\u00e9e avec les amis et la famille par e-mail ou les m\u00e9dias sociaux.<\/li>\n<li>Peut \u00eatre int\u00e9gr\u00e9 de mani\u00e8re transparente dans votre boutique WooCommerce, avec des param\u00e8tres personnalisables et des options de mise en page.<\/li>\n<li>Aide \u00e0 augmenter les ventes en donnant aux clients un moyen de suivre les produits qui les int\u00e9ressent et potentiellement acheter plus tard.<\/li>\n<li>Offre la possibilit\u00e9 de hi\u00e9rarchiser les \u00e9l\u00e9ments de la liste de souhaits avec des fonctionnalit\u00e9s de glisser-d\u00e9poser, ce qui facilite le suivi de ce qui est le plus important.<\/li>\n<li>Fournit des informations pr\u00e9cieuses sur les pr\u00e9f\u00e9rences et les int\u00e9r\u00eats des clients, ce qui peut \u00e9clairer les strat\u00e9gies de d\u00e9veloppement de produits et de marketing.<\/li>\n<li>Livr\u00e9 avec un support et une documentation utiles pour aider \u00e0 l&rsquo;installation et \u00e0 tout probl\u00e8me technique.<\/li>\n<\/ul>\n","protected":false},"excerpt":{"rendered":"<p>Le plugin WooCommerce WishList, qui est un outil tr\u00e8s utile pour les d\u00e9taillants en ligne, offre aux clients l&rsquo;occasion remarquable de g\u00e9n\u00e9rer sans effort une liste de souhaits personnalis\u00e9e compos\u00e9e de produits qu&rsquo;ils d\u00e9tiennent un vif int\u00e9r\u00eat \u00e0 acqu\u00e9rir dans votre boutique en ligne estim\u00e9e. Ce plugin ing\u00e9nieux permet aux clients de la capacit\u00e9 remarquable non seulement d&rsquo;ajouter ou d&rsquo;\u00e9liminer facilement les produits de leur liste m\u00e9ticuleusement organis\u00e9e, mais aussi de la partager sans effort avec leurs amis et membres de la famille bien-aim\u00e9s. En vertu de cette fonctionnalit\u00e9 extraordinaire, les clients sont en mesure de pr\u00e9server efficacement les produits pour une consid\u00e9ration future, augmentant ainsi consid\u00e9rablement les chiffres de vente et favorisant un sentiment de satisfaction accru parmi la client\u00e8le estim\u00e9e.<\/p>\n","protected":false},"featured_media":146072,"comment_status":"open","ping_status":"open","template":"","meta":[],"product_brand":[2435],"product_cat":[1182,1223,1181],"product_tag":[1231],"class_list":{"0":"post-112999","1":"product","2":"type-product","3":"status-publish","4":"has-post-thumbnail","6":"product_brand-codecanyon","7":"product_cat-commerce-electronique-plugins","8":"product_cat-personnalisation-commerce-electronique-plugins","9":"product_cat-plugins","10":"product_tag-codecanyon","11":"member-discount","12":"discount-restricted","14":"first","15":"instock","16":"sale","17":"downloadable","18":"virtual","19":"sold-individually","20":"purchasable","21":"product-type-simple"},"_links":{"self":[{"href":"https:\/\/gpl-love.com\/fr\/wp-json\/wp\/v2\/product\/112999","targetHints":{"allow":["GET"]}}],"collection":[{"href":"https:\/\/gpl-love.com\/fr\/wp-json\/wp\/v2\/product"}],"about":[{"href":"https:\/\/gpl-love.com\/fr\/wp-json\/wp\/v2\/types\/product"}],"replies":[{"embeddable":true,"href":"https:\/\/gpl-love.com\/fr\/wp-json\/wp\/v2\/comments?post=112999"}],"wp:featuredmedia":[{"embeddable":true,"href":"https:\/\/gpl-love.com\/fr\/wp-json\/wp\/v2\/media\/146072"}],"wp:attachment":[{"href":"https:\/\/gpl-love.com\/fr\/wp-json\/wp\/v2\/media?parent=112999"}],"wp:term":[{"taxonomy":"product_brand","embeddable":true,"href":"https:\/\/gpl-love.com\/fr\/wp-json\/wp\/v2\/product_brand?post=112999"},{"taxonomy":"product_cat","embeddable":true,"href":"https:\/\/gpl-love.com\/fr\/wp-json\/wp\/v2\/product_cat?post=112999"},{"taxonomy":"product_tag","embeddable":true,"href":"https:\/\/gpl-love.com\/fr\/wp-json\/wp\/v2\/product_tag?post=112999"}],"curies":[{"name":"wp","href":"https:\/\/api.w.org\/{rel}","templated":true}]}}