{"id":112994,"date":"2024-12-20T00:00:00","date_gmt":"2024-12-19T23:00:00","guid":{"rendered":"http:\/\/gpl-love.com\/fr\/produit\/boosted-elements-page-builder-addon-for-elementor\/"},"modified":"2026-03-20T22:57:13","modified_gmt":"2026-03-20T21:57:13","slug":"boosted-elements-page-builder-addon-for-elementor","status":"publish","type":"product","link":"https:\/\/gpl-love.com\/fr\/produit\/boosted-elements-page-builder-addon-for-elementor\/","title":{"rendered":"Boosted Elements Page Builder Addon pour Elementor 6.3"},"content":{"rendered":"<h3>Boosted Elements Page Builder Addon pour Elementor Traits<\/h3>\n<p>Addon Boosted Elements Page Builder pour Elementor, largement reconnu comme un outil puissant et efficace, am\u00e9liore consid\u00e9rablement la fonctionnalit\u00e9 et les capacit\u00e9s de Elementor, un constructeur de pages extr\u00eamement populaire con\u00e7u sp\u00e9cifiquement pour WordPress. Avec un vaste \u00e9ventail de widgets et de modules innovants \u00e0 sa disposition, cet addon remarquable permet aux utilisateurs d&rsquo;\u00e9laborer sans effort des sites Web visuellement attrayants et hautement fonctionnels. Ce package complet dispose de plus de 30 nouveaux widgets, y compris, mais sans s&rsquo;y limiter, les tables de tarification, les compteurs, les t\u00e9moignages et les galeries d&rsquo;images, accordant aux utilisateurs une flexibilit\u00e9 in\u00e9gal\u00e9e dans la personnalisation de leurs sites Web pour s&rsquo;aligner sur leurs pr\u00e9f\u00e9rences et leurs exigences uniques. B\u00e9n\u00e9ficiant d&rsquo;une navigation conviviale et d&rsquo;un niveau d&rsquo;adaptabilit\u00e9 impressionnant, les \u00e9l\u00e9ments stimul\u00e9s font appel \u00e0 un large public, y compris des d\u00e9veloppeurs Web, des concepteurs et des propri\u00e9taires d&rsquo;entreprise cherchant \u00e0 construire rapidement et facilement des sites Web de qualit\u00e9 professionnelle qui d\u00e9passent sans effort la concurrence. En r\u00e9sum\u00e9, l&rsquo;ajout inestimable d&rsquo;\u00e9l\u00e9ments boost\u00e9s \u00e0 l&rsquo;arsenal de tout utilisateur Elementor les offre les instruments n\u00e9cessaires pour construire des sites Web impressionnants qui se distinguent sans effort dans un paysage num\u00e9rique satur\u00e9.<\/p>\n<ul>\n<li>Ajoute des capacit\u00e9s avanc\u00e9es de construction de pages \u00e0 la plate-forme \u00e9l\u00e9mentor populaire<\/li>\n<li>Comprend plus de 30 \u00e9l\u00e9ments uniques pour cr\u00e9er des pages dynamiques personnalis\u00e9es<\/li>\n<li>Interface de glisser-d\u00e9poser intuitive pour la construction de pages faciles<\/li>\n<li>Options de style avanc\u00e9es pour un contr\u00f4le de conception complet<\/li>\n<li>Compatible avec n&rsquo;importe quel th\u00e8me WordPress<\/li>\n<li>Comprend des mod\u00e8les pr\u00e9-con\u00e7us pour relancer vos cr\u00e9ations<\/li>\n<li>Construit pour la vitesse et les performances, l&rsquo;optimisation des temps de chargement de votre site Web<\/li>\n<li>Mises \u00e0 jour r\u00e9guli\u00e8res et support pour la compatibilit\u00e9 future<\/li>\n<li>Aucun codage n\u00e9cessaire, parfait pour tout niveau de comp\u00e9tence<\/li>\n<li>Options de tarification abordables avec une garantie de remboursement de 14 jours<\/li>\n<\/ul>\n","protected":false},"excerpt":{"rendered":"<p>Boostez les fonctionnalit\u00e9s de votre site Web avec le Boosted Elements Page Builder Addon for Elementor. Cet addon est sp\u00e9cialement con\u00e7u pour am\u00e9liorer les capacit\u00e9s de votre g\u00e9n\u00e9rateur de page Elementor, portant la conception de votre site Web \u00e0 un autre niveau. L&rsquo;addition des \u00e9l\u00e9ments boost\u00e9s est une bo\u00eete \u00e0 outils de fonctionnalit\u00e9s et d&rsquo;avantages puissants qui rendent la cr\u00e9ation de sites Web plus facile et plus efficace. Avec cet addon, vous pouvez \u00e9tendre votre contr\u00f4le cr\u00e9atif, ce qui fait ressortir votre site Web de la foule. Que vous soyez un novice ou un concepteur Web chevronn\u00e9, le Boosted Elements Page Builder Addon for Elementor est un excellent outil \u00e0 ajouter \u00e0 votre r\u00e9pertoire. Faites de votre site Web une puissante plate-forme num\u00e9rique avec cet addon robuste.<\/p>\n","protected":false},"featured_media":143303,"comment_status":"open","ping_status":"open","template":"","meta":[],"product_brand":[2435],"product_cat":[1189,1181,1186],"product_tag":[1231],"class_list":{"0":"post-112994","1":"product","2":"type-product","3":"status-publish","4":"has-post-thumbnail","6":"product_brand-codecanyon","7":"product_cat-personnalisation","8":"product_cat-plugins","9":"product_cat-wordpress-plugins","10":"product_tag-codecanyon","11":"member-discount","12":"discount-restricted","14":"first","15":"instock","16":"sale","17":"downloadable","18":"virtual","19":"sold-individually","20":"purchasable","21":"product-type-simple"},"_links":{"self":[{"href":"https:\/\/gpl-love.com\/fr\/wp-json\/wp\/v2\/product\/112994","targetHints":{"allow":["GET"]}}],"collection":[{"href":"https:\/\/gpl-love.com\/fr\/wp-json\/wp\/v2\/product"}],"about":[{"href":"https:\/\/gpl-love.com\/fr\/wp-json\/wp\/v2\/types\/product"}],"replies":[{"embeddable":true,"href":"https:\/\/gpl-love.com\/fr\/wp-json\/wp\/v2\/comments?post=112994"}],"wp:featuredmedia":[{"embeddable":true,"href":"https:\/\/gpl-love.com\/fr\/wp-json\/wp\/v2\/media\/143303"}],"wp:attachment":[{"href":"https:\/\/gpl-love.com\/fr\/wp-json\/wp\/v2\/media?parent=112994"}],"wp:term":[{"taxonomy":"product_brand","embeddable":true,"href":"https:\/\/gpl-love.com\/fr\/wp-json\/wp\/v2\/product_brand?post=112994"},{"taxonomy":"product_cat","embeddable":true,"href":"https:\/\/gpl-love.com\/fr\/wp-json\/wp\/v2\/product_cat?post=112994"},{"taxonomy":"product_tag","embeddable":true,"href":"https:\/\/gpl-love.com\/fr\/wp-json\/wp\/v2\/product_tag?post=112994"}],"curies":[{"name":"wp","href":"https:\/\/api.w.org\/{rel}","templated":true}]}}