{"id":112992,"date":"2025-09-29T00:00:00","date_gmt":"2025-09-28T22:00:00","guid":{"rendered":"http:\/\/gpl-love.com\/fr\/produit\/total-responsive-multi-purpose-wordpress-theme\/"},"modified":"2026-04-10T18:43:44","modified_gmt":"2026-04-10T16:43:44","slug":"total-responsive-multi-purpose-wordpress-theme","status":"publish","type":"product","link":"https:\/\/gpl-love.com\/fr\/produit\/total-responsive-multi-purpose-wordpress-theme\/","title":{"rendered":"Total Responsive Multi-Purpose WordPress Theme 6.4.2"},"content":{"rendered":"<h3>Total Responsive Multi-Purpose WordPress Theme Traits<\/h3>\n<p>Le th\u00e8me WordPress polyvalent r\u00e9actif total est un th\u00e8me incroyablement polyvalent et contemporain qui est id\u00e9al pour un \u00e9ventail diversifi\u00e9 de projets de site Web, r\u00e9pondant \u00e0 un vaste gamme de besoins et d&rsquo;exigences. Ce qui distingue ce th\u00e8me, c&rsquo;est sa vaste s\u00e9lection de mod\u00e8les et de dispositions pr\u00e9-con\u00e7us, offrant aux utilisateurs une vaste gamme d&rsquo;options \u00e0 choisir. De plus, pour ceux qui recherchent une touche plus personnalis\u00e9e, le th\u00e8me offre des options de personnalisation avanc\u00e9es qui permettent aux utilisateurs de cr\u00e9er un aspect et une sensation vraiment uniques et distinctifs pour leurs sites Web.<\/p>\n<p>L&rsquo;une des fonctionnalit\u00e9s exceptionnelles du th\u00e8me total est sa r\u00e9activit\u00e9 compl\u00e8te, garantissant que votre site Web semblera \u00e9tonnant et visuellement attrayant sur n&rsquo;importe quel appareil, que ce soit un ordinateur de bureau, une tablette ou un smartphone. En outre, ce th\u00e8me est \u00e9quip\u00e9 d&rsquo;une pl\u00e9thore de fonctionnalit\u00e9s remarquables qui am\u00e9liorent sa fonctionnalit\u00e9 et son exp\u00e9rience utilisateur. Par exemple, l&rsquo;inclusion des constructeurs de pages glisser-d\u00e9poser permet aux utilisateurs la possibilit\u00e9 de concevoir et de structurer sans effort leur site Web \u00e0 leur go\u00fbt, sans avoir besoin de connaissances ou d&rsquo;expertise.<\/p>\n<p>De plus, le th\u00e8me total s&rsquo;int\u00e8gre parfaitement \u00e0 WooCommerce, la principale plate-forme de commerce \u00e9lectronique, permettant aux utilisateurs de cr\u00e9er et de g\u00e9rer sans effort leurs magasins en ligne. Cette int\u00e9gration facilite la gestion fluide et efficace des ventes et des transactions, offrant aux utilisateurs une exp\u00e9rience de commerce \u00e9lectronique sans couture et sans tracas.<\/p>\n<p>En plus de son impressionnant \u00e9ventail de fonctionnalit\u00e9s, le th\u00e8me total met \u00e9galement l&rsquo;accent sur l&rsquo;optimisation des moteurs de recherche (SEO). Cela signifie que votre site Web sera optimis\u00e9 pour se classer plus haut sur les pages de r\u00e9sultats des moteurs de recherche, augmentant sa visibilit\u00e9 et attirant plus de trafic organique. En vous assurant que votre site Web est facilement d\u00e9couverte par les moteurs de recherche, vous pouvez consid\u00e9rablement augmenter votre pr\u00e9sence en ligne et atteindre un public plus large.<\/p>\n<p>Avec le th\u00e8me WordPress polyvalent r\u00e9actif total, les possibilit\u00e9s sont pratiquement illimit\u00e9es. En exploitant la puissance de ce th\u00e8me, vous pouvez cr\u00e9er sans effort un site Web professionnel et poli non seulement captive et engage vos visiteurs, mais vous aide \u00e9galement \u00e0 atteindre vos objectifs et aspirations en ligne.<\/p>\n<ul>\n<li>Un th\u00e8me WordPress polyvalent et visuellement \u00e9tonnant con\u00e7u pour tout type de site Web.<\/li>\n<li>La conception enti\u00e8rement r\u00e9active garantit que votre site Web aura fi\u00e8re allure sur n&rsquo;importe quel appareil, des ordinateurs de bureau aux smartphones.<\/li>\n<li>Les options de personnalisation faciles \u00e0 utiliser vous permettent d&rsquo;adapter l&rsquo;apparence de votre site pour s&rsquo;adapter \u00e0 votre marque.<\/li>\n<li>Comprend une large gamme de mod\u00e8les de page pr\u00e9d\u00e9finis, de dispositions et de widgets pour vous aider \u00e0 cr\u00e9er votre site Web parfait rapidement et facilement.<\/li>\n<li>Prise en charge int\u00e9gr\u00e9e pour les plugins populaires comme WooCommerce, Contact Form 7 et WPBakery Page Builder signifie que vous pouvez ajouter des fonctionnalit\u00e9s puissantes \u00e0 votre site en quelques clics.<\/li>\n<li>Le th\u00e8me est optimis\u00e9 pour la vitesse et les performances, garantissant que vos visiteurs auront une exp\u00e9rience de navigation \u00e0 chargement rapide et sans couture.<\/li>\n<li>Comprend une documentation approfondie et un soutien d&rsquo;une \u00e9quipe d&rsquo;experts d\u00e9di\u00e9e pour vous aider \u00e0 tirer le meilleur parti du th\u00e8me.<\/li>\n<\/ul>\n","protected":false},"excerpt":{"rendered":"<p>La contribution est un th\u00e8me incroyablement polyvalent et tr\u00e8s r\u00e9actif qui est sp\u00e9cialement con\u00e7u pour WordPress, et il poss\u00e8de la capacit\u00e9 remarquable \u00e0 r\u00e9pondre \u00e0 toutes fins, quelle que soit leur diversit\u00e9. Ce th\u00e8me exceptionnel poss\u00e8de un vaste \u00e9ventail d&rsquo;options et de mod\u00e8les qui peuvent \u00eatre personnalis\u00e9s \u00e0 un degr\u00e9 \u00e9tonnant, vous permettant de cr\u00e9er un site Web qui incarne vraiment la personnalit\u00e9 unique de votre marque. Que votre intention soit d&rsquo;\u00e9tablir une boutique de commerce \u00e9lectronique captivante ou un blog stimulant, la contribution devrait \u00eatre incontestablement votre choix, car il garantit la pr\u00e9sentation optimale de votre contenu et de vos produits en les \u00e9clairant dans la lumi\u00e8re la plus favorable concevable. De plus, la contribution d\u00e9gage sans effort une aura de sophistication et de contemporan\u00e9it\u00e9, ce qui le rend une s\u00e9lection impeccable pour les entreprises de toute ampleur et pour les personnes qui aspirent \u00e0 un th\u00e8me WordPress convivial et remarquablement flexible qui s&rsquo;adapte de mani\u00e8re transparente aux exigences de tout appareil. Ainsi, en exploitant les capacit\u00e9s transformatrices de l&rsquo;entr\u00e9e, vous pouvez cr\u00e9er avec succ\u00e8s une exp\u00e9rience utilisateur in\u00e9gal\u00e9e tout en vous assurant simultan\u00e9ment que votre site Web reste parfaitement adaptable \u00e0 une vaste gamme d&rsquo;appareils technologiques.<\/p>\n","protected":false},"featured_media":145600,"comment_status":"open","ping_status":"open","template":"","meta":[],"product_brand":[2433],"product_cat":[1214,1212,1213],"product_tag":[1366],"class_list":{"0":"post-112992","1":"product","2":"type-product","3":"status-publish","4":"has-post-thumbnail","6":"product_brand-themeforest","7":"product_cat-polyvalent","8":"product_cat-themes","9":"product_cat-wordpress-themes","10":"product_tag-themeforest","11":"member-discount","12":"discount-restricted","14":"first","15":"instock","16":"sale","17":"downloadable","18":"virtual","19":"sold-individually","20":"purchasable","21":"product-type-simple"},"_links":{"self":[{"href":"https:\/\/gpl-love.com\/fr\/wp-json\/wp\/v2\/product\/112992","targetHints":{"allow":["GET"]}}],"collection":[{"href":"https:\/\/gpl-love.com\/fr\/wp-json\/wp\/v2\/product"}],"about":[{"href":"https:\/\/gpl-love.com\/fr\/wp-json\/wp\/v2\/types\/product"}],"replies":[{"embeddable":true,"href":"https:\/\/gpl-love.com\/fr\/wp-json\/wp\/v2\/comments?post=112992"}],"wp:featuredmedia":[{"embeddable":true,"href":"https:\/\/gpl-love.com\/fr\/wp-json\/wp\/v2\/media\/145600"}],"wp:attachment":[{"href":"https:\/\/gpl-love.com\/fr\/wp-json\/wp\/v2\/media?parent=112992"}],"wp:term":[{"taxonomy":"product_brand","embeddable":true,"href":"https:\/\/gpl-love.com\/fr\/wp-json\/wp\/v2\/product_brand?post=112992"},{"taxonomy":"product_cat","embeddable":true,"href":"https:\/\/gpl-love.com\/fr\/wp-json\/wp\/v2\/product_cat?post=112992"},{"taxonomy":"product_tag","embeddable":true,"href":"https:\/\/gpl-love.com\/fr\/wp-json\/wp\/v2\/product_tag?post=112992"}],"curies":[{"name":"wp","href":"https:\/\/api.w.org\/{rel}","templated":true}]}}