{"id":112990,"date":"2022-03-13T00:00:00","date_gmt":"2022-03-12T23:00:00","guid":{"rendered":"http:\/\/gpl-love.com\/fr\/produit\/vinkmag-multiconcept-news-magazine-wordpress-theme\/"},"modified":"2026-04-10T18:45:01","modified_gmt":"2026-04-10T16:45:01","slug":"vinkmag-multiconcept-news-magazine-wordpress-theme","status":"publish","type":"product","link":"https:\/\/gpl-love.com\/fr\/produit\/vinkmag-multiconcept-news-magazine-wordpress-theme\/","title":{"rendered":"Vinkmag Multiconcept News Magazine WordPress Theme 4.3"},"content":{"rendered":"<h3>Vinkmag Multiconcept News Magazine WordPress Theme Traits<\/h3>\n<p>Le th\u00e8me WordPress VinkMag Multiconcept News est une solution globale qui s&rsquo;adresse \u00e0 la cr\u00e9ation de sites Web de magazines captivants et professionnels. Sa vaste gamme de fonctionnalit\u00e9s et d&rsquo;options de personnalisation le rendent id\u00e9al pour les blogueurs, les journalistes, les agences de presse et d&rsquo;autres entreprises ax\u00e9es sur les m\u00e9dias. Ce th\u00e8me propose plusieurs d\u00e9mos pr\u00e9-faites, chacune poss\u00e9dant sa propre conception et mise en page distinctes, qui peuvent toutes \u00eatre pleinement personnalis\u00e9es. De plus, il int\u00e8gre une optimisation SEO int\u00e9gr\u00e9e, am\u00e9liorant ainsi la probabilit\u00e9 que votre site Web atteigne un classement plus \u00e9lev\u00e9 dans les r\u00e9sultats des moteurs de recherche. Vinkmag vous permet de g\u00e9n\u00e9rer et de publier sans effort diverses formes de contenu, de englober des articles, des vid\u00e9os, des galeries, etc. De plus, sa r\u00e9activit\u00e9 garantit que votre site Web sera magnifique sur tous les types d&rsquo;appareils. De plus, avec son interface conviviale, vous n&rsquo;avez pas besoin de poss\u00e9der un ensemble de comp\u00e9tences avanc\u00e9 dans la conception Web afin d&rsquo;utiliser efficacement ce th\u00e8me. Pour r\u00e9sumer, VinkMag appara\u00eet comme un choix exceptionnel pour les personnes cherchant \u00e0 \u00e9tablir un site Web professionnel en ligne ou un magazine.<\/p>\n<ul>\n<li>Un th\u00e8me WordPress polyvalent et polyvalent<\/li>\n<li>Id\u00e9al pour les sites Web d&rsquo;actualit\u00e9s et de magazines, ainsi que des blogs et des sites d&rsquo;entreprise<\/li>\n<li>Conception enti\u00e8rement personnalisable avec des options de couleur et de police illimit\u00e9es<\/li>\n<li>Comprend un importateur de d\u00e9monstration en un clic pour une configuration facile et un flux de travail rationalis\u00e9<\/li>\n<li>Comprend plus de 10 dispositions de d\u00e9monstration pr\u00e9-construites \u00e0 choisir<\/li>\n<li>Offre une vari\u00e9t\u00e9 de mod\u00e8les de page d&rsquo;accueil et de page int\u00e9rieure pour r\u00e9pondre \u00e0 vos besoins<\/li>\n<li>Construit avec les derni\u00e8res technologies Web, notamment HTML5, CSS3 et JQuery<\/li>\n<li>Prend en charge tous les principaux navigateurs et est enti\u00e8rement r\u00e9actif et convivial<\/li>\n<li>SEO optimis\u00e9 pour une visibilit\u00e9 maximale du moteur de recherche<\/li>\n<li>Comprend un panneau d&rsquo;options de th\u00e8me puissant avec une vari\u00e9t\u00e9 de param\u00e8tres pour personnaliser votre site<\/li>\n<li>Compatible avec les plugins WordPress populaires tels que Contact Form 7, WooCommerce et WPML<\/li>\n<li>Livr\u00e9 avec une documentation et un support approfondis pour assurer une exp\u00e9rience fluide et sans tracas pour les utilisateurs.<\/li>\n<\/ul>\n","protected":false},"excerpt":{"rendered":"<p>Vinkmag, un th\u00e8me WordPress extr\u00eamement polyvalent et contemporain, a \u00e9t\u00e9 m\u00e9ticuleusement con\u00e7u pour r\u00e9pondre aux besoins des magazines d&rsquo;information en ligne. Son approche multiforme est illustr\u00e9e par une vaste gamme de dispositions et de choix de conception pr\u00e9-con\u00e7us, ce qui rend le processus de fabrication d&rsquo;un site Web sophistiqu\u00e9 et captivant dans une entreprise sans effort. Ce th\u00e8me est soigneusement con\u00e7u pour hi\u00e9rarchiser la vitesse et l&rsquo;optimisation des moteurs de recherche, garantissant ainsi que votre contenu pr\u00e9cieux transcende les limites et r\u00e9sonne avec un lectorat plus large. En outre, VinkMag poss\u00e8de une r\u00e9activit\u00e9 compl\u00e8te et une compatibilit\u00e9 transparente avec tous les appareils et navigateurs, en le positionnant comme la solution ultime pour les blogueurs de nouvelles, les journalistes et les \u00e9diteurs.<\/p>\n","protected":false},"featured_media":145716,"comment_status":"open","ping_status":"open","template":"","meta":[],"product_brand":[2433],"product_cat":[1220,1212,1213],"product_tag":[1366],"class_list":{"0":"post-112990","1":"product","2":"type-product","3":"status-publish","4":"has-post-thumbnail","6":"product_brand-themeforest","7":"product_cat-blog-magazine","8":"product_cat-themes","9":"product_cat-wordpress-themes","10":"product_tag-themeforest","11":"member-discount","12":"discount-restricted","14":"first","15":"instock","16":"sale","17":"downloadable","18":"virtual","19":"sold-individually","20":"purchasable","21":"product-type-simple"},"_links":{"self":[{"href":"https:\/\/gpl-love.com\/fr\/wp-json\/wp\/v2\/product\/112990","targetHints":{"allow":["GET"]}}],"collection":[{"href":"https:\/\/gpl-love.com\/fr\/wp-json\/wp\/v2\/product"}],"about":[{"href":"https:\/\/gpl-love.com\/fr\/wp-json\/wp\/v2\/types\/product"}],"replies":[{"embeddable":true,"href":"https:\/\/gpl-love.com\/fr\/wp-json\/wp\/v2\/comments?post=112990"}],"wp:featuredmedia":[{"embeddable":true,"href":"https:\/\/gpl-love.com\/fr\/wp-json\/wp\/v2\/media\/145716"}],"wp:attachment":[{"href":"https:\/\/gpl-love.com\/fr\/wp-json\/wp\/v2\/media?parent=112990"}],"wp:term":[{"taxonomy":"product_brand","embeddable":true,"href":"https:\/\/gpl-love.com\/fr\/wp-json\/wp\/v2\/product_brand?post=112990"},{"taxonomy":"product_cat","embeddable":true,"href":"https:\/\/gpl-love.com\/fr\/wp-json\/wp\/v2\/product_cat?post=112990"},{"taxonomy":"product_tag","embeddable":true,"href":"https:\/\/gpl-love.com\/fr\/wp-json\/wp\/v2\/product_tag?post=112990"}],"curies":[{"name":"wp","href":"https:\/\/api.w.org\/{rel}","templated":true}]}}