{"id":112988,"date":"2025-05-13T00:00:00","date_gmt":"2025-05-12T22:00:00","guid":{"rendered":"http:\/\/gpl-love.com\/fr\/produit\/content-views-pro-wordpress-grid-plugin\/"},"modified":"2026-03-20T23:49:08","modified_gmt":"2026-03-20T22:49:08","slug":"content-views-pro-wordpress-grid-plugin","status":"publish","type":"product","link":"https:\/\/gpl-love.com\/fr\/produit\/content-views-pro-wordpress-grid-plugin\/","title":{"rendered":"Content Views Pro 7.2.2"},"content":{"rendered":"<h3>Content Views Pro Traits<\/h3>\n<p>Content Views Pro est un plugin WordPress remarquablement robuste, con\u00e7u sp\u00e9cifiquement pour permettre aux utilisateurs la possibilit\u00e9 d&rsquo;exposer et d&rsquo;organiser sans effort le contenu de leur site Web dans une gamme de vues personnalisables. Gr\u00e2ce \u00e0 l&rsquo;utilisation des vues de contenu Pro, les individus peuvent fabriquer sans effort une grille exceptionnellement agr\u00e9able et fonctionnelle, la liste et les vues de table qui accentuent cat\u00e9goriquement leur contenu tout en facilitant simultan\u00e9ment la navigation transparente pour les visiteurs. Ce plugin poss\u00e8de un vaste r\u00e9pertoire de fonctionnalit\u00e9s et d&rsquo;options sophistiqu\u00e9es, qui comprennent des champs personnalis\u00e9s, des m\u00e9canismes de filtrage et de tri, ainsi qu&rsquo;une int\u00e9gration transparente avec les constructeurs de page WordPress populaires. Que votre objectif principal soit de pr\u00e9senter avec \u00e9loquence vos articles de blog, vos articles de portefeuille ou vos produits, Content Views Pro appara\u00eet comme un atout in\u00e9gal\u00e9 qui amplifie consid\u00e9rablement l&rsquo;exp\u00e9rience utilisateur globale et favorisera les niveaux d&rsquo;engagement accrus sur votre site Web estim\u00e9.<\/p>\n<ul>\n<li>Plugin WordPress puissant pour cr\u00e9er des listes de publication et de pages personnalis\u00e9es<\/li>\n<li>Afficher facilement le contenu dans diff\u00e9rents styles, y compris la grille, la liste et le curseur<\/li>\n<li>Filtre et trier le contenu en fonction de divers crit\u00e8res<\/li>\n<li>Prise en charge int\u00e9gr\u00e9e pour les champs et taxonomies personnalis\u00e9s<\/li>\n<li>Int\u00e9gration avec des plugins populaires comme WooCommerce et le calendrier des \u00e9v\u00e9nements<\/li>\n<li>Syst\u00e8me de mise en cache avanc\u00e9 pour am\u00e9liorer les performances<\/li>\n<li>Conception r\u00e9active pour une visualisation optimale sur tous les appareils<\/li>\n<li>Interface glisser-d\u00e9poser intuitive pour une personnalisation facile<\/li>\n<li>Option pour afficher le contenu par cat\u00e9gorie, balise, auteur et plus<\/li>\n<li>Options d&rsquo;affichage de message \/ page unique et multiple<\/li>\n<li>Documentation compl\u00e8te et excellent support client<\/li>\n<\/ul>\n","protected":false},"excerpt":{"rendered":"<p>Content Views Pro est un plugin remarquablement robuste qui propose une gamme de fonctionnalit\u00e9s con\u00e7ues pour \u00e9lever la pr\u00e9sentation et l&rsquo;administration du contenu de votre site WordPress. En utilisant cet outil tr\u00e8s efficace, vous \u00eates autoris\u00e9 \u00e0 g\u00e9n\u00e9rer sans effort des grilles et des listes r\u00e9actives comprenant des messages, des pages et m\u00eame des types de messages personnalis\u00e9s. En outre, il offre la commodit\u00e9 du filtrage et du tri de contenu sans effort, ainsi que la possibilit\u00e9 de personnaliser de mani\u00e8re transparente vos mises en page. Que vous soyez exploit\u00e9 un blog, un site d&rsquo;information ou une boutique en ligne, les capacit\u00e9s transformatrices de Content Views Pro r\u00e9volutionneront sans aucun doute la mani\u00e8re dont votre contenu est pr\u00e9sent\u00e9, ce qui entra\u00eene une apparence impeccablement coh\u00e9rente et professionnelle qui captive votre public et finalement favorise les favoris conversions am\u00e9lior\u00e9es. Offrez des adieux \u00e0 des affichages de contenu d\u00e9sorganis\u00e9s et inefficaces et inaugurez une nouvelle \u00e8re d&rsquo;exp\u00e9rience utilisateur am\u00e9lior\u00e9e avec le contenu remarquable Views Pro.<\/p>\n","protected":false},"featured_media":146110,"comment_status":"open","ping_status":"open","template":"","meta":[],"product_brand":[2707],"product_cat":[1189,1181,1186],"product_tag":[1834],"class_list":{"0":"post-112988","1":"product","2":"type-product","3":"status-publish","4":"has-post-thumbnail","6":"product_brand-content-views","7":"product_cat-personnalisation","8":"product_cat-plugins","9":"product_cat-wordpress-plugins","10":"product_tag-content-views","11":"member-discount","12":"discount-restricted","14":"first","15":"instock","16":"sale","17":"downloadable","18":"virtual","19":"sold-individually","20":"purchasable","21":"product-type-simple"},"_links":{"self":[{"href":"https:\/\/gpl-love.com\/fr\/wp-json\/wp\/v2\/product\/112988","targetHints":{"allow":["GET"]}}],"collection":[{"href":"https:\/\/gpl-love.com\/fr\/wp-json\/wp\/v2\/product"}],"about":[{"href":"https:\/\/gpl-love.com\/fr\/wp-json\/wp\/v2\/types\/product"}],"replies":[{"embeddable":true,"href":"https:\/\/gpl-love.com\/fr\/wp-json\/wp\/v2\/comments?post=112988"}],"wp:featuredmedia":[{"embeddable":true,"href":"https:\/\/gpl-love.com\/fr\/wp-json\/wp\/v2\/media\/146110"}],"wp:attachment":[{"href":"https:\/\/gpl-love.com\/fr\/wp-json\/wp\/v2\/media?parent=112988"}],"wp:term":[{"taxonomy":"product_brand","embeddable":true,"href":"https:\/\/gpl-love.com\/fr\/wp-json\/wp\/v2\/product_brand?post=112988"},{"taxonomy":"product_cat","embeddable":true,"href":"https:\/\/gpl-love.com\/fr\/wp-json\/wp\/v2\/product_cat?post=112988"},{"taxonomy":"product_tag","embeddable":true,"href":"https:\/\/gpl-love.com\/fr\/wp-json\/wp\/v2\/product_tag?post=112988"}],"curies":[{"name":"wp","href":"https:\/\/api.w.org\/{rel}","templated":true}]}}