{"id":112986,"date":"2021-03-21T00:00:00","date_gmt":"2021-03-20T23:00:00","guid":{"rendered":"http:\/\/gpl-love.com\/fr\/produit\/mega-wordpress-bundle-by-coderevolution\/"},"modified":"2026-03-20T23:24:22","modified_gmt":"2026-03-20T22:24:22","slug":"mega-wordpress-bundle-by-coderevolution","status":"publish","type":"product","link":"https:\/\/gpl-love.com\/fr\/produit\/mega-wordpress-bundle-by-coderevolution\/","title":{"rendered":"Mega WordPress Bundle par CodeRevolution 7.2"},"content":{"rendered":"<h3>Mega WordPress Bundle par CodeRevolution Traits<\/h3>\n<p>Le Mega WordPress Bundle, d\u00e9velopp\u00e9 par CodeRerevolution, est une vaste collection qui englobe un \u00e9ventail diversifi\u00e9 de plugins, de th\u00e8mes et de mod\u00e8les, tous m\u00e9ticuleusement con\u00e7us pour augmenter la fonctionnalit\u00e9 et l&rsquo;attrait visuel des sites Web WordPress. B\u00e9n\u00e9ficiant d&rsquo;un assemblage impressionnant de plus de 30 plugins premium, de 20 th\u00e8mes premium et d&rsquo;une \u00e9chelle de 1 000 mod\u00e8les pr\u00e9-con\u00e7us, ce bundle offre une immense valeur aux propri\u00e9taires de sites Web aspirant \u00e0 \u00e9lever leur pr\u00e9sence en ligne. Des capacit\u00e9s de partage social de pointe aux conceptions sensiblement sensibles, le Mega WordPress Bundle englobe une suite compl\u00e8te d&rsquo;outils qui r\u00e9pondent aux besoins des utilisateurs de WordPress novices et chevronn\u00e9s, assurant sans \u00e9quivoque la cr\u00e9ation d&rsquo;un site Web distinctif et captivant qui se tient sans effort de ses \u00e9tudes, qui se tient sans effort, Le vaste paysage num\u00e9rique.<\/p>\n<ul>\n<li>Comprend 29 plugins WordPress premium pour l&rsquo;optimisation et la personnalisation du site Web<\/li>\n<li>Vous \u00e9conomise plus de 1 000 $ par rapport \u00e0 l&rsquo;achat de chaque plugin individuellement<\/li>\n<li>Mises \u00e0 jour r\u00e9guli\u00e8res et nouvelles versions de plugin incluses gratuitement pendant 1 an apr\u00e8s l&rsquo;achat<\/li>\n<li>Interfaces conviviales et processus d&rsquo;installation et de configuration faciles<\/li>\n<li>Compatible avec les derni\u00e8res technologies WordPress et Web<\/li>\n<li>Les plugins couvrent diff\u00e9rents domaines, notamment le r\u00e9f\u00e9rencement, les m\u00e9dias sociaux, le marketing d&rsquo;affiliation, l&rsquo;automatisation et la mon\u00e9tisation du site Web<\/li>\n<li>Livr\u00e9 avec une documentation d\u00e9taill\u00e9e et un support client pour tout probl\u00e8me ou questions<\/li>\n<li>Propri\u00e9t\u00e9 \u00e0 vie de tous les plugins et acc\u00e8s \u00e0 de futures remises et promotions<\/li>\n<li>Parfait pour les propri\u00e9taires de sites Web, les blogueurs, les sp\u00e9cialistes du marketing et les d\u00e9veloppeurs \u00e0 la recherche d&rsquo;une solution WordPress compl\u00e8te et rentable.<\/li>\n<\/ul>\n","protected":false},"excerpt":{"rendered":"<p>Le Mega WordPress Bundle, d\u00e9velopp\u00e9 par CodeRerevolution, est un package global comprenant une pl\u00e9thore d&rsquo;outils et de plugins indispensables qui n&rsquo;augmentent pas seulement les fonctionnalit\u00e9s et les performances de votre site Web WordPress, mais amplifient \u00e9galement consid\u00e9rablement son efficacit\u00e9 globale. Ce vaste bundle englobe un total stup\u00e9fiant de 53 plugins exceptionnellement r\u00e9put\u00e9s, qui englobent un large \u00e9ventail de fonctionnalit\u00e9s, telles que l&rsquo;optimisation du r\u00e9f\u00e9rencement, l&rsquo;int\u00e9gration transparente avec diverses plateformes de m\u00e9dias sociaux, des mesures de s\u00e9curit\u00e9 de site Web holistique, des syst\u00e8mes de gestion de contenu efficaces et une abondance de Autres caract\u00e9ristiques remarquables. En vous profitant de cet assemblage remarquable, vous gagnez la capacit\u00e9 inestimable \u00e0 adapter sans effort votre site Web pour vous aligner avec pr\u00e9cision avec vos exigences distinctes, vous permettant ainsi d&rsquo;\u00e9lever efficacement votre pr\u00e9sence en ligne et de faire valoir votre empreinte num\u00e9rique avec la plus grande facilit\u00e9. Par cons\u00e9quent, le Mega WordPress Bundle est adapt\u00e9 sans \u00e9quivoque pour les propri\u00e9taires de sites Web, les blogueurs et les d\u00e9veloppeurs qui aspirent ardemment \u00e0 am\u00e9liorer leurs domaines num\u00e9riques de mani\u00e8re transparente et sans tracas.<\/p>\n","protected":false},"featured_media":144497,"comment_status":"open","ping_status":"open","template":"","meta":[],"product_brand":[2435],"product_cat":[1189,1181,1186],"product_tag":[1231],"class_list":{"0":"post-112986","1":"product","2":"type-product","3":"status-publish","4":"has-post-thumbnail","6":"product_brand-codecanyon","7":"product_cat-personnalisation","8":"product_cat-plugins","9":"product_cat-wordpress-plugins","10":"product_tag-codecanyon","11":"member-discount","12":"discount-restricted","14":"first","15":"instock","16":"sale","17":"downloadable","18":"virtual","19":"sold-individually","20":"purchasable","21":"product-type-simple"},"_links":{"self":[{"href":"https:\/\/gpl-love.com\/fr\/wp-json\/wp\/v2\/product\/112986","targetHints":{"allow":["GET"]}}],"collection":[{"href":"https:\/\/gpl-love.com\/fr\/wp-json\/wp\/v2\/product"}],"about":[{"href":"https:\/\/gpl-love.com\/fr\/wp-json\/wp\/v2\/types\/product"}],"replies":[{"embeddable":true,"href":"https:\/\/gpl-love.com\/fr\/wp-json\/wp\/v2\/comments?post=112986"}],"wp:featuredmedia":[{"embeddable":true,"href":"https:\/\/gpl-love.com\/fr\/wp-json\/wp\/v2\/media\/144497"}],"wp:attachment":[{"href":"https:\/\/gpl-love.com\/fr\/wp-json\/wp\/v2\/media?parent=112986"}],"wp:term":[{"taxonomy":"product_brand","embeddable":true,"href":"https:\/\/gpl-love.com\/fr\/wp-json\/wp\/v2\/product_brand?post=112986"},{"taxonomy":"product_cat","embeddable":true,"href":"https:\/\/gpl-love.com\/fr\/wp-json\/wp\/v2\/product_cat?post=112986"},{"taxonomy":"product_tag","embeddable":true,"href":"https:\/\/gpl-love.com\/fr\/wp-json\/wp\/v2\/product_tag?post=112986"}],"curies":[{"name":"wp","href":"https:\/\/api.w.org\/{rel}","templated":true}]}}