{"id":112984,"date":"2025-08-03T00:00:00","date_gmt":"2025-08-02T22:00:00","guid":{"rendered":"http:\/\/gpl-love.com\/fr\/produit\/swape-app-showcase-and-app-store-wordpress-theme\/"},"modified":"2026-04-10T18:41:54","modified_gmt":"2026-04-10T16:41:54","slug":"swape-app-showcase-and-app-store-wordpress-theme","status":"publish","type":"product","link":"https:\/\/gpl-love.com\/fr\/produit\/swape-app-showcase-and-app-store-wordpress-theme\/","title":{"rendered":"Swape App Showcase et App Store WordPress Theme 2.3"},"content":{"rendered":"<h3>Swape App Showcase et App Store WordPress Theme Traits<\/h3>\n<p>Le th\u00e8me WordPress de l&rsquo;application Swape App Store est une solution compl\u00e8te qui r\u00e9pond aux besoins des entreprises et des d\u00e9veloppeurs qui souhaitent pr\u00e9senter leurs applications mobiles. Il offre un design \u00e9l\u00e9gant et contemporain, m\u00e9ticuleusement con\u00e7u pour pr\u00e9senter des applications mobiles de mani\u00e8re sophistiqu\u00e9e et raffin\u00e9e. Swape fournit un large \u00e9ventail de mod\u00e8les pr\u00e9-con\u00e7us, d&rsquo;animations captivantes et de widgets polyvalents qui peuvent \u00eatre personnalis\u00e9s sans effort pour s&rsquo;aligner parfaitement avec les exigences distinctes de votre application. De plus, Swape poss\u00e8de une mise en page d&rsquo;App Store qui facilite la cr\u00e9ation d&rsquo;un march\u00e9 d&rsquo;applications mobiles complet qui est \u00e0 la fois convivial et visuellement captivant. En utilisant Swap, vous pourrez facilement promouvoir vos applications mobiles et augmenter le nombre de t\u00e9l\u00e9chargements, tout en am\u00e9liorant votre pr\u00e9sence en ligne.<\/p>\n<ul>\n<li>Options de conception personnalisables pour un site Web de vitrine unique d&rsquo;application<\/li>\n<li>Interface utilisateur intuitive pour une navigation facile et une pr\u00e9sentation des applications<\/li>\n<li>Int\u00e9gration avec l&rsquo;App Store pour la synchronisation et la mise \u00e0 jour des applications sans couture<\/li>\n<li>Conception r\u00e9active pour une visualisation optimis\u00e9e sur tous les appareils<\/li>\n<li>Caract\u00e9ristiques d&rsquo;optimisation des moteurs de recherche int\u00e9gr\u00e9es pour une plus grande visibilit\u00e9 en ligne<\/li>\n<li>Compatibilit\u00e9 avec les plugins WordPress populaires pour des fonctionnalit\u00e9s ajout\u00e9es<\/li>\n<li>Documentation et prise en charge incluses pour une configuration et un d\u00e9pannage faciles<\/li>\n<li>Options de couleurs illimit\u00e9es et choix de polices pour la marque personnalis\u00e9e<\/li>\n<li>Int\u00e9gration int\u00e9gr\u00e9e des m\u00e9dias sociaux pour un partage et un engagement accrus<\/li>\n<\/ul>\n","protected":false},"excerpt":{"rendered":"<p>Le Swape App Showcase et le th\u00e8me WordPress de l&rsquo;App Store se pr\u00e9sente comme la r\u00e9ponse ultime \u00e0 votre besoin pour une plate-forme pour pr\u00e9senter et vendre vos applications mobiles ou Web. Ce th\u00e8me remarquable a \u00e9t\u00e9 sp\u00e9cifiquement con\u00e7u pour captiver et captiver l&rsquo;attention des clients potentiels en leur offrant une gamme d&rsquo;affichages de galerie visuellement \u00e9poustouflants, des widgets interactifs et une int\u00e9gration compl\u00e8te avec le WooCommerce tr\u00e8s acclam\u00e9. De plus, ce th\u00e8me poss\u00e8de une pl\u00e9thore d&rsquo;options de personnalisation qui vous permettent de montrer sans effort les principales caract\u00e9ristiques, les critiques, les d\u00e9tails de la tarification de votre application et bien plus encore. De plus, il convient de mentionner que ce th\u00e8me est pleinement r\u00e9actif et m\u00e9ticuleusement optimis\u00e9 pour les moteurs de recherche, garantissant que votre application se d\u00e9marquera non seulement mais atteindra \u00e9galement un public plus large. Avec les capacit\u00e9s extraordinaires de l&rsquo;\u00e9change, vous avez la possibilit\u00e9 d&rsquo;\u00e9lever votre App Store \u00e0 des hauteurs sans pr\u00e9c\u00e9dent, ce qui entra\u00eene finalement une augmentation substantielle de vos b\u00e9n\u00e9fices.<\/p>\n","protected":false},"featured_media":145438,"comment_status":"open","ping_status":"open","template":"","meta":[],"product_brand":[2433],"product_cat":[1242,1212,1213],"product_tag":[1366],"class_list":{"0":"post-112984","1":"product","2":"type-product","3":"status-publish","4":"has-post-thumbnail","6":"product_brand-themeforest","7":"product_cat-creatif","8":"product_cat-themes","9":"product_cat-wordpress-themes","10":"product_tag-themeforest","11":"member-discount","12":"discount-restricted","14":"first","15":"instock","16":"sale","17":"downloadable","18":"virtual","19":"sold-individually","20":"purchasable","21":"product-type-simple"},"_links":{"self":[{"href":"https:\/\/gpl-love.com\/fr\/wp-json\/wp\/v2\/product\/112984","targetHints":{"allow":["GET"]}}],"collection":[{"href":"https:\/\/gpl-love.com\/fr\/wp-json\/wp\/v2\/product"}],"about":[{"href":"https:\/\/gpl-love.com\/fr\/wp-json\/wp\/v2\/types\/product"}],"replies":[{"embeddable":true,"href":"https:\/\/gpl-love.com\/fr\/wp-json\/wp\/v2\/comments?post=112984"}],"wp:featuredmedia":[{"embeddable":true,"href":"https:\/\/gpl-love.com\/fr\/wp-json\/wp\/v2\/media\/145438"}],"wp:attachment":[{"href":"https:\/\/gpl-love.com\/fr\/wp-json\/wp\/v2\/media?parent=112984"}],"wp:term":[{"taxonomy":"product_brand","embeddable":true,"href":"https:\/\/gpl-love.com\/fr\/wp-json\/wp\/v2\/product_brand?post=112984"},{"taxonomy":"product_cat","embeddable":true,"href":"https:\/\/gpl-love.com\/fr\/wp-json\/wp\/v2\/product_cat?post=112984"},{"taxonomy":"product_tag","embeddable":true,"href":"https:\/\/gpl-love.com\/fr\/wp-json\/wp\/v2\/product_tag?post=112984"}],"curies":[{"name":"wp","href":"https:\/\/api.w.org\/{rel}","templated":true}]}}