{"id":112982,"date":"2024-07-13T00:00:00","date_gmt":"2024-07-12T22:00:00","guid":{"rendered":"http:\/\/gpl-love.com\/fr\/produit\/ajax-login-and-registration-modal-popup-pro\/"},"modified":"2026-03-20T22:54:11","modified_gmt":"2026-03-20T21:54:11","slug":"ajax-login-and-registration-modal-popup-pro","status":"publish","type":"product","link":"https:\/\/gpl-love.com\/fr\/produit\/ajax-login-and-registration-modal-popup-pro\/","title":{"rendered":"AJAX Login et Registration Modal Popup Pro 2.18"},"content":{"rendered":"<h3>AJAX Login et Registration Modal Popup Pro Traits<\/h3>\n<p>L&rsquo;Ajax Connexion et l&rsquo;enregistrement Modal Popup Pro pr\u00e9sente une solution sans pr\u00e9c\u00e9dent par laquelle les propri\u00e9taires de sites Web sont en mesure d&rsquo;incorporer une popup de connexion et d&rsquo;enregistrement qui d\u00e9gage le professionnalisme sur leur site Web estim\u00e9. Tirant parti des prouesses de la technologie Ajax, les utilisateurs ont la commodit\u00e9 de se connecter ou de s&rsquo;inscrire sans effort sans avoir besoin de naviguer loin de la page actuelle qu&rsquo;ils naviguent. Non seulement cette fonctionnalit\u00e9 exceptionnelle augmente l&rsquo;exp\u00e9rience utilisateur, mais elle fortifie \u00e9galement la s\u00e9curit\u00e9 du site Web en contrecarrant efficacement un acc\u00e8s non autoris\u00e9. De plus, ce plugin ing\u00e9nieux poss\u00e8de un niveau de personnalisation remarquable, offrant une vaste gamme d&rsquo;alternatives de conception qui s&rsquo;alignent de mani\u00e8re transparente sur la marque distinctive du site Web. En r\u00e9sum\u00e9, le Popup modal de connexion et d&rsquo;enregistrement AJAX pro a ind\u00e9niablement servir d&rsquo;instrument indispensable pour tout propri\u00e9taire de site Web exigeant d\u00e9termin\u00e9 \u00e0 \u00e9lever l&rsquo;exp\u00e9rience utilisateur tout en renfor\u00e7ant simultan\u00e9ment l&rsquo;impr\u00e9gnation de son site Web estim\u00e9.<\/p>\n<ul>\n<li>Popup modal de connexion et d&rsquo;enregistrement aliment\u00e9e par Ajax pour les sites Web<\/li>\n<li>Fournit une exp\u00e9rience de connexion \/ d&rsquo;enregistrement sans couture et conviviale pour vos visiteurs<\/li>\n<li>Permet aux utilisateurs de s&rsquo;inscrire et de se connecter sans quitter la page actuelle<\/li>\n<li>Conception personnalisable pour correspondre \u00e0 la marque de votre site Web<\/li>\n<li>Les fonctionnalit\u00e9s de connexion \/ d&rsquo;enregistrement multiples sont soutenues, y compris la connexion des m\u00e9dias sociaux et la protection de la s\u00e9curit\u00e9 CAPTCHA<\/li>\n<li>Processus d&rsquo;installation facile sans codage requis<\/li>\n<li>Conception r\u00e9active adapt\u00e9e aux appareils de bureau et mobiles<\/li>\n<li>Option pour ajouter des champs personnalis\u00e9s au formulaire d&rsquo;enregistrement pour collecter des informations suppl\u00e9mentaires<\/li>\n<li>Fournit des analyses d\u00e9taill\u00e9es et des informations sur le comportement des utilisateurs et les donn\u00e9es d&rsquo;enregistrement<\/li>\n<li>Syst\u00e8me de gestion des utilisateurs int\u00e9gr\u00e9s pour g\u00e9rer et surveiller les comptes d&rsquo;utilisateurs<\/li>\n<li>Mises \u00e0 jour r\u00e9guli\u00e8res et support client disponibles<\/li>\n<\/ul>\n","protected":false},"excerpt":{"rendered":"<p>D\u00e9couvrez un processus de connexion et d&rsquo;enregistrement plus lisse, plus rapide et plus convivial avec Ajax Connexion et Enregistrement Modal Popup Pro. Cet outil Web avanc\u00e9 propose une puissante connexion AJAX qui \u00e9limine efficacement les recharges de pages, faisant gagner du temps \u00e0 vos utilisateurs et am\u00e9liorant leur exp\u00e9rience globale de navigation. Avec la fen\u00eatre contextuelle modale conviviale, l&rsquo;inscription et les panneaux sont sans effort, permettant \u00e0 vos utilisateurs d&rsquo;acc\u00e9der rapidement aux fonctionnalit\u00e9s de votre site. La version PRO propose \u00e9galement des fonctionnalit\u00e9s de s\u00e9curit\u00e9 am\u00e9lior\u00e9es, garantissant que les donn\u00e9es de vos utilisateurs sont stock\u00e9es et prot\u00e9g\u00e9es en toute s\u00e9curit\u00e9. D\u00e9couvrez le processus de connexion et d&rsquo;enregistrement sans faille<\/p>\n","protected":false},"featured_media":143101,"comment_status":"open","ping_status":"open","template":"","meta":[],"product_brand":[2455],"product_cat":[1189,1181,1186],"product_tag":[1833],"class_list":{"0":"post-112982","1":"product","2":"type-product","3":"status-publish","4":"has-post-thumbnail","6":"product_brand-maxim-kaminsky","7":"product_cat-personnalisation","8":"product_cat-plugins","9":"product_cat-wordpress-plugins","10":"product_tag-maxim-kaminsky","11":"member-discount","12":"discount-restricted","14":"first","15":"instock","16":"sale","17":"downloadable","18":"virtual","19":"sold-individually","20":"purchasable","21":"product-type-simple"},"_links":{"self":[{"href":"https:\/\/gpl-love.com\/fr\/wp-json\/wp\/v2\/product\/112982","targetHints":{"allow":["GET"]}}],"collection":[{"href":"https:\/\/gpl-love.com\/fr\/wp-json\/wp\/v2\/product"}],"about":[{"href":"https:\/\/gpl-love.com\/fr\/wp-json\/wp\/v2\/types\/product"}],"replies":[{"embeddable":true,"href":"https:\/\/gpl-love.com\/fr\/wp-json\/wp\/v2\/comments?post=112982"}],"wp:featuredmedia":[{"embeddable":true,"href":"https:\/\/gpl-love.com\/fr\/wp-json\/wp\/v2\/media\/143101"}],"wp:attachment":[{"href":"https:\/\/gpl-love.com\/fr\/wp-json\/wp\/v2\/media?parent=112982"}],"wp:term":[{"taxonomy":"product_brand","embeddable":true,"href":"https:\/\/gpl-love.com\/fr\/wp-json\/wp\/v2\/product_brand?post=112982"},{"taxonomy":"product_cat","embeddable":true,"href":"https:\/\/gpl-love.com\/fr\/wp-json\/wp\/v2\/product_cat?post=112982"},{"taxonomy":"product_tag","embeddable":true,"href":"https:\/\/gpl-love.com\/fr\/wp-json\/wp\/v2\/product_tag?post=112982"}],"curies":[{"name":"wp","href":"https:\/\/api.w.org\/{rel}","templated":true}]}}