{"id":112980,"date":"2022-01-19T00:00:00","date_gmt":"2022-01-18T23:00:00","guid":{"rendered":"http:\/\/gpl-love.com\/fr\/produit\/imevent-conference-meetup-wordpress-theme\/"},"modified":"2026-03-20T23:20:11","modified_gmt":"2026-03-20T22:20:11","slug":"imevent-conference-meetup-wordpress-theme","status":"publish","type":"product","link":"https:\/\/gpl-love.com\/fr\/produit\/imevent-conference-meetup-wordpress-theme\/","title":{"rendered":"ImEvent Conference Meetup WordPress Theme 3.3.3"},"content":{"rendered":"<h3>ImEvent Conference Meetup WordPress Theme Traits<\/h3>\n<p>Le th\u00e8me WordPress de la conf\u00e9rence IMEvent est un outil incroyablement polyvalent et multifonctionnel qui a \u00e9t\u00e9 con\u00e7u et m\u00e9ticuleusement con\u00e7u pour r\u00e9pondre sp\u00e9cifiquement au monde complexe et complexe de la gestion d&rsquo;\u00e9v\u00e9nements. Avec son \u00e9ventail \u00e9tendu et de grande envergure de fonctionnalit\u00e9s et de fonctionnalit\u00e9s personnalisables, ce th\u00e8me a la capacit\u00e9 in\u00e9gal\u00e9e d&rsquo;adapter et de se conformer sans effort aux exigences uniques et individuelles de tout \u00e9v\u00e9nement ou conf\u00e9rence, quelle que soit sa taille, sa port\u00e9e ou sa nature. Int\u00e9grant de mani\u00e8re transparente un m\u00e9lange transparent de facilit\u00e9 d&rsquo;utilisation et de convivialit\u00e9, le th\u00e8me autorise sans effort les organisateurs d&rsquo;\u00e9v\u00e9nements \u00e0 cr\u00e9er et \u00e0 g\u00e9rer et \u00e0 g\u00e9rer efficacement une plate-forme d&rsquo;enregistrement d&rsquo;\u00e9v\u00e9nements globale et globale, facilitant sans couture du processus de billetterie et de planification. En outre, ce th\u00e8me poss\u00e8de \u00e9galement un \u00e9ventail vaste et diversifi\u00e9 d&rsquo;options et de choix de conception, permettant aux utilisateurs de cr\u00e9er des sites Web visuellement \u00e9tonnants et captivants qui promeuvent et annoncent efficacement leurs \u00e9v\u00e9nements, capturant efficacement l&rsquo;int\u00e9r\u00eat et l&rsquo;attention des participants et des participants potentiels. Par cons\u00e9quent, il va sans dire que le th\u00e8me WordPress Meetup de la conf\u00e9rence IMEvent est une solution exceptionnellement fiable et fiable pour les planificateurs d&rsquo;\u00e9v\u00e9nements et les organisateurs qui sont \u00e0 la recherche d&rsquo;un moyen simple et tr\u00e8s efficace de g\u00e9rer et de superviser toutes les facettes et aspects de leurs \u00e9v\u00e9nements dans une pratique pratique et param\u00e8tres en ligne rationalis\u00e9s.<\/p>\n<ul>\n<li>Conception r\u00e9active qui fonctionne sur tous les appareils<\/li>\n<li>Design propre et moderne pour un look professionnel<\/li>\n<li>Multiples options de page d&rsquo;accueil et d&rsquo;en-t\u00eate pour la polyvalence<\/li>\n<li>Syst\u00e8me avanc\u00e9 de gestion d&rsquo;\u00e9v\u00e9nements pour une organisation facile<\/li>\n<li>Plusieurs options d&rsquo;enregistrement pour les participants<\/li>\n<li>Gestion des conf\u00e9renciers et du calendrier pour une planification facile<\/li>\n<li>Options de personnalisation faciles pour la marque<\/li>\n<li>Int\u00e9gration des m\u00e9dias sociaux pour une promotion facile<\/li>\n<li>Traduction et support WPML pour les \u00e9v\u00e9nements internationaux<\/li>\n<li>Installation en un clic pour une configuration facile<\/li>\n<\/ul>\n","protected":false},"excerpt":{"rendered":"<p>Le th\u00e8me WordPress de la conf\u00e9rence IMEvent se pr\u00e9sente comme une solution id\u00e9ale et compl\u00e8te adapt\u00e9e sp\u00e9cifiquement aux organisateurs d&rsquo;\u00e9v\u00e9nements, aux h\u00f4tes de conf\u00e9rence et aux groupes de rencontres qui sont \u00e0 la recherche d&rsquo;un site Web sophistiqu\u00e9 et professionnel. B\u00e9n\u00e9ficiant d&rsquo;une pl\u00e9thore de fonctionnalit\u00e9s robustes, ce th\u00e8me a \u00e9t\u00e9 m\u00e9ticuleusement con\u00e7u avec la plus grande consid\u00e9ration pour l&rsquo;engagement des utilisateurs et la navigation transparente, incorporant de mani\u00e8re transparente les tendances de conception contemporaines pour garantir que votre site Web se d\u00e9marque vraiment de la foule. De plus, son panneau de configuration polyvalent et dynamique vous permet de personnaliser sans effort chaque aspect de votre site, allant des sch\u00e9mas de couleurs vibrants aux choix de police pr\u00e9cis, ce qui le rend un choix vraiment impeccable pour les entreprises de toutes les amplitudes. Que vous organisiez un \u00e9v\u00e9nement unique exclusif ou que vous g\u00e9riez avec diligence un groupe de rencontres r\u00e9current et toujours farti Pr\u00e9sence en ligne impeccable.<\/p>\n","protected":false},"featured_media":144221,"comment_status":"open","ping_status":"open","template":"","meta":[],"product_brand":[2433],"product_cat":[1242,1212,1213],"product_tag":[1366],"class_list":{"0":"post-112980","1":"product","2":"type-product","3":"status-publish","4":"has-post-thumbnail","6":"product_brand-themeforest","7":"product_cat-creatif","8":"product_cat-themes","9":"product_cat-wordpress-themes","10":"product_tag-themeforest","11":"member-discount","12":"discount-restricted","14":"first","15":"instock","16":"sale","17":"downloadable","18":"virtual","19":"sold-individually","20":"purchasable","21":"product-type-simple"},"_links":{"self":[{"href":"https:\/\/gpl-love.com\/fr\/wp-json\/wp\/v2\/product\/112980","targetHints":{"allow":["GET"]}}],"collection":[{"href":"https:\/\/gpl-love.com\/fr\/wp-json\/wp\/v2\/product"}],"about":[{"href":"https:\/\/gpl-love.com\/fr\/wp-json\/wp\/v2\/types\/product"}],"replies":[{"embeddable":true,"href":"https:\/\/gpl-love.com\/fr\/wp-json\/wp\/v2\/comments?post=112980"}],"wp:featuredmedia":[{"embeddable":true,"href":"https:\/\/gpl-love.com\/fr\/wp-json\/wp\/v2\/media\/144221"}],"wp:attachment":[{"href":"https:\/\/gpl-love.com\/fr\/wp-json\/wp\/v2\/media?parent=112980"}],"wp:term":[{"taxonomy":"product_brand","embeddable":true,"href":"https:\/\/gpl-love.com\/fr\/wp-json\/wp\/v2\/product_brand?post=112980"},{"taxonomy":"product_cat","embeddable":true,"href":"https:\/\/gpl-love.com\/fr\/wp-json\/wp\/v2\/product_cat?post=112980"},{"taxonomy":"product_tag","embeddable":true,"href":"https:\/\/gpl-love.com\/fr\/wp-json\/wp\/v2\/product_tag?post=112980"}],"curies":[{"name":"wp","href":"https:\/\/api.w.org\/{rel}","templated":true}]}}