{"id":112978,"date":"2022-06-01T00:00:00","date_gmt":"2022-05-31T22:00:00","guid":{"rendered":"http:\/\/gpl-love.com\/fr\/produit\/pearl-corporate-business-wordpress-theme\/"},"modified":"2026-04-10T18:36:17","modified_gmt":"2026-04-10T16:36:17","slug":"pearl-corporate-business-wordpress-theme","status":"publish","type":"product","link":"https:\/\/gpl-love.com\/fr\/produit\/pearl-corporate-business-wordpress-theme\/","title":{"rendered":"Pearl Corporate Business WordPress Theme 3.3.3"},"content":{"rendered":"<h3>Pearl Corporate Business WordPress Theme Traits<\/h3>\n<p>Le th\u00e8me WordPress d&rsquo;entreprise Pearl Corporate est un th\u00e8me incroyablement robuste et multiforme qui poss\u00e8de une pl\u00e9thore de fonctionnalit\u00e9s et d&rsquo;options de personnalisation sp\u00e9cialement adapt\u00e9es aux entreprises de toutes \u00e9chelles. Avec son design contemporain et tr\u00e8s convivial, ce th\u00e8me s&rsquo;av\u00e8re \u00eatre un choix id\u00e9al pour cr\u00e9er une pr\u00e9sence en ligne sophistiqu\u00e9e et captivante pour votre entreprise estim\u00e9e. De plus, ce th\u00e8me comprend une myriade de dispositions et de mod\u00e8les pr\u00e9-con\u00e7us qui facilitent une initiation fluide et transparente de votre site Web. De plus, vous avez la libert\u00e9 de personnaliser le th\u00e8me conform\u00e9ment \u00e0 la palette de couleurs et au style global distinctif de votre marque. De plus, le constructeur de pages glisser-d\u00e9poser int\u00e9gr\u00e9 vous permet de fabriquer des pages Web distinctives et convaincantes pour votre site Web avec la plus grande facilit\u00e9. Il convient de noter que la conception r\u00e9active de ce th\u00e8me et les caract\u00e9ristiques adapt\u00e9es au r\u00e9f\u00e9rencement en font une s\u00e9lection exceptionnelle pour toute entreprise commerciale pour \u00e9tablir une pr\u00e9sence en ligne robuste et remarquable.<\/p>\n<ul>\n<li>Th\u00e8me WordPress premium con\u00e7u pour les sites Web d&rsquo;entreprise et d&rsquo;entreprise<\/li>\n<li>7 types de publication personnalis\u00e9s, y compris les portefeuilles, les services et les t\u00e9moignages clients<\/li>\n<li>Enti\u00e8rement personnalisable avec plusieurs sch\u00e9mas de couleurs et l&rsquo;int\u00e9gration des polices Google<\/li>\n<li>La conception r\u00e9active garantit une exp\u00e9rience utilisateur sans couture sur n&rsquo;importe quel appareil<\/li>\n<li>Construit avec la vitesse et l&rsquo;optimisation SEO \u00e0 l&rsquo;esprit pour les performances optimales du site Web<\/li>\n<li>Importation de d\u00e9monstration en un clic pour configurer et personnaliser rapidement votre site Web<\/li>\n<li>S&rsquo;int\u00e8gre \u00e0 des plugins populaires tels que WooCommerce et Contact Form 7 pour ajouter des fonctionnalit\u00e9s<\/li>\n<li>\u00c9quipe d&rsquo;assistance d\u00e9di\u00e9e \u00e0 toute question ou probl\u00e8me<\/li>\n<\/ul>\n","protected":false},"excerpt":{"rendered":"<p>Le th\u00e8me WordPress d&rsquo;entreprise Pearl Corporate est un design exquis et sophistiqu\u00e9 qui s&rsquo;adresse aux entreprises d&rsquo;\u00e9chelles variables, englobant un large \u00e9ventail de tailles. B\u00e9n\u00e9ficiant d&rsquo;une disposition vierge et contemporaine, ce th\u00e8me est la quintessence de la perfection lorsqu&rsquo;il s&rsquo;agit de pr\u00e9senter les produits et services que votre entreprise estim\u00e9e offre. Impr\u00e9gn\u00e9 de la capacit\u00e9 exceptionnelle \u00e0 personnaliser les sections, un constructeur de page de glisser-d\u00e9poser intuitif, ainsi qu&rsquo;une pl\u00e9thore de pages et de dispositions pr\u00e9d\u00e9finies m\u00e9ticuleusement con\u00e7ues pour \u00e9lever l&rsquo;attrait visuel de votre site Web, ce th\u00e8me est un joyau absolu. En outre, il est \u00e9quip\u00e9 d&rsquo;une r\u00e9activit\u00e9 compl\u00e8te et d&rsquo;une optimisation pour les moteurs de recherche, garantissant que votre site Web d\u00e9gagera de l&rsquo;excellence sur n&rsquo;importe quel appareil et garantit une position de premier plan dans les classements de recherche de Google. Pr\u00e9parez-vous pour un saut monumental dans la trajectoire de votre entreprise avec l&rsquo;extraordinaire th\u00e8me WordPress d&rsquo;entreprise Pearl Business.<\/p>\n","protected":false},"featured_media":144942,"comment_status":"open","ping_status":"open","template":"","meta":[],"product_brand":[2433],"product_cat":[1516,1212,1213],"product_tag":[1366],"class_list":{"0":"post-112978","1":"product","2":"type-product","3":"status-publish","4":"has-post-thumbnail","6":"product_brand-themeforest","7":"product_cat-entreprise","8":"product_cat-themes","9":"product_cat-wordpress-themes","10":"product_tag-themeforest","11":"member-discount","12":"discount-restricted","14":"first","15":"instock","16":"sale","17":"downloadable","18":"virtual","19":"sold-individually","20":"purchasable","21":"product-type-simple"},"_links":{"self":[{"href":"https:\/\/gpl-love.com\/fr\/wp-json\/wp\/v2\/product\/112978","targetHints":{"allow":["GET"]}}],"collection":[{"href":"https:\/\/gpl-love.com\/fr\/wp-json\/wp\/v2\/product"}],"about":[{"href":"https:\/\/gpl-love.com\/fr\/wp-json\/wp\/v2\/types\/product"}],"replies":[{"embeddable":true,"href":"https:\/\/gpl-love.com\/fr\/wp-json\/wp\/v2\/comments?post=112978"}],"wp:featuredmedia":[{"embeddable":true,"href":"https:\/\/gpl-love.com\/fr\/wp-json\/wp\/v2\/media\/144942"}],"wp:attachment":[{"href":"https:\/\/gpl-love.com\/fr\/wp-json\/wp\/v2\/media?parent=112978"}],"wp:term":[{"taxonomy":"product_brand","embeddable":true,"href":"https:\/\/gpl-love.com\/fr\/wp-json\/wp\/v2\/product_brand?post=112978"},{"taxonomy":"product_cat","embeddable":true,"href":"https:\/\/gpl-love.com\/fr\/wp-json\/wp\/v2\/product_cat?post=112978"},{"taxonomy":"product_tag","embeddable":true,"href":"https:\/\/gpl-love.com\/fr\/wp-json\/wp\/v2\/product_tag?post=112978"}],"curies":[{"name":"wp","href":"https:\/\/api.w.org\/{rel}","templated":true}]}}