{"id":112977,"date":"2024-09-11T00:00:00","date_gmt":"2024-09-10T22:00:00","guid":{"rendered":"http:\/\/gpl-love.com\/fr\/produit\/darna-building-and-construction-wordpress-theme\/"},"modified":"2026-03-20T23:00:26","modified_gmt":"2026-03-20T22:00:26","slug":"darna-building-and-construction-wordpress-theme","status":"publish","type":"product","link":"https:\/\/gpl-love.com\/fr\/produit\/darna-building-and-construction-wordpress-theme\/","title":{"rendered":"Darna Building et Construction WordPress Theme 1.4.0"},"content":{"rendered":"<h3>Darna Building et Construction WordPress Theme Traits<\/h3>\n<p>Le th\u00e8me Darna Building and Construction WordPress offre une solution compl\u00e8te et innovante aux personnes cherchant \u00e0 \u00e9tablir un site Web professionnel et dynamique pour leur entreprise de construction ou de construction. B\u00e9n\u00e9ficiant d&rsquo;un design \u00e9l\u00e9gant et contemporain, ce th\u00e8me capture l&rsquo;attention de la client\u00e8le potentielle. Il est \u00e9quip\u00e9 de fonctionnalit\u00e9s avanc\u00e9es et d&rsquo;options de personnalisation, englobant les dispositions pr\u00e9-con\u00e7ues, une multitude de sch\u00e9mas de couleurs et de nombreux mod\u00e8les de pages. De plus, ce th\u00e8me int\u00e8gre un constructeur de pages glisser-d\u00e9poser des utilisateurs, facilitant la cr\u00e9ation de pages personnalis\u00e9es m\u00eame pour celles sans aucune expertise de codage. En raison de sa conception r\u00e9active, le th\u00e8me WordPress de construction et de construction Darna garantit que votre site Web d\u00e9gagera de l&rsquo;excellence sur n&rsquo;importe quel appareil num\u00e9rique. Dans l&rsquo;ensemble, ce th\u00e8me constitue un choix exceptionnel pour les personnes visant \u00e0 \u00e9tablir une formidable pr\u00e9sence en ligne pour leur construction ou leur entreprise de construction.<\/p>\n<ul>\n<li>Th\u00e8me WordPress hautement personnalisable et polyvalent sp\u00e9cialement con\u00e7u pour les entreprises de construction et de construction<\/li>\n<li>Le panneau d&rsquo;options de th\u00e8me avanc\u00e9 permet une personnalisation facile des polices, des couleurs, des dispositions et plus encore<\/li>\n<li>La conception enti\u00e8rement r\u00e9active garantit que votre site Web a fi\u00e8re allure sur tous les appareils, y compris les ordinateurs de bureau, les ordinateurs portables, les tablettes et les smartphones<\/li>\n<li>Les fonctionnalit\u00e9s conviviales du r\u00e9f\u00e9rencement aident votre site Web \u00e0 se classer plus haut dans les r\u00e9sultats des moteurs de recherche et \u00e0 attirer plus de visiteurs<\/li>\n<li>Compatible avec une large gamme de plugins populaires, ce qui facilite l&rsquo;ajout de fonctionnalit\u00e9s telles que les formulaires de contact, les galeries et les curseurs<\/li>\n<li>Comprend des pages pr\u00e9-construites pour les sections communes d&rsquo;un site Web de construction et de construction, telles que les services, les projets, les membres de l&rsquo;\u00e9quipe et les t\u00e9moignages<\/li>\n<li>La fonction d&rsquo;importation de d\u00e9monstration en un clic vous permet de configurer rapidement votre site Web avec un contenu de d\u00e9monstration qui peut \u00eatre facilement personnalis\u00e9 selon vos besoins<\/li>\n<li>Les mises \u00e0 jour du th\u00e8me r\u00e9gulier et l&rsquo;\u00e9quipe d&rsquo;assistance d\u00e9di\u00e9e s&rsquo;assurent que votre site Web reste \u00e0 jour et fonctionne en douceur<\/li>\n<li>Les frais d&rsquo;achat unique vous donnent un acc\u00e8s \u00e0 vie aux mises \u00e0 jour du th\u00e8me et au support<\/li>\n<li>Construit en utilisant un code propre et bien document\u00e9 qui est facile \u00e0 comprendre et \u00e0 modifier si n\u00e9cessaire<\/li>\n<\/ul>\n","protected":false},"excerpt":{"rendered":"<p>Pr\u00e9sentation du th\u00e8me WordPress Building and Construction Darna, la solution num\u00e9rique parfaite pour les entrepreneurs dans l&rsquo;industrie de la construction. Ce th\u00e8me est con\u00e7u avec les derni\u00e8res technologies et comprend des fonctionnalit\u00e9s de premier ordre qui font ressortir votre site Web, comme une conception r\u00e9active, une compatibilit\u00e9 entre les navigateurs et une pl\u00e9thore d&rsquo;options de personnalisation. Avec Darna, vous pouvez pr\u00e9senter vos projets de construction, vos services et votre \u00e9quipe professionnelle, cr\u00e9ant une pr\u00e9sence en ligne efficace qui peut aider \u00e0 attirer des clients potentiels. De plus, le th\u00e8me est enti\u00e8rement optimis\u00e9 en SEO, garantissant que votre site obtient une visibilit\u00e9 maximale sur les moteurs de recherche. Darna comprend \u00e9galement une interface conviviale et une documentation d\u00e9taill\u00e9e, ce qui facilite la configuration et la gestion de son site Web, m\u00eame pour les d\u00e9butants WordPress. Stimulez votre entreprise et impressionnez vos clients avec le th\u00e8me WordPress Building and Construction.<\/p>\n","protected":false},"featured_media":143512,"comment_status":"open","ping_status":"open","template":"","meta":[],"product_brand":[2433],"product_cat":[1356,1212,1213],"product_tag":[1366],"class_list":{"0":"post-112977","1":"product","2":"type-product","3":"status-publish","4":"has-post-thumbnail","6":"product_brand-themeforest","7":"product_cat-immobilier","8":"product_cat-themes","9":"product_cat-wordpress-themes","10":"product_tag-themeforest","11":"member-discount","12":"discount-restricted","14":"first","15":"instock","16":"sale","17":"downloadable","18":"virtual","19":"sold-individually","20":"purchasable","21":"product-type-simple"},"_links":{"self":[{"href":"https:\/\/gpl-love.com\/fr\/wp-json\/wp\/v2\/product\/112977","targetHints":{"allow":["GET"]}}],"collection":[{"href":"https:\/\/gpl-love.com\/fr\/wp-json\/wp\/v2\/product"}],"about":[{"href":"https:\/\/gpl-love.com\/fr\/wp-json\/wp\/v2\/types\/product"}],"replies":[{"embeddable":true,"href":"https:\/\/gpl-love.com\/fr\/wp-json\/wp\/v2\/comments?post=112977"}],"wp:featuredmedia":[{"embeddable":true,"href":"https:\/\/gpl-love.com\/fr\/wp-json\/wp\/v2\/media\/143512"}],"wp:attachment":[{"href":"https:\/\/gpl-love.com\/fr\/wp-json\/wp\/v2\/media?parent=112977"}],"wp:term":[{"taxonomy":"product_brand","embeddable":true,"href":"https:\/\/gpl-love.com\/fr\/wp-json\/wp\/v2\/product_brand?post=112977"},{"taxonomy":"product_cat","embeddable":true,"href":"https:\/\/gpl-love.com\/fr\/wp-json\/wp\/v2\/product_cat?post=112977"},{"taxonomy":"product_tag","embeddable":true,"href":"https:\/\/gpl-love.com\/fr\/wp-json\/wp\/v2\/product_tag?post=112977"}],"curies":[{"name":"wp","href":"https:\/\/api.w.org\/{rel}","templated":true}]}}