{"id":112975,"date":"2025-07-23T00:00:00","date_gmt":"2025-07-22T22:00:00","guid":{"rendered":"http:\/\/gpl-love.com\/fr\/produit\/generatepress-premium-responsive-wordpress-theme\/"},"modified":"2026-03-20T23:16:05","modified_gmt":"2026-03-20T22:16:05","slug":"generatepress-premium-responsive-wordpress-theme","status":"publish","type":"product","link":"https:\/\/gpl-love.com\/fr\/produit\/generatepress-premium-responsive-wordpress-theme\/","title":{"rendered":"GeneratePress Premium Addon 2.5.5"},"content":{"rendered":"<h3>GeneratePress Premium Addon Traits<\/h3>\n<p>GeneratePress Premium Addon, un plugin WordPress tr\u00e8s efficace, offre aux utilisateurs une large gamme de fonctionnalit\u00e9s et de fonctionnalit\u00e9s avanc\u00e9es pour am\u00e9liorer consid\u00e9rablement la conception et les performances globales de leur site Web. Cet addon incroyablement polyvalent accorde aux utilisateurs un acc\u00e8s sans restriction \u00e0 une vaste biblioth\u00e8que de mod\u00e8les pr\u00e9d\u00e9finis et de widgets personnalis\u00e9s, ainsi que l&rsquo;offre de typographie et d&rsquo;options de couleurs avanc\u00e9es, d&rsquo;images d&rsquo;arri\u00e8re-plan et de constructeurs de pages. Gr\u00e2ce \u00e0 son interface conviviale et \u00e0 ses contr\u00f4les exceptionnellement intuitifs, les utilisateurs GeneratePress Premium permettent aux utilisateurs de personnaliser sans effort chaque aspect de leur site Web, allant de la mise en page et de la conception au contenu et aux fonctionnalit\u00e9s. Que vous ayez une exp\u00e9rience limit\u00e9e ou que vous soyez un utilisateur de WordPress chevronn\u00e9, cet addon sert ind\u00e9niablement d&rsquo;outil indispensable pour quiconque s&rsquo;efforce de cr\u00e9er un site Web \u00e0 la fois professionnel et captivant. Par cons\u00e9quent, si vous \u00eates \u00e0 la recherche d&rsquo;un addon WordPress exceptionnellement puissant et polyvalent capable de propulser votre site Web \u00e0 des hauteurs sans pr\u00e9c\u00e9dent, vous n&rsquo;avez pas besoin de chercher plus loin que l&rsquo;addon Premium GeneratePress tr\u00e8s impressionnant.<\/p>\n<ul>\n<li>\u00c9tend la fonctionnalit\u00e9 du th\u00e8me GeneratePress<\/li>\n<li>Ajoute des fonctionnalit\u00e9s suppl\u00e9mentaires et des options de personnalisation<\/li>\n<li>Comprend 14 nouveaux modules pour cr\u00e9er des dispositions et des conceptions personnalis\u00e9es<\/li>\n<li>Permet un plus grand contr\u00f4le sur la typographie et les choix de polices<\/li>\n<li>Ajoute des options de t\u00eate et de pied de page avanc\u00e9es pour plus de flexibilit\u00e9 de conception<\/li>\n<li>Comprend le support WooCommerce pour les magasins en ligne<\/li>\n<li>Donne acc\u00e8s \u00e0 une biblioth\u00e8que croissante de mod\u00e8les et de conceptions pr\u00e9d\u00e9finis<\/li>\n<li>Compatible avec les constructeurs de pages populaires comme Elementor et Beaver Builder<\/li>\n<li>Propose un \u00e9tiquetage blanc pour les agences et les d\u00e9veloppeurs<\/li>\n<li>Paiement unique pour les mises \u00e0 jour et le support \u00e0 vie<\/li>\n<\/ul>\n","protected":false},"excerpt":{"rendered":"<p>Le GeneratePress Premium Addon, un outil robuste m\u00e9ticuleusement con\u00e7u pour amplifier les capacit\u00e9s de votre site Web construites sur le th\u00e8me de GeneratePress estim\u00e9, pr\u00e9sente un \u00e9ventail de choix de personnalisation sophistiqu\u00e9s et d&rsquo;attributs suppl\u00e9mentaires englobant une typographie de pointe, une int\u00e9gration transparente avec WooCommerce, un en-t\u00eate ing\u00e9nieux et un pied constructeur, et un assortiment d&rsquo;autres caract\u00e9ristiques remarquables. En exploitant le potentiel de cet addon extraordinaire, vous pouvez propulser sans effort votre site Web \u00e0 des sommets inexplor\u00e9s et forger une exp\u00e9rience utilisateur in\u00e9gal\u00e9e qui s&rsquo;aligne impeccablement avec vos exigences sp\u00e9cifiques. De plus, l&rsquo;installation et l&rsquo;utilisation de cet addon extraordinaire sont incroyablement conviviales, renforc\u00e9es par des mises \u00e0 jour fr\u00e9quentes et un support client in\u00e9branlable de la plus grande qualit\u00e9.<\/p>\n","protected":false},"featured_media":143957,"comment_status":"open","ping_status":"open","template":"","meta":[],"product_brand":[2559],"product_cat":[1189,1181,1186],"product_tag":[1832],"class_list":{"0":"post-112975","1":"product","2":"type-product","3":"status-publish","4":"has-post-thumbnail","6":"product_brand-generatepress","7":"product_cat-personnalisation","8":"product_cat-plugins","9":"product_cat-wordpress-plugins","10":"product_tag-generatepress","11":"member-discount","12":"discount-restricted","14":"first","15":"instock","16":"sale","17":"downloadable","18":"virtual","19":"sold-individually","20":"purchasable","21":"product-type-simple"},"_links":{"self":[{"href":"https:\/\/gpl-love.com\/fr\/wp-json\/wp\/v2\/product\/112975","targetHints":{"allow":["GET"]}}],"collection":[{"href":"https:\/\/gpl-love.com\/fr\/wp-json\/wp\/v2\/product"}],"about":[{"href":"https:\/\/gpl-love.com\/fr\/wp-json\/wp\/v2\/types\/product"}],"replies":[{"embeddable":true,"href":"https:\/\/gpl-love.com\/fr\/wp-json\/wp\/v2\/comments?post=112975"}],"wp:featuredmedia":[{"embeddable":true,"href":"https:\/\/gpl-love.com\/fr\/wp-json\/wp\/v2\/media\/143957"}],"wp:attachment":[{"href":"https:\/\/gpl-love.com\/fr\/wp-json\/wp\/v2\/media?parent=112975"}],"wp:term":[{"taxonomy":"product_brand","embeddable":true,"href":"https:\/\/gpl-love.com\/fr\/wp-json\/wp\/v2\/product_brand?post=112975"},{"taxonomy":"product_cat","embeddable":true,"href":"https:\/\/gpl-love.com\/fr\/wp-json\/wp\/v2\/product_cat?post=112975"},{"taxonomy":"product_tag","embeddable":true,"href":"https:\/\/gpl-love.com\/fr\/wp-json\/wp\/v2\/product_tag?post=112975"}],"curies":[{"name":"wp","href":"https:\/\/api.w.org\/{rel}","templated":true}]}}