{"id":112973,"date":"2021-12-31T00:00:00","date_gmt":"2021-12-30T23:00:00","guid":{"rendered":"http:\/\/gpl-love.com\/fr\/produit\/automotive-car-dealership-business-wordpress-theme\/"},"modified":"2026-03-20T22:55:40","modified_gmt":"2026-03-20T21:55:40","slug":"automotive-car-dealership-business-wordpress-theme","status":"publish","type":"product","link":"https:\/\/gpl-love.com\/fr\/produit\/automotive-car-dealership-business-wordpress-theme\/","title":{"rendered":"Automotive Car Dealership Business WordPress Theme 12.5"},"content":{"rendered":"<h3>Automotive Car Dealership Business WordPress Theme Traits<\/h3>\n<p>Le th\u00e8me WordPress commercial de concessionnaires automobiles, qui est un mod\u00e8le de premier ordre, a \u00e9t\u00e9 ing\u00e9nieusement con\u00e7u pour r\u00e9pondre sp\u00e9cifiquement aux besoins et aux exigences exigeants des concessionnaires automobiles ainsi que d&rsquo;autres entreprises automobiles. B\u00e9n\u00e9ficiant d&rsquo;un design extr\u00eamement moderne et \u00e9l\u00e9gant, ce th\u00e8me int\u00e8gre parfaitement une pl\u00e9thore de fonctionnalit\u00e9s de pointe qui vous laisseront compl\u00e8tement impressionn\u00e9. De ses dispositions de page d&rsquo;accueil hautement personnalisables \u00e0 son syst\u00e8me de gestion des stocks de v\u00e9hicules sans pr\u00e9c\u00e9dent, sans parler de ses filtres de recherche pratiques qui facilitent la navigation sans effort, ce th\u00e8me a vraiment tout. En outre, il propose une gamme d&rsquo;options de recherche avanc\u00e9es, de cartes de localisation et m\u00eame de syst\u00e8mes de r\u00e9servation de rendez-vous, tous visant \u00e0 augmenter et \u00e0 \u00e9lever l&rsquo;exp\u00e9rience globale de vos clients estim\u00e9s. De plus, il est essentiel de mettre en \u00e9vidence le fait que ce th\u00e8me est enti\u00e8rement r\u00e9actif et parfaitement compatible avec une vaste gamme d&rsquo;appareils, garantissant ainsi une interface utilisateur am\u00e9lior\u00e9e et optimis\u00e9e. En r\u00e9sum\u00e9, le th\u00e8me WordPress du concessionnaire automobile de voitures propose sans effort une solution compl\u00e8te et globale pour les personnes \u00e0 la recherche d&rsquo;un moyen d&rsquo;\u00e9tablir une pr\u00e9sence en ligne tr\u00e8s professionnelle et engageante pour leur entreprise automobile estim\u00e9e.<\/p>\n<ul>\n<li>Conception de sites Web professionnels et polis sp\u00e9cialement adapt\u00e9s aux entreprises de concessionnaires automobiles automobiles<\/li>\n<li>Page d&rsquo;accueil personnalisable avec g\u00e9n\u00e9rateur de page de glisser-d\u00e9poser intuitif<\/li>\n<li>Plusieurs pages et mod\u00e8les pr\u00e9-construits pour les besoins courants des concessionnaires, tels que les listes d&rsquo;inventaire et les services de service<\/li>\n<li>Fonctionnalit\u00e9 avanc\u00e9e de recherche et de filtrage pour la navigation de v\u00e9hicule facile<\/li>\n<li>Int\u00e9gration avec des outils tiers populaires tels que Carfax et Kelley Blue Book<\/li>\n<li>Capacit\u00e9s automatis\u00e9es de gestion des stocks et d&rsquo;importation de v\u00e9hicules<\/li>\n<li>Processus de demande de cr\u00e9dit en ligne simple et s\u00e9curis\u00e9 pour les clients<\/li>\n<li>Conception conviviale pour la navigation sans couture sur n&rsquo;importe quel appareil<\/li>\n<li>SEO optimis\u00e9 pour am\u00e9liorer le classement des moteurs de recherche et la visibilit\u00e9<\/li>\n<li>Construit sur la plate-forme WordPress puissante et conviviale pour une gestion et des mises \u00e0 jour faciles de site Web.<\/li>\n<\/ul>\n","protected":false},"excerpt":{"rendered":"<p>Pr\u00e9sentation du th\u00e8me WordPress commercial de notre concessionnaire automobile, une solution parfaite pour vos besoins commerciaux automobiles. Ce th\u00e8me est con\u00e7u sp\u00e9cifiquement pour les concessionnaires automobiles, les entreprises automobiles, les services de location de voitures et d&rsquo;autres entreprises connexes. Il s&rsquo;agit d&rsquo;un th\u00e8me convivial et hautement personnalisable qui est livr\u00e9 avec une interface facile \u00e0 utiliser, ce qui rend simple m\u00eame pour les d\u00e9butants pour cr\u00e9er un site Web professionnel sans comp\u00e9tences de codage requises. Le th\u00e8me comprend des fonctionnalit\u00e9s de recherche avanc\u00e9es, permettant \u00e0 vos clients de trouver le mod\u00e8le de v\u00e9hicule qu&rsquo;ils recherchent en quelques clics. Il est enti\u00e8rement r\u00e9actif, garantissant que votre site Web sera parfait sur n&rsquo;importe quel appareil. Avec son design \u00e9l\u00e9gant et ses fonctionnalit\u00e9s puissantes, le th\u00e8me WordPress commercial de concessionnaires automobiles est un excellent choix pour stimuler votre pr\u00e9sence en ligne et attirer des clients potentiels.<\/p>\n","protected":false},"featured_media":143200,"comment_status":"open","ping_status":"open","template":"","meta":[],"product_brand":[2433],"product_cat":[1516,1212,1213],"product_tag":[1366],"class_list":{"0":"post-112973","1":"product","2":"type-product","3":"status-publish","4":"has-post-thumbnail","6":"product_brand-themeforest","7":"product_cat-entreprise","8":"product_cat-themes","9":"product_cat-wordpress-themes","10":"product_tag-themeforest","11":"member-discount","12":"discount-restricted","14":"first","15":"instock","16":"sale","17":"downloadable","18":"virtual","19":"sold-individually","20":"purchasable","21":"product-type-simple"},"_links":{"self":[{"href":"https:\/\/gpl-love.com\/fr\/wp-json\/wp\/v2\/product\/112973","targetHints":{"allow":["GET"]}}],"collection":[{"href":"https:\/\/gpl-love.com\/fr\/wp-json\/wp\/v2\/product"}],"about":[{"href":"https:\/\/gpl-love.com\/fr\/wp-json\/wp\/v2\/types\/product"}],"replies":[{"embeddable":true,"href":"https:\/\/gpl-love.com\/fr\/wp-json\/wp\/v2\/comments?post=112973"}],"wp:featuredmedia":[{"embeddable":true,"href":"https:\/\/gpl-love.com\/fr\/wp-json\/wp\/v2\/media\/143200"}],"wp:attachment":[{"href":"https:\/\/gpl-love.com\/fr\/wp-json\/wp\/v2\/media?parent=112973"}],"wp:term":[{"taxonomy":"product_brand","embeddable":true,"href":"https:\/\/gpl-love.com\/fr\/wp-json\/wp\/v2\/product_brand?post=112973"},{"taxonomy":"product_cat","embeddable":true,"href":"https:\/\/gpl-love.com\/fr\/wp-json\/wp\/v2\/product_cat?post=112973"},{"taxonomy":"product_tag","embeddable":true,"href":"https:\/\/gpl-love.com\/fr\/wp-json\/wp\/v2\/product_tag?post=112973"}],"curies":[{"name":"wp","href":"https:\/\/api.w.org\/{rel}","templated":true}]}}